{"id":1599,"date":"2025-09-29T16:21:12","date_gmt":"2025-09-29T14:21:12","guid":{"rendered":"https:\/\/eco-market24.com\/product\/eco-modular-modulaarne-taaskasutuse-prugikast-3-x-50-l-must\/"},"modified":"2025-09-29T20:02:30","modified_gmt":"2025-09-29T18:02:30","slug":"eco-modular-modulaarne-taaskasutuse-prugikast-3-x-50-l-must","status":"publish","type":"product","link":"https:\/\/eco-market24.com\/et\/toode\/eco-modular-modulaarne-taaskasutuse-prugikast-3-x-50-l-must\/","title":{"rendered":"Eco Modular modulaarne taaskasutuse pr\u00fcgikast, 3 \u00d7 50 l, must"},"content":{"rendered":"<p>Ringluspr\u00fcgikast \u2014 ideaalne linnadele, parklaaladele ja haljasaladele<br \/>\n\u00d6ko-moodulringluspr\u00fcgikast 3 \u00d7 50 L (must, RAL 9005) v\u00f5imaldab lihtsat p\u00f5hik\u00f5lbliku j\u00e4\u00e4tmete sorteerimise rakendamist v\u00e4lispindadel. K\u00f5rgekvaliteedilisest materjalist ja minimalistliku disainiga eraldatud pr\u00fcgikast sobib avalikesse kohtadesse nagu kontorihooned, riigiasutused, koolid, haiglad, pargid, v\u00e4ljakud, m\u00e4nguv\u00e4ljakud, spordiv\u00e4ljakud, basseinid, parklad ja elamukvartalid. Seade on vaba\u00fchendusega konstruktsiooniga.<\/p>\n<p>Vastupidav, ilmastiku- ja kahjustuskindel konstruktsioon<br \/>\nPr\u00fcgikast on valmistatud 0,8 mm tsingitud terasest pulberv\u00e4rvkattega, tagades vastupidavuse vihmale, pakasele, UV-kiirgusele ja k\u00f5rgetele temperatuuridele. Tugev valmistus muudab kasti pikaealiseks ja kahjustuskindlaks ning selle minimalistlik must viimistlus (RAL 9005) sobitub h\u00e4sti nii linnakeskkonda kui ka rohealadega.<\/p>\n<p>Praktiline disain lihtsaks kasutamiseks ja hoolduseks<\/p>\n<p>  Vaba\u00fchendusega konstruktsioon optimaalse stabiilsuse ja liigutamise h\u00f5lbustamiseks.<br \/>\n  Tsinkitud terasest sisendid lihtsustavad t\u00fchjendamist ja puhastamist.<br \/>\n  Suured sisseviskeavad v\u00f5imaldavad asetada suuremaid j\u00e4\u00e4tmeid.<br \/>\n  Eemaldatavad kaaned t\u00fchjendamise h\u00f5lbustamiseks.<\/p>\n<p>Sorteerimisv\u00f5imalused (kleepsud kaasas)<br \/>\nMooduldisain v\u00f5imaldab valida sorteerimiskleepsude vahel (saadetakse kasti kaasa enesepaigaldamiseks) j\u00e4rgmistes v\u00e4rvitoonides ja j\u00e4\u00e4tmeliikides:<\/p>\n<p>  Must \u2014 segaj\u00e4\u00e4tmed<br \/>\n  Pruun \u2014 bioj\u00e4\u00e4tmed<br \/>\n  Sinine \u2014 paber<br \/>\n  Kollane \u2014 plastid ja metallid<br \/>\n  Roheline \u2014 klaas<\/p>\n<p>Oluline teave<\/p>\n<p>  Mahutavus: 3 \u00d7 50 L<br \/>\n  Materjal: 0,8 mm tsingitud teras<br \/>\n  Viimistlus: pulberv\u00e4rv, must (RAL 9005)<br \/>\n  Sisendid: tsingitud teras<br \/>\n  Kaaned: avatavad \/ eemaldatavad<br \/>\n  Konstruktsioon: vaba\u00fchendusega<\/p>\n","protected":false},"excerpt":{"rendered":"<p>Sortimiskonteiner \u2014 ideaalne linnadele, parkimisaladele ja haljasaladele. Must ECO Modular 3\u00d750 L sortimiskonteiner on modulaarne lahendus, mis lihtsustab j\u00e4\u00e4tmete sorteerimist igas v\u00e4li- v\u00f5i \u00f5uealal.<\/p>\n","protected":false},"featured_media":1903,"comment_status":"open","ping_status":"closed","template":"","meta":[],"product_brand":[],"product_cat":[70],"product_tag":[],"class_list":{"0":"post-1599","1":"product","2":"type-product","3":"status-publish","4":"has-post-thumbnail","6":"product_cat-waste-containers","8":"first","9":"instock","10":"taxable","11":"shipping-taxable","12":"purchasable","13":"product-type-simple"},"_links":{"self":[{"href":"https:\/\/eco-market24.com\/et\/wp-json\/wp\/v2\/product\/1599","targetHints":{"allow":["GET"]}}],"collection":[{"href":"https:\/\/eco-market24.com\/et\/wp-json\/wp\/v2\/product"}],"about":[{"href":"https:\/\/eco-market24.com\/et\/wp-json\/wp\/v2\/types\/product"}],"replies":[{"embeddable":true,"href":"https:\/\/eco-market24.com\/et\/wp-json\/wp\/v2\/comments?post=1599"}],"wp:featuredmedia":[{"embeddable":true,"href":"https:\/\/eco-market24.com\/et\/wp-json\/wp\/v2\/media\/1903"}],"wp:attachment":[{"href":"https:\/\/eco-market24.com\/et\/wp-json\/wp\/v2\/media?parent=1599"}],"wp:term":[{"taxonomy":"product_brand","embeddable":true,"href":"https:\/\/eco-market24.com\/et\/wp-json\/wp\/v2\/product_brand?post=1599"},{"taxonomy":"product_cat","embeddable":true,"href":"https:\/\/eco-market24.com\/et\/wp-json\/wp\/v2\/product_cat?post=1599"},{"taxonomy":"product_tag","embeddable":true,"href":"https:\/\/eco-market24.com\/et\/wp-json\/wp\/v2\/product_tag?post=1599"}],"curies":[{"name":"wp","href":"https:\/\/api.w.org\/{rel}","templated":true}]}}