{"id":1600,"date":"2025-09-29T16:21:05","date_gmt":"2025-09-29T14:21:05","guid":{"rendered":"https:\/\/eco-market24.com\/product\/bin-street-roostevaba-teras-metropolitan-50-l\/"},"modified":"2025-09-29T20:02:44","modified_gmt":"2025-09-29T18:02:44","slug":"bin-street-roostevaba-teras-metropolitan-50-l","status":"publish","type":"product","link":"https:\/\/eco-market24.com\/et\/toode\/bin-street-roostevaba-teras-metropolitan-50-l\/","title":{"rendered":"Bin Street roostevaba teras Metropolitan 50 l"},"content":{"rendered":"<p>Roostevabast terasest pr\u00fcgikast \u2014 linnadele, omavalitsustele, haljasaladele<br \/>\nMetropolitan 50 l roostevabast terasest t\u00e4navapr\u00fcgikast on erakordselt funktsionaalne ja esteetiline lahendus v\u00e4lialadele. Sisseehitatud tuhatoosiga sobib see suure jalak\u00e4ijaliiklusega kohtadesse nagu k\u00f5nniteed, linnav\u00e4ljakud, bussipeatused ja kaubanduskeskuste l\u00e4hedus. Samuti sulandub harmooniliselt vaba aja veetmise aladesse nagu pargid, aiad, v\u00e4ljakud ja jalutusrajad ning sobib elamukvartalitesse, hotellide sisehoovidesse, spordirajatiste ja tanklate juurde.<\/p>\n<p>Konstruktsioon ja materjalid<br \/>\nSee pr\u00fcgikast on roostevabast terasest v\u00e4rvi konstruktsiooniga ja dekoratiivsete komposiitpuit (WPC) latikutega. Kasutatud materjalid:<\/p>\n<p>  Roostevaba teras \u2014 v\u00e4ga vastupidav, korrosioonikindel ja mehaaniliste kahjustuste suhtes vastupidav, sobib v\u00e4litingimustesse.<br \/>\n  WPC (komposiitpuit) latid \u2014 loodusliku puidu v\u00e4limus kombineerituna niiskuse, hallituse ja temperatuurik\u00f5ikumiste taluvusega.<\/p>\n<p>Esteetika ja vastupidavus<br \/>\nRoostevaba terase ja WPC latide kombinatsioon \u00fchendab kaasaegse minimalismi ning naturaalse materjali soojust. Elegantselt metallne viimistlus ja puidulaadsed aktsendid annavad prestii\u017ese ilme, s\u00e4ilitades samal ajal esteetilised ja funktsionaalsed omadused aastateks.<\/p>\n<p>Mugavaks kasutamiseks disainitud<\/p>\n<p>  Tsingitud terasest sisemine korv sileda pinnaga \u2014 lihtne puhastada ja mustusekindel.<br \/>\n  Praktilised k\u00e4epidemed \u2014 kiireks t\u00fchjendamiseks ja mugavaks k\u00e4sitsemiseks.<br \/>\n  Kaanes integreeritud terasest tuhatoos \u2014 suitsukonide ohutuks kustutamiseks ja pr\u00fcgistamise v\u00e4hendamiseks.<br \/>\n  Hargk\u00e4\u00e4ndega uksed \u2014 v\u00f5imaldavad kerget juurdep\u00e4\u00e4su korvile; tugev konstruktsioon tagab turvalisuse ja vastupidavuse avalikes kohtades.<\/p>\n<p>P\u00f5hiandmed<\/p>\n<p>  Mahutavus: 50 liitrit<br \/>\n  Konstruktsioon: 1 mm paksune roostevaba teras<br \/>\n  Latid: WPC komposiitpuit<br \/>\n  Sisemine korv: tsingitud teras<br \/>\n  Juurdep\u00e4\u00e4s: hargk\u00e4\u00e4ndega uksed<br \/>\n  Lisa: tuhatoos<\/p>\n","protected":false},"excerpt":{"rendered":"<p>Roostevabast terasest pr\u00fcgikast \u2014 ideaalne linnadele, omavalitsustele ja haljasaladele. Bin Street Metropolitan 50 L \u00fchendab erakordse funktsionaalsuse ja esteetika, pakkudes vastupidavat ning suure j\u00f5udlusega j\u00e4\u00e4tmek\u00e4itlust erinevatele v\u00e4liruumidele.<\/p>\n","protected":false},"featured_media":1904,"comment_status":"open","ping_status":"closed","template":"","meta":[],"product_brand":[],"product_cat":[167],"product_tag":[],"class_list":{"0":"post-1600","1":"product","2":"type-product","3":"status-publish","4":"has-post-thumbnail","6":"product_cat-tanava-ja-pargiprugikastid","8":"first","9":"instock","10":"taxable","11":"shipping-taxable","12":"purchasable","13":"product-type-simple"},"_links":{"self":[{"href":"https:\/\/eco-market24.com\/et\/wp-json\/wp\/v2\/product\/1600","targetHints":{"allow":["GET"]}}],"collection":[{"href":"https:\/\/eco-market24.com\/et\/wp-json\/wp\/v2\/product"}],"about":[{"href":"https:\/\/eco-market24.com\/et\/wp-json\/wp\/v2\/types\/product"}],"replies":[{"embeddable":true,"href":"https:\/\/eco-market24.com\/et\/wp-json\/wp\/v2\/comments?post=1600"}],"wp:featuredmedia":[{"embeddable":true,"href":"https:\/\/eco-market24.com\/et\/wp-json\/wp\/v2\/media\/1904"}],"wp:attachment":[{"href":"https:\/\/eco-market24.com\/et\/wp-json\/wp\/v2\/media?parent=1600"}],"wp:term":[{"taxonomy":"product_brand","embeddable":true,"href":"https:\/\/eco-market24.com\/et\/wp-json\/wp\/v2\/product_brand?post=1600"},{"taxonomy":"product_cat","embeddable":true,"href":"https:\/\/eco-market24.com\/et\/wp-json\/wp\/v2\/product_cat?post=1600"},{"taxonomy":"product_tag","embeddable":true,"href":"https:\/\/eco-market24.com\/et\/wp-json\/wp\/v2\/product_tag?post=1600"}],"curies":[{"name":"wp","href":"https:\/\/api.w.org\/{rel}","templated":true}]}}