{"id":1611,"date":"2025-09-29T16:21:21","date_gmt":"2025-09-29T14:21:21","guid":{"rendered":"https:\/\/eco-market24.com\/product\/3-osaline-sorteerimisprugikast-eco-estri-3-x-60-l-galvaniseeritud\/"},"modified":"2025-09-29T20:02:17","modified_gmt":"2025-09-29T18:02:17","slug":"3-osaline-sorteerimisprugikast-eco-estri-3-x-60-l-galvaniseeritud","status":"publish","type":"product","link":"https:\/\/eco-market24.com\/et\/toode\/3-osaline-sorteerimisprugikast-eco-estri-3-x-60-l-galvaniseeritud\/","title":{"rendered":"3-osaline sorteerimispr\u00fcgikast Eco Estri 3 x 60 L, galvaniseeritud"},"content":{"rendered":"<p>Komplekt 3 j\u00e4\u00e4tmekonteinerit sorteerimiseks \u2014 eco estri 3 x 60 L<\/p>\n<p>Funktsionaalne kolmeruumiline taaskasutuskonteiner sobib avalikku ruumi ja suletud objektidesse. M\u00f5eldud sise- ja v\u00e4litingimustesse, ideaalne koolidele, omavalitsuse kontoritele, haiglatele, parkimiskohtadele, bensiinijaamadele, m\u00e4nguv\u00e4ljakutele, l\u00f5bustusparkidele, kinodele, muuseumitele ja teatritele.<\/p>\n<p>Tehnilised andmed<\/p>\n<p>  Mahutavus: 3 \u00d7 60 L<br \/>\n  V\u00e4rv: Grafiit (RAL 7021)<br \/>\n  Materjal: Kuumtsingitud teras (korrosioonivastane, UV-, ilmastiku- ja mehaaniliste kahjustuste eest kaitstud)<br \/>\n  Kasutus: Sise- ja v\u00e4litingimustes<\/p>\n<p>Lisatud ja funktsionaalsed omadused<\/p>\n<p>  V\u00e4rvilised kleebised fraktsioonide nimedega saadetakse eraldi enesepaigaldamiseks<br \/>\n  Kottide r\u00f5ngad (sobivad 120 L kottidele), et kotid ei kukuks p\u00f5hja<br \/>\n  Kolm uksega lukustatavat luuki piiratud juurdep\u00e4\u00e4suks<br \/>\n  Paigaldusaugud moodulite omavaheliseks liitmiseks<\/p>\n<p>Fraktsioonide kleebiste v\u00e4rvid<\/p>\n<p>  Segaj\u00e4\u00e4tmed \u2014 grafiit<br \/>\n  Plastid ja metallid \u2014 kollane<br \/>\n  Paber \u2014 sinine<br \/>\n  Klaas \u2014 roheline<br \/>\n  Bioj\u00e4\u00e4tmed \u2014 pruun<\/p>\n<p>Olulisemad omadused kokkuv\u00f5ttes<\/p>\n<p>  Mahutavus: 3 \u00d7 60 L<br \/>\n  Grafiitv\u00e4rv (RAL 7021)<br \/>\n  Kuumtsingitud terasest konstruktsioon<br \/>\n  Sobiv sise- ja v\u00e4litingimustesse<br \/>\n  V\u00e4rvilised kleebised selektiivseks j\u00e4\u00e4tmekogumiseks (saadetakse eraldi)<br \/>\n  Kottide r\u00f5ngad ja lukustatavad uksed<br \/>\n  Moodulite \u00fchendamise v\u00f5imalus paigaldusaukude kaudu<\/p>\n","protected":false},"excerpt":{"rendered":"<p>Komplekt 3 \u00d7 60 l taaskasutusj\u00e4\u00e4tmete konteinerit avalikesse ja siseruumidesse \u2014 Eco Estri 3-kambriline sorteerimiss\u00fcsteem: vastupidav, funktsionaalne lahendus keskkonnas\u00f5bralike p\u00f5hipraktikate rakendamiseks.<\/p>\n","protected":false},"featured_media":1911,"comment_status":"open","ping_status":"closed","template":"","meta":[],"product_brand":[],"product_cat":[70],"product_tag":[],"class_list":{"0":"post-1611","1":"product","2":"type-product","3":"status-publish","4":"has-post-thumbnail","6":"product_cat-waste-containers","8":"first","9":"instock","10":"taxable","11":"shipping-taxable","12":"purchasable","13":"product-type-simple"},"_links":{"self":[{"href":"https:\/\/eco-market24.com\/et\/wp-json\/wp\/v2\/product\/1611","targetHints":{"allow":["GET"]}}],"collection":[{"href":"https:\/\/eco-market24.com\/et\/wp-json\/wp\/v2\/product"}],"about":[{"href":"https:\/\/eco-market24.com\/et\/wp-json\/wp\/v2\/types\/product"}],"replies":[{"embeddable":true,"href":"https:\/\/eco-market24.com\/et\/wp-json\/wp\/v2\/comments?post=1611"}],"wp:featuredmedia":[{"embeddable":true,"href":"https:\/\/eco-market24.com\/et\/wp-json\/wp\/v2\/media\/1911"}],"wp:attachment":[{"href":"https:\/\/eco-market24.com\/et\/wp-json\/wp\/v2\/media?parent=1611"}],"wp:term":[{"taxonomy":"product_brand","embeddable":true,"href":"https:\/\/eco-market24.com\/et\/wp-json\/wp\/v2\/product_brand?post=1611"},{"taxonomy":"product_cat","embeddable":true,"href":"https:\/\/eco-market24.com\/et\/wp-json\/wp\/v2\/product_cat?post=1611"},{"taxonomy":"product_tag","embeddable":true,"href":"https:\/\/eco-market24.com\/et\/wp-json\/wp\/v2\/product_tag?post=1611"}],"curies":[{"name":"wp","href":"https:\/\/api.w.org\/{rel}","templated":true}]}}