{"id":1633,"date":"2025-09-29T16:21:07","date_gmt":"2025-09-29T14:21:07","guid":{"rendered":"https:\/\/eco-market24.com\/product\/modulaarne-taaskasutusprugikast-eco-modular-2-x-40-l-valge\/"},"modified":"2025-09-29T20:02:40","modified_gmt":"2025-09-29T18:02:40","slug":"modulaarne-taaskasutusprugikast-eco-modular-2-x-40-l-valge","status":"publish","type":"product","link":"https:\/\/eco-market24.com\/et\/toode\/modulaarne-taaskasutusprugikast-eco-modular-2-x-40-l-valge\/","title":{"rendered":"Modulaarne taaskasutuspr\u00fcgikast Eco Modular 2 x 40 l valge"},"content":{"rendered":"<p>Modulaarne taaskasutuspr\u00fcgikast eco modular 2 \u00d7 40 L \u2014 valge<\/p>\n<p>Taaskasutusj\u00e4\u00e4tmete konteiner kaubanduskeskustele, jaamadele, lennujaamadele ja teistele avalikele aladele. Modulaarne taaskasutuspr\u00fcgikast eco modular 2 \u00d7 40 L (valge) soodustab \u00f5igete keskkonnas\u00f5bralike harjumuste kujunemist ning sobib nii siseruumidesse kui v\u00e4listingimustesse t\u00e4nu kvaliteetsetele materjalidele.<\/p>\n<p>Kasutusvaldkonnad<\/p>\n<p>  Kaubanduskeskused, jaamad, lennujaamad<br \/>\n  Kontorid, haiglad, koolid ja avalikud asutused<br \/>\n  Kontorihooned ja bensiinijaamad<br \/>\n  K\u00f5ik tugeva liiklusega siseruumi- v\u00f5i v\u00e4lialad<\/p>\n<p>Konstruktsioon ja vastupidavus<br \/>\nKast on valmistatud 0,8 mm harjatud terasest, pulberv\u00e4rvkattega, mis annab \u00fchtlase mati viimistluse ja elegantse kaasaegse v\u00e4limuse. See on piisavalt tugev intensiivseks kasutamiseks, talub mehaanilisi kahjustusi, m\u00f5lke ja deformeerumist. Harjatud teraspind parandab vastupidavust v\u00e4iksematele kriimustustele ja kulumism\u00e4rkidele.<\/p>\n<p>Praktilised omadused<\/p>\n<p>  Vabalt seisev disain<br \/>\n  Sisemised tsingitud terasest linerid kotialustega \u2014 j\u00e4\u00e4vad paigale ka t\u00e4is olles<br \/>\n  Linerite siledad pinnad lihtsaks puhastamiseks<br \/>\n  Eemaldatavad \u00fclemised kaaned lihtsaks t\u00fchjendamiseks (t\u00f5sta kaas vastava kambriga \u00fcles)<\/p>\n<p>Segregatsiooniv\u00e4rvid (klekid kaasas)<br \/>\nKastil on 2 kambriga jagatud sektsioon selektiivseks j\u00e4\u00e4tmekogumiseks. Komplekt kleebiseid enese paigaldamiseks on kaasas. Saadaval fraktsioonide v\u00e4rvid:<\/p>\n<p>  Must \u2014 segapr\u00fchk<br \/>\n  Kollane \u2014 plast ja metall<br \/>\n  Sinine \u2014 paber<br \/>\n  Pruun \u2014 bioj\u00e4\u00e4tmed<br \/>\n  Roheline \u2014 klaas<\/p>\n<p>Olulised andmed<\/p>\n<p>  Mahutavus: 2 \u00d7 40 liitrit<br \/>\n  Konstruktsioon: 0,8 mm harjatud teras, tsingitud sisemised linerid<br \/>\n  Viimistlus: pulberv\u00e4rvitud, valge<br \/>\n  Omadused: kotialused, eemaldatavad \u00fclemised kaaned, vabalt seisev konstruktsioon<br \/>\n  Komplektis: kleebised fraktsioonide nimetustega enese paigaldamiseks<\/p>\n","protected":false},"excerpt":{"rendered":"<p>Ringlussev\u00f5tu j\u00e4\u00e4tmekonteiner kaubanduskeskustele, jaamadele ja lennujaamadele \u2014 moodulne Eco Modular 2 x 40 L valge anum soodustab avalikes ruumides proekoloogilist k\u00e4itumist.<\/p>\n","protected":false},"featured_media":1919,"comment_status":"open","ping_status":"closed","template":"","meta":[],"product_brand":[],"product_cat":[70],"product_tag":[],"class_list":{"0":"post-1633","1":"product","2":"type-product","3":"status-publish","4":"has-post-thumbnail","6":"product_cat-waste-containers","8":"first","9":"instock","10":"taxable","11":"shipping-taxable","12":"purchasable","13":"product-type-simple"},"_links":{"self":[{"href":"https:\/\/eco-market24.com\/et\/wp-json\/wp\/v2\/product\/1633","targetHints":{"allow":["GET"]}}],"collection":[{"href":"https:\/\/eco-market24.com\/et\/wp-json\/wp\/v2\/product"}],"about":[{"href":"https:\/\/eco-market24.com\/et\/wp-json\/wp\/v2\/types\/product"}],"replies":[{"embeddable":true,"href":"https:\/\/eco-market24.com\/et\/wp-json\/wp\/v2\/comments?post=1633"}],"wp:featuredmedia":[{"embeddable":true,"href":"https:\/\/eco-market24.com\/et\/wp-json\/wp\/v2\/media\/1919"}],"wp:attachment":[{"href":"https:\/\/eco-market24.com\/et\/wp-json\/wp\/v2\/media?parent=1633"}],"wp:term":[{"taxonomy":"product_brand","embeddable":true,"href":"https:\/\/eco-market24.com\/et\/wp-json\/wp\/v2\/product_brand?post=1633"},{"taxonomy":"product_cat","embeddable":true,"href":"https:\/\/eco-market24.com\/et\/wp-json\/wp\/v2\/product_cat?post=1633"},{"taxonomy":"product_tag","embeddable":true,"href":"https:\/\/eco-market24.com\/et\/wp-json\/wp\/v2\/product_tag?post=1633"}],"curies":[{"name":"wp","href":"https:\/\/api.w.org\/{rel}","templated":true}]}}