{"id":1640,"date":"2025-09-29T16:20:55","date_gmt":"2025-09-29T14:20:55","guid":{"rendered":"https:\/\/eco-market24.com\/product\/linnaparane-iroko-puidust-prugikast-100-l\/"},"modified":"2025-09-29T20:05:25","modified_gmt":"2025-09-29T18:05:25","slug":"linnaparane-iroko-puidust-prugikast-100-l","status":"publish","type":"product","link":"https:\/\/eco-market24.com\/et\/toode\/linnaparane-iroko-puidust-prugikast-100-l\/","title":{"rendered":"Linnap\u00e4rane iroko-puidust pr\u00fcgikast 100 l"},"content":{"rendered":"<p>Kaasaegne linnapr\u00fcgikast puidust &#8211; linna, pargi ja elamurajooni jaoks<\/p>\n<p>\u00dclevaade<br \/>\nPr\u00fcgikast linnale iroko 100 L \u00fchendab kaasaegse disaini ja funktsionaalsed lahendused. Sobib avalikku ruumi nagu \u00e4rimajad, pargid, v\u00e4ljakud, omavalitsuse kontorid, koolid, jaamad, bussiterminalid, kauplused, suured parklad ja elamurajoonid.<\/p>\n<p>Konstruktsioon ja materjalid<br \/>\nV\u00e4lipru\u0308gikast on tsingitud terasest korpuse ja pulberv\u00e4rvkattega grafiidi v\u00e4rvi (RAL 7016) ning uksed on komposiitpuidust (WPC) m\u00e4nniv\u00e4rvuses. Sisalduv sisemine \u00e4mbrit\u00fc\u00fcpi vooder on tsingitud plekkmetallist ning lisatud on kaitsev katus. T\u00e4navapru\u0308gikasti saab pinnale kinnitada l\u00e4bi kruvimise.<\/p>\n<p>Vastupidavus ja t\u00f6\u00f6kindlus<br \/>\nMehaaniliselt tugev ja intensiivseks kasutuseks m\u00f5eldud pr\u00fcgikast on ilmastikukindel \u2014 talub deformeerumist k\u00f5rgetel temperatuuridel, UV-kahjustusi ja korrosiooni, sobides aastaringseks v\u00e4litingimustes kasutamiseks.<\/p>\n<p>Funktsionaalsus ja disain<br \/>\nKatusega pr\u00fcgikastil on kaks suurt sissetulekuava ning uksed, mis tagavad ja lihtsustavad siseplekkvoodri eemaldamist, h\u00f5lbustades t\u00fchjendamist ja puhastamist. Katus kaitseb vihma ja tuule eest ning aitab v\u00e4ltida \u00fclem\u00f5\u00f5dulise j\u00e4\u00e4tme viskamist.<\/p>\n<p>Peamised tehnilised andmed<br \/>\n  Maht: 100 liitrit<br \/>\n  Sertifikaadid: ISO, BV, TUV<br \/>\n  Korpus: tsingitud teras, pulberv\u00e4rvitud<br \/>\n  V\u00e4rv: grafiit (RAL 7016)<br \/>\n  Uksed: komposiitpuit (WPC), m\u00e4nniv\u00e4rvus<br \/>\n  Sisemine vooder: tsingitud plekk<br \/>\n  Omadused: katus, 2 suurt sissetulekuava<br \/>\n  Kinnitamine: pinnale l\u00e4bi kruvide<\/p>\n","protected":false},"excerpt":{"rendered":"<p>Modernne iroko-puidust linnapr\u00fcgikast \u2014 100 l; stiilne, vastupidav ja funktsionaalne j\u00e4\u00e4tmelahendus t\u00e4navatele, parkidele ja elamurajoonidele.<\/p>\n","protected":false},"featured_media":1922,"comment_status":"open","ping_status":"closed","template":"","meta":[],"product_brand":[],"product_cat":[167],"product_tag":[],"class_list":{"0":"post-1640","1":"product","2":"type-product","3":"status-publish","4":"has-post-thumbnail","6":"product_cat-tanava-ja-pargiprugikastid","8":"first","9":"instock","10":"taxable","11":"shipping-taxable","12":"purchasable","13":"product-type-simple"},"_links":{"self":[{"href":"https:\/\/eco-market24.com\/et\/wp-json\/wp\/v2\/product\/1640","targetHints":{"allow":["GET"]}}],"collection":[{"href":"https:\/\/eco-market24.com\/et\/wp-json\/wp\/v2\/product"}],"about":[{"href":"https:\/\/eco-market24.com\/et\/wp-json\/wp\/v2\/types\/product"}],"replies":[{"embeddable":true,"href":"https:\/\/eco-market24.com\/et\/wp-json\/wp\/v2\/comments?post=1640"}],"wp:featuredmedia":[{"embeddable":true,"href":"https:\/\/eco-market24.com\/et\/wp-json\/wp\/v2\/media\/1922"}],"wp:attachment":[{"href":"https:\/\/eco-market24.com\/et\/wp-json\/wp\/v2\/media?parent=1640"}],"wp:term":[{"taxonomy":"product_brand","embeddable":true,"href":"https:\/\/eco-market24.com\/et\/wp-json\/wp\/v2\/product_brand?post=1640"},{"taxonomy":"product_cat","embeddable":true,"href":"https:\/\/eco-market24.com\/et\/wp-json\/wp\/v2\/product_cat?post=1640"},{"taxonomy":"product_tag","embeddable":true,"href":"https:\/\/eco-market24.com\/et\/wp-json\/wp\/v2\/product_tag?post=1640"}],"curies":[{"name":"wp","href":"https:\/\/api.w.org\/{rel}","templated":true}]}}