{"id":1656,"date":"2025-09-29T16:21:45","date_gmt":"2025-09-29T14:21:45","guid":{"rendered":"https:\/\/eco-market24.com\/product\/taaskasutuskonteiner-4-kambriline-eco-star-4-x-60-l\/"},"modified":"2025-09-29T20:01:07","modified_gmt":"2025-09-29T18:01:07","slug":"taaskasutuskonteiner-4-kambriline-eco-star-4-x-60-l","status":"publish","type":"product","link":"https:\/\/eco-market24.com\/et\/toode\/taaskasutuskonteiner-4-kambriline-eco-star-4-x-60-l\/","title":{"rendered":"Taaskasutuskonteiner, 4-kambriline Eco Star, 4 x 60 l"},"content":{"rendered":"<p>J\u00e4\u00e4tmete sorteerimisjaam \u2014 taaskasutuspr\u00fcgikast eco star 4-kambriline 4 x 60 L<br \/>\n4-kambriline eco star 4 x 60 L on t\u00f5estatud siseruumide j\u00e4\u00e4tmete taaskasutuscontainer, mis on m\u00f5eldud kontorihoonetele, ametiasutustele, koolidele, kliinikutele, kaubanduskeskustele, teenindusruumidele, katuse all parkimiskohtadele ja rongijaamadele. See \u00fchendab neli 60-liitrist kambriga ja on ideaalne lahendus t\u00f6\u00f6ruumidesse, puhkeruumidesse ja koridoridesse, kus rakendatakse keskkonnas\u00f5bralikke tavasid.<\/p>\n<p>Konstruktsioon ja viimistlus<br \/>\nPr\u00fcgikast on valmistatud v\u00e4rvitud terasest, et suurendada vastupidavust mehaanilistele kahjustustele ja tagada pikaajaline vastupidavus. Korpus on viimistletud grafiidiv\u00e4rviga (RAL 7024) ning sellel on suured kleebised, mis n\u00e4itavad fraktsioonide nimesid, ja sorteerimisv\u00e4rvides sisseastmisava raamid t\u00e4iendavaks identifitseerimiseks.<\/p>\n<p>Sorteerimisv\u00e4rvid<br \/>\nSisseastmisraamide v\u00e4rvid vastavad kliima- ja keskkonnaministeeriumi juhistele. Saadaval olevad valikud:<\/p>\n<p>  Kollane \u2014 plastid ja metallid<br \/>\n  Sinine \u2014 paber<br \/>\n  Roheline \u2014 klaas<br \/>\n  Pruun \u2014 biolagunev j\u00e4\u00e4tmed<br \/>\n  Grafiit \u2014 segaj\u00e4\u00e4tmed<\/p>\n<p>Praktilised omadused<\/p>\n<p>  Kotiraamid, mis hoiavad kilet paigal (m\u00f5eldud 120 L kottidele)<br \/>\n  Lihtne t\u00fchjendada ja puhastada \u2014 aitab v\u00e4ltida j\u00e4\u00e4tmete v\u00e4lja valamist t\u00e4itumisel<br \/>\n  Stabiilsed jalad kindlaks paigutamiseks<br \/>\n  Paigaldusavad moodulite \u00fchendamiseks ja kohandatud komplektide loomiseks<br \/>\n  V\u00f5imalus paigaldada lukk volitamata ligip\u00e4\u00e4su takistamiseks<\/p>\n<p>P\u00f5hiandmed<\/p>\n<p>  Mahutavus: 4 \u00d7 60 liitrit<br \/>\n  Materjal: v\u00e4rvitud teras<br \/>\n  Eesm\u00e4rk: siseruumides kasutamiseks<br \/>\n  Viimistlus: grafiit (RAL 7024)<br \/>\n  Sisseastmisraami v\u00e4rvid: 5 sorteerimisv\u00e4rvi saadaval<br \/>\n  Kleebised: kleebised fraktsioonide nimedega<br \/>\n  Turvalisus: uksed lukustuse paigaldamise v\u00f5imalusega<br \/>\n  Lisavarustus: kotiraamid, stabiliseerivad jalad, paigaldusavad<\/p>\n","protected":false},"excerpt":{"rendered":"<p>Eco Star 4 x 60 L neljakambriline siseruumide j\u00e4\u00e4tmek\u00e4itlusjaam \u2014 t\u00f5estatud lahendus kontoritele, riigiasutustele ja koolidele, m\u00f5eldud ettev\u00f5tetele, kes rakendavad keskkonnas\u00f5bralikku j\u00e4\u00e4tmesorteerimist.<\/p>\n","protected":false},"featured_media":1933,"comment_status":"open","ping_status":"closed","template":"","meta":[],"product_brand":[],"product_cat":[70],"product_tag":[],"class_list":{"0":"post-1656","1":"product","2":"type-product","3":"status-publish","4":"has-post-thumbnail","6":"product_cat-waste-containers","8":"first","9":"instock","10":"taxable","11":"shipping-taxable","12":"purchasable","13":"product-type-simple"},"_links":{"self":[{"href":"https:\/\/eco-market24.com\/et\/wp-json\/wp\/v2\/product\/1656","targetHints":{"allow":["GET"]}}],"collection":[{"href":"https:\/\/eco-market24.com\/et\/wp-json\/wp\/v2\/product"}],"about":[{"href":"https:\/\/eco-market24.com\/et\/wp-json\/wp\/v2\/types\/product"}],"replies":[{"embeddable":true,"href":"https:\/\/eco-market24.com\/et\/wp-json\/wp\/v2\/comments?post=1656"}],"wp:featuredmedia":[{"embeddable":true,"href":"https:\/\/eco-market24.com\/et\/wp-json\/wp\/v2\/media\/1933"}],"wp:attachment":[{"href":"https:\/\/eco-market24.com\/et\/wp-json\/wp\/v2\/media?parent=1656"}],"wp:term":[{"taxonomy":"product_brand","embeddable":true,"href":"https:\/\/eco-market24.com\/et\/wp-json\/wp\/v2\/product_brand?post=1656"},{"taxonomy":"product_cat","embeddable":true,"href":"https:\/\/eco-market24.com\/et\/wp-json\/wp\/v2\/product_cat?post=1656"},{"taxonomy":"product_tag","embeddable":true,"href":"https:\/\/eco-market24.com\/et\/wp-json\/wp\/v2\/product_tag?post=1656"}],"curies":[{"name":"wp","href":"https:\/\/api.w.org\/{rel}","templated":true}]}}