{"id":1733,"date":"2025-09-29T16:20:57","date_gmt":"2025-09-29T14:20:57","guid":{"rendered":"https:\/\/eco-market24.com\/product\/prugikast-tuhatoosiga-strasburg-70-l\/"},"modified":"2025-09-29T20:05:21","modified_gmt":"2025-09-29T18:05:21","slug":"prugikast-tuhatoosiga-strasburg-70-l","status":"publish","type":"product","link":"https:\/\/eco-market24.com\/et\/toode\/prugikast-tuhatoosiga-strasburg-70-l\/","title":{"rendered":"Pr\u00fcgikast tuhatoosiga Strasburg 70 l"},"content":{"rendered":"<p>Minimalistlik puidust pargipr\u00fcgikast \u2013 ideaalne linna- ja rohealadele<\/p>\n<p>Strasburg 70 l pr\u00fcgikast tuhatoosiga on minimalistliku disaini ja kahtlemata funktsionaalsuse kombinatsioon. Selle ajatu esteetika ja praktilised lahendused muudavad selle parimaks valikuks linnaruumi. Pr\u00fcgikast sobib h\u00e4sti suurtele parkimisaladele ja poekeskkonda ning t\u00f6\u00f6tab h\u00e4sti bussi- ja trammipeatuste l\u00e4heduses. T\u00e4navapr\u00fcgikast on suurep\u00e4rane valik jalak\u00e4ija- ja s\u00f5iduteedele avalikus ruumis, k\u00f5nniteedele, promenaadidele, v\u00e4ikestele v\u00e4ljakutele, parkidesse ja linnal\u00e4hedastesse metsadesse.<\/p>\n<p>Peamised omadused<\/p>\n<p>  Mahutavus: 70 liitrit<br \/>\n  V\u00e4rv: grafiit (RAL 7016)<br \/>\n  Konstruktsioon: 1,2 mm pulberv\u00e4rvitud tsingitud teras<br \/>\n  Sisemine vooder: tsingitud teras, lihtsustab t\u00fchjendamist ja hooldust<br \/>\n  Kaan: lukustatav v\u00f5tmega (ligip\u00e4\u00e4s ainult volitatud isikutele)<br \/>\n  Tuhatoos: integreeritud terastuhatoos, et v\u00e4ltida sigarettik\u00f5rrete laiali pudenemist<br \/>\n  Kinnitus: v\u00f5imalus p\u00f5randale poldiga kinnitada maksimaalse stabiilsuse tagamiseks<br \/>\n  Sertifikaadid: ISO, BV, TUV<\/p>\n<p>Vastupidavus ja disain<br \/>\nT\u00e4navapr\u00fcgikast on valmistatud kvaliteetsetest materjalidest, mis tagavad mehaanilise tugevuse ja vastupidavuse v\u00e4lism\u00f5judele. See ei deformeeru UV-kiirguse, vihma, lume ega \u00e4\u00e4rmuslike temperatuuride m\u00f5jul, muutes selle sobivaks v\u00e4litingimusteks ja aladele, kus v\u00f5ib esineda juhuslikku kahjustamist. Siledad sisemised ja v\u00e4lised pinnad tagavad lihtsa puhastuse, samas kui tagasihoidlik grafiitviimistlus v\u00f5imaldab pr\u00fcgikastil sulanduda keskkonda, m\u00f5jutamata negatiivselt ala v\u00e4limust.<\/p>\n<p>Kasutusalad<br \/>\nSobib linnalistele ja rohealadele, sealhulgas t\u00e4navatele, parkimisaladele, poekeskkonda, bussi- ja trammipeatuste l\u00e4hedusse, k\u00f5nniteedele, promenaadidele, v\u00e4ikestele v\u00e4ljakutele, parkidesse ja linnal\u00e4hedastesse metsadesse.<\/p>\n","protected":false},"excerpt":{"rendered":"<p>Minimalistlik puidust pargipr\u00fcgikast, ideaalne linna- ja rohealadele. Strasburg 70 l pr\u00fcgikast tuhatoosiga \u00fchendab ajatu esteetika usaldusv\u00e4\u00e4rse funktsionaalsusega, muutes selle linnaalade jaoks ideaalseks valikuks.<\/p>\n","protected":false},"featured_media":1963,"comment_status":"open","ping_status":"closed","template":"","meta":[],"product_brand":[],"product_cat":[167],"product_tag":[],"class_list":{"0":"post-1733","1":"product","2":"type-product","3":"status-publish","4":"has-post-thumbnail","6":"product_cat-tanava-ja-pargiprugikastid","8":"first","9":"instock","10":"taxable","11":"shipping-taxable","12":"purchasable","13":"product-type-simple"},"_links":{"self":[{"href":"https:\/\/eco-market24.com\/et\/wp-json\/wp\/v2\/product\/1733","targetHints":{"allow":["GET"]}}],"collection":[{"href":"https:\/\/eco-market24.com\/et\/wp-json\/wp\/v2\/product"}],"about":[{"href":"https:\/\/eco-market24.com\/et\/wp-json\/wp\/v2\/types\/product"}],"replies":[{"embeddable":true,"href":"https:\/\/eco-market24.com\/et\/wp-json\/wp\/v2\/comments?post=1733"}],"wp:featuredmedia":[{"embeddable":true,"href":"https:\/\/eco-market24.com\/et\/wp-json\/wp\/v2\/media\/1963"}],"wp:attachment":[{"href":"https:\/\/eco-market24.com\/et\/wp-json\/wp\/v2\/media?parent=1733"}],"wp:term":[{"taxonomy":"product_brand","embeddable":true,"href":"https:\/\/eco-market24.com\/et\/wp-json\/wp\/v2\/product_brand?post=1733"},{"taxonomy":"product_cat","embeddable":true,"href":"https:\/\/eco-market24.com\/et\/wp-json\/wp\/v2\/product_cat?post=1733"},{"taxonomy":"product_tag","embeddable":true,"href":"https:\/\/eco-market24.com\/et\/wp-json\/wp\/v2\/product_tag?post=1733"}],"curies":[{"name":"wp","href":"https:\/\/api.w.org\/{rel}","templated":true}]}}