{"id":1756,"date":"2025-09-29T16:21:44","date_gmt":"2025-09-29T14:21:44","guid":{"rendered":"https:\/\/eco-market24.com\/product\/3-osaline-sorteerimisprugikast-eco-star-3-x-60-l\/"},"modified":"2025-09-29T20:01:09","modified_gmt":"2025-09-29T18:01:09","slug":"3-osaline-sorteerimisprugikast-eco-star-3-x-60-l","status":"publish","type":"product","link":"https:\/\/eco-market24.com\/et\/toode\/3-osaline-sorteerimisprugikast-eco-star-3-x-60-l\/","title":{"rendered":"3-osaline sorteerimispr\u00fcgikast Eco Star 3 x 60 l"},"content":{"rendered":"<p>Kolmeosaline pr\u00fcgikast \u2014 t\u00f5estatud sisekasutuseks<br \/>\neco star 3 x 60 L 3-kambri j\u00e4\u00e4tmeseparatsioonikast \u00fchendab funktsionaalsuse ja esteetika. Selle k\u00f5rge kvaliteet ja elegantne v\u00e4limus vastavad ettev\u00f5tete vajadustele, kellel on kohustus teostada sorteeritud j\u00e4\u00e4tmekogumist. Sobib kontoritesse, ametiasutustesse, kliinikutesse, koolidesse, poodidesse, kaubanduskeskustesse, teenindusjaamadesse, rongijaamadesse ja katustega suurtele parkimisaladele.<\/p>\n<p>Konstruktsioon ja materjalid<\/p>\n<p>  Mahutavus: 3 \u00d7 60 L<br \/>\n  Korpus: v\u00e4rvitud teras, grafiit (RAL 7024)<br \/>\n  Vastupidavus: vastupidav mehaanilistele kahjustustele ja juhuslikele l\u00f6\u00f6kidele<br \/>\n  M\u00f5eldud kasutus: siseruumides<\/p>\n<p>Sortimine ja m\u00e4rgistamine<br \/>\nVarustatud suurte kleebistega, mis nimetavad j\u00e4\u00e4tmeliigid ja avad sorteerimisv\u00e4rvides selgeks suhtluseks. Saadaval avav\u00e4rvid vastavalt Keskkonna- ja kliimapoliitika juhistele:<\/p>\n<p>  Kollane \u2014 plast ja metall<br \/>\n  Sinine \u2014 paber<br \/>\n  Roheline \u2014 klaas<br \/>\n  Pruun \u2014 bioj\u00e4\u00e4tmed<br \/>\n  Grafiit \u2014 seguj\u00e4\u00e4tmed<\/p>\n<p>Praktilised omadused<\/p>\n<p>  Kotiraamid, et hoida pr\u00fcgikotte paigal (kohandatud 120 L kottidele)<br \/>\n  V\u00e4hendab lekkimist t\u00e4isolekus; lihtne t\u00fchjendada ja puhastada<br \/>\n  Stabiliseerivad jalad stabiilsuse tagamiseks<br \/>\n  Kinnitussilmaaugud moodulite \u00fchendamiseks<br \/>\n  Uksed padlukinnitusv\u00f5imalusega juurdep\u00e4\u00e4su piiramiseks<\/p>\n<p>Oluline teave<\/p>\n<p>  Mahutavus: 3 \u00d7 60 liitrit<br \/>\n  Materjal: v\u00e4rvitud teras<br \/>\n  Kasutus: siseruumides<br \/>\n  V\u00e4rv: grafiit (RAL 7024)<br \/>\n  Avad ja kleebised 5 sorteerimisv\u00e4rvuses<br \/>\n  Omadused: kotiraamid, stabiliseerivad jalad, kinnitusaugud, padlukinnitusv\u00f5imalus<\/p>\n","protected":false},"excerpt":{"rendered":"<p>Kolmeosaline pr\u00fcgikast \u2014 sobib siseruumidesse, Eco Star kolmeosaline j\u00e4\u00e4tmete sorteerimiskast (3 x 60 l) \u00fchendab funktsionaalsuse ja esteetika. Selle kvaliteetne, elegantne disain vastab ettev\u00f5tete vajadustele, keda kohustatakse oma ruumides l\u00e4bi viima kohustuslikku j\u00e4\u00e4tmete sorteerimist.<\/p>\n","protected":false},"featured_media":1974,"comment_status":"open","ping_status":"closed","template":"","meta":[],"product_brand":[],"product_cat":[70],"product_tag":[],"class_list":{"0":"post-1756","1":"product","2":"type-product","3":"status-publish","4":"has-post-thumbnail","6":"product_cat-waste-containers","8":"first","9":"instock","10":"taxable","11":"shipping-taxable","12":"purchasable","13":"product-type-simple"},"_links":{"self":[{"href":"https:\/\/eco-market24.com\/et\/wp-json\/wp\/v2\/product\/1756","targetHints":{"allow":["GET"]}}],"collection":[{"href":"https:\/\/eco-market24.com\/et\/wp-json\/wp\/v2\/product"}],"about":[{"href":"https:\/\/eco-market24.com\/et\/wp-json\/wp\/v2\/types\/product"}],"replies":[{"embeddable":true,"href":"https:\/\/eco-market24.com\/et\/wp-json\/wp\/v2\/comments?post=1756"}],"wp:featuredmedia":[{"embeddable":true,"href":"https:\/\/eco-market24.com\/et\/wp-json\/wp\/v2\/media\/1974"}],"wp:attachment":[{"href":"https:\/\/eco-market24.com\/et\/wp-json\/wp\/v2\/media?parent=1756"}],"wp:term":[{"taxonomy":"product_brand","embeddable":true,"href":"https:\/\/eco-market24.com\/et\/wp-json\/wp\/v2\/product_brand?post=1756"},{"taxonomy":"product_cat","embeddable":true,"href":"https:\/\/eco-market24.com\/et\/wp-json\/wp\/v2\/product_cat?post=1756"},{"taxonomy":"product_tag","embeddable":true,"href":"https:\/\/eco-market24.com\/et\/wp-json\/wp\/v2\/product_tag?post=1756"}],"curies":[{"name":"wp","href":"https:\/\/api.w.org\/{rel}","templated":true}]}}