{"id":1761,"date":"2025-09-29T16:21:06","date_gmt":"2025-09-29T14:21:06","guid":{"rendered":"https:\/\/eco-market24.com\/product\/taaskasutusjaatmete-prugikast-metropolitan-4-x-50-l-roostevabast-terasest\/"},"modified":"2025-09-29T20:02:42","modified_gmt":"2025-09-29T18:02:42","slug":"taaskasutusjaatmete-prugikast-metropolitan-4-x-50-l-roostevabast-terasest","status":"publish","type":"product","link":"https:\/\/eco-market24.com\/et\/toode\/taaskasutusjaatmete-prugikast-metropolitan-4-x-50-l-roostevabast-terasest\/","title":{"rendered":"Taaskasutusj\u00e4\u00e4tmete pr\u00fcgikast Metropolitan 4 \u00d7 50 L, roostevabast terasest"},"content":{"rendered":"<p>Roostevabast terasest sorteerimisj\u00e4\u00e4tmete pr\u00fcgikast Metropolitan 4 \u00d7 50 L<\/p>\n<p>\u00dclevaade<br \/>\nRoostevabast terasest pr\u00fcgikast kasutamiseks linnades, haljasaladel, hotellides ja teeninduspindadel. Metropolitan 4 \u00d7 50 L on funktsionaalne lahendus, mis on m\u00f5eldud j\u00e4\u00e4tmete sortimise toetamiseks avalikus ruumis. Selle esteetiline roostevaba konstruktsioon sobib t\u00e4navatele, v\u00e4ljakuosadele, \u00fchistranspordi peatuskohtadele, kaubanduskeskustele ja kontoriruumidele. Parkides, v\u00e4ljakutel, m\u00e4nguv\u00e4ljakute v\u00f5i jalutusradade l\u00e4hedal sulandub see harmooniliselt \u00fcmbrusega, toetab keskkonnakaitset ja soodustab puhtust. Sobib h\u00e4sti ka hotellidele, restoranidele, elamukompleksidele ja puhkealadele, kus on oluline funktsionaalsus ja kaasaegne disain.<\/p>\n<p>Disain ja viimistlus<br \/>\nSaadaval roostevaba terase viimistlusega ning tumepruunide WPC-komposiitpuidust liistudega. \u00dcksusel on integreeritud praktiline tuhatoos. Metalliku roostevaba terase ja sooja puidulaadsete liistude kombinatsioon loob elegantse, kaasaegse ilme, mis sobib nii linnakeskkonda kui ka rohelusse.<\/p>\n<p>Vastupidavus ja materjalid<br \/>\nKorpus on valmistatud kvaliteetsest 1 mm paksusest roostevabast terasest, mis tagab suurep\u00e4rase vastupidavuse ning korrosiooni-, mehaaniliste kahjustuste- ja ilmastikukindluse. Tsingitud terasest sisemahutid suurendavad niiskuse- ja mustuskindlust, tagades h\u00fcgieenilise ja mugava kasutuse intensiivselt kasutatavates avalikes kohtades.<\/p>\n<p>Funktsionaalsus<\/p>\n<p>  4 eraldi sektsiooni, iga\u00fcks 50 L, mugavaks j\u00e4\u00e4tmete sortimiseks<br \/>\n  Puhastamiseks ja eemaldamiseks lihtsad tsingitud terasest sisemahutid<br \/>\n  Kiireks ligip\u00e4\u00e4suks kallutatavad uksed igale sektsioonile<br \/>\n  Integreeritud tuhatoos, et aidata s\u00e4ilitada puhtust suure liiklusega aladel<\/p>\n<p>Sorteerimism\u00e4rgistus<br \/>\nValikulise j\u00e4\u00e4tmete eraldi kogumise lihtsustamiseks saab pr\u00fcgikasti m\u00e4rgistada kleebistega: segaj\u00e4\u00e4tmed, plast ja metall, paber ja klaas.<\/p>\n<p>P\u00f5hiandmed<\/p>\n<p>  Mahutavus: 4 \u00d7 50 L<br \/>\n  Konstruktsioon: 1 mm roostevaba teras<br \/>\n  Liistud: WPC-komposiitpuit (tumepruun)<br \/>\n  Sisemahutid: tsingitud teras<br \/>\n  Ligip\u00e4\u00e4s: kallutatavad uksed<br \/>\n  Lisad: integreeritud tuhatoos<\/p>\n","protected":false},"excerpt":{"rendered":"<p>Metropolitan 4\u00d750 l roostevabast terasest pr\u00fcgikast \u2014 vastupidav, stiilne lahendus linnadele, haljasaladele, hotellidele ja teenindusruumidele, et h\u00f5lbustada j\u00e4\u00e4tmete sorteerimist avalikes kohtades.<\/p>\n","protected":false},"featured_media":1976,"comment_status":"open","ping_status":"closed","template":"","meta":[],"product_brand":[],"product_cat":[154],"product_tag":[],"class_list":{"0":"post-1761","1":"product","2":"type-product","3":"status-publish","4":"has-post-thumbnail","6":"product_cat-jaatmete-liigiti-kogumise-prugikastid","8":"first","9":"instock","10":"taxable","11":"shipping-taxable","12":"purchasable","13":"product-type-simple"},"_links":{"self":[{"href":"https:\/\/eco-market24.com\/et\/wp-json\/wp\/v2\/product\/1761","targetHints":{"allow":["GET"]}}],"collection":[{"href":"https:\/\/eco-market24.com\/et\/wp-json\/wp\/v2\/product"}],"about":[{"href":"https:\/\/eco-market24.com\/et\/wp-json\/wp\/v2\/types\/product"}],"replies":[{"embeddable":true,"href":"https:\/\/eco-market24.com\/et\/wp-json\/wp\/v2\/comments?post=1761"}],"wp:featuredmedia":[{"embeddable":true,"href":"https:\/\/eco-market24.com\/et\/wp-json\/wp\/v2\/media\/1976"}],"wp:attachment":[{"href":"https:\/\/eco-market24.com\/et\/wp-json\/wp\/v2\/media?parent=1761"}],"wp:term":[{"taxonomy":"product_brand","embeddable":true,"href":"https:\/\/eco-market24.com\/et\/wp-json\/wp\/v2\/product_brand?post=1761"},{"taxonomy":"product_cat","embeddable":true,"href":"https:\/\/eco-market24.com\/et\/wp-json\/wp\/v2\/product_cat?post=1761"},{"taxonomy":"product_tag","embeddable":true,"href":"https:\/\/eco-market24.com\/et\/wp-json\/wp\/v2\/product_tag?post=1761"}],"curies":[{"name":"wp","href":"https:\/\/api.w.org\/{rel}","templated":true}]}}