{"id":1768,"date":"2025-09-29T16:20:55","date_gmt":"2025-09-29T14:20:55","guid":{"rendered":"https:\/\/eco-market24.com\/product\/modern-street-lyon-100-l-tanavaprugikast\/"},"modified":"2025-09-29T20:05:27","modified_gmt":"2025-09-29T18:05:27","slug":"modern-street-lyon-100-l-tanavaprugikast","status":"publish","type":"product","link":"https:\/\/eco-market24.com\/et\/toode\/modern-street-lyon-100-l-tanavaprugikast\/","title":{"rendered":"Modern Street Lyon 100 l t\u00e4navapru\u0308gikast"},"content":{"rendered":"<p>Bin Street Metal \u2014 Lyon 100 L<\/p>\n<p>Kaasaegne Bin Street Metal linnakeskkonda ja puhkealadele \u00fchendab t\u00f5husalt funktsionaalsuse ja ilu. K\u00f5rgekvaliteedilised materjalid tagavad pikaealisuse ning suur mahutavus kasutusmugavuse. Minimalistlik, elegantne disain sobitub linnastumise ja haljasaladega.<\/p>\n<p>Kasutusalad<\/p>\n<p>  Parkidesse ja puhkealadele<br \/>\n  M\u00e4nguv\u00e4ljakutele ja spordiplatsidele<br \/>\n  Linnarandadele, promenaadidele ja platsidele<br \/>\n  Avalike asutuste l\u00e4hedusse (koolid, haiglad, valitsemisasutused)<br \/>\n  Transpordis\u00f5lmedesse (rongi-, bussi-, trammipeatused)<br \/>\n  Elamurajoonidesse ja puhkealadele<\/p>\n<p>Konstruktsioon ja materjalid<\/p>\n<p>  Korpus: 1,4 mm pulberv\u00e4rvitud tsingitud teras<br \/>\n  Sisemine anum: tsingitud metall<br \/>\n  Viimistlus: must (RAL 9005)<br \/>\n  Korrosioonikindel ja l\u00f6\u00f6gikindel<br \/>\n  Suhteliselt kerge, kuid vastupidav, vandalismikindel<\/p>\n<p>Mahutavus ja m\u00f5\u00f5tmed<\/p>\n<p>  Mahutavus: 100 liitrit<br \/>\n  Suur ava mugavaks kasutamiseks<\/p>\n<p>Turvalisus ja hooldus<\/p>\n<p>  Lukustatav kaas \u2014 juurdep\u00e4\u00e4s piiratud volitatud isikutele<br \/>\n  Siledad seinad lihtsaks puhastamiseks<br \/>\n  Tsingitud sisemine anum lihtsustab t\u00fchjendamist<\/p>\n<p>Paigaldus<\/p>\n<p>  Iseseisvalt seisev disain \u2014 vajadusel liigutatav<br \/>\n  V\u00f5imalus pinnale poltida p\u00fcsivaks paigaldamiseks<\/p>\n<p>Sertifikaadid<\/p>\n<p>  ISO<br \/>\n  BV<br \/>\n  T\u00dcV<\/p>\n<p>P\u00f5hijooned<\/p>\n<p>  100 L maht<br \/>\n  1,4 mm pulberv\u00e4rvitud tsingitud teras<br \/>\n  Must (RAL 9005)<br \/>\n  Tsingitud terasest sisemine anum<br \/>\n  Lukustatav kaas<br \/>\n  V\u00f5imalik pinnale poltida<br \/>\n  Sertifitseeritud: ISO, BV, T\u00dcV<\/p>\n","protected":false},"excerpt":{"rendered":"<p>Modernne t\u00e4navapr\u00fcgikast Street Metal Lyon 100 L \u00fchendab linna- ja puhkealade jaoks funktsionaalsuse ja stiili. K\u00f5rgekvaliteedilised materjalid tagavad pikaajalise vastupidavuse, selle 100-liitrine mahutavus pakub mugavat kasutust ning kaasaegne disain sulandub linnakeskkonda sujuvalt.<\/p>\n","protected":false},"featured_media":1981,"comment_status":"open","ping_status":"closed","template":"","meta":[],"product_brand":[],"product_cat":[122,154],"product_tag":[],"class_list":{"0":"post-1768","1":"product","2":"type-product","3":"status-publish","4":"has-post-thumbnail","6":"product_cat-jaatmekonteinerid","7":"product_cat-jaatmete-liigiti-kogumise-prugikastid","9":"first","10":"instock","11":"taxable","12":"shipping-taxable","13":"purchasable","14":"product-type-simple"},"_links":{"self":[{"href":"https:\/\/eco-market24.com\/et\/wp-json\/wp\/v2\/product\/1768","targetHints":{"allow":["GET"]}}],"collection":[{"href":"https:\/\/eco-market24.com\/et\/wp-json\/wp\/v2\/product"}],"about":[{"href":"https:\/\/eco-market24.com\/et\/wp-json\/wp\/v2\/types\/product"}],"replies":[{"embeddable":true,"href":"https:\/\/eco-market24.com\/et\/wp-json\/wp\/v2\/comments?post=1768"}],"wp:featuredmedia":[{"embeddable":true,"href":"https:\/\/eco-market24.com\/et\/wp-json\/wp\/v2\/media\/1981"}],"wp:attachment":[{"href":"https:\/\/eco-market24.com\/et\/wp-json\/wp\/v2\/media?parent=1768"}],"wp:term":[{"taxonomy":"product_brand","embeddable":true,"href":"https:\/\/eco-market24.com\/et\/wp-json\/wp\/v2\/product_brand?post=1768"},{"taxonomy":"product_cat","embeddable":true,"href":"https:\/\/eco-market24.com\/et\/wp-json\/wp\/v2\/product_cat?post=1768"},{"taxonomy":"product_tag","embeddable":true,"href":"https:\/\/eco-market24.com\/et\/wp-json\/wp\/v2\/product_tag?post=1768"}],"curies":[{"name":"wp","href":"https:\/\/api.w.org\/{rel}","templated":true}]}}