{"id":1794,"date":"2025-09-29T16:21:18","date_gmt":"2025-09-29T14:21:18","guid":{"rendered":"https:\/\/eco-market24.com\/product\/moodulne-sorteerimisprugikast-eco-modular-3-x-60-l-valge\/"},"modified":"2025-09-29T20:02:22","modified_gmt":"2025-09-29T18:02:22","slug":"moodulne-sorteerimisprugikast-eco-modular-3-x-60-l-valge","status":"publish","type":"product","link":"https:\/\/eco-market24.com\/et\/toode\/moodulne-sorteerimisprugikast-eco-modular-3-x-60-l-valge\/","title":{"rendered":"Moodulne sorteerimispr\u00fcgikast Eco Modular 3 x 60 l valge"},"content":{"rendered":"<p>Recyclingi pr\u00fcgikast modulaarne &#8211; parim valik avalikesse kohtadesse<\/p>\n<p>Eco modulaarne recyclingi pr\u00fcgikast 3 x 60 L \u2014 valge on mitmek\u00fclgne lahendus j\u00e4\u00e4tmete sorteerimise ja keskkonnahoiu edendamiseks kontorites, koolides, restoranides, hotellides, elamukompleksides ja avalikes kohtades nagu kaubanduskeskused, jaamad v\u00f5i spordisaalid. Selle kompaktne, modulaarne disain v\u00f5imaldab \u00fchendada mitu \u00fcksust, nii et pr\u00fcgikastide arvu saab kohandada vastavalt vajadusele.<\/p>\n<p>Toote \u00fclevaade<\/p>\n<p>  Mahutavus: 3 \u00d7 60 L<br \/>\n  V\u00e4rv: Valge<br \/>\n  Konstruktsioon: P\u00f5randale asetatav, tsingitud teras valge pulberv\u00e4rvitud viimistlusega<br \/>\n  Viimistlus: Sile, kergesti puhastatav pind<br \/>\n  Vastupidavus: Tsingimine kaitseb korrosiooni ja niiskuse eest; pulberkate talub kriimustusi ja mehaanilisi kahjustusi<br \/>\n  Modulaarne: \u00dcksusi saab kombineerida suuremateks sorteerimiss\u00fcsteemideks<\/p>\n<p>Funktsionaalsus ja mugavus<br \/>\nModulaarne recyclingi pr\u00fcgikast on loodud maksimaalseks funktsionaalsuseks ja kasutusmugavuseks. Omadused h\u00f5lmavad:<\/p>\n<p>  Mugavad avad kiireks ja loogiliseks \u00e4raheidetamiseks<br \/>\n  Stabiilne konstruktsioon turvaliseks kasutamiseks tasasel pinnal<br \/>\n  Sisesed tsingitud terasliistud t\u00f5stetavate kaantega lihtsaks t\u00fchjendamiseks<br \/>\n  Kompaktne, kerge disain lihtsaks paigaldamiseks ja transportimiseks<\/p>\n<p>Standardiseeritud fraktsioonide m\u00e4rgistamine<br \/>\n3-kohaline komplekt saab olla m\u00e4rgistatud vastupidavate, kulumiskindlate kleebistega fraktsioonide nimetamiseks, et suurendada sorteerimise efektiivsust. Saadaval standardv\u00e4rvid fraktsioonideks:<\/p>\n<p>  Sinine: Paber<br \/>\n  Roheline: Klaas<br \/>\n  Kollane: Plastik ja metall<br \/>\n  Hall: Segaj\u00e4\u00e4tmed<br \/>\n  Pruun: Bioj\u00e4\u00e4tmed<\/p>\n<p>Oluline teave<\/p>\n<p>  Mahutavus: 3 \u00d7 60 liitrit<br \/>\n  Tsingitud teraskonstruktsioon<br \/>\n  Valge pulberkate<br \/>\n  V\u00f5imalus valida fraktsioonide nimetuse kleebiseid<br \/>\n  Sisesed tsingitud terasliistud<br \/>\n  Suured sissekandesilmad ja t\u00f5stetavad kaaned<br \/>\n  P\u00f5randale asetatav, modulaarne disain<\/p>\n","protected":false},"excerpt":{"rendered":"<p>Eco Modular 3\u00d760 L \u2014 valge modulaarne taaskasutuskonteiner, ideaalne valik avalikele aladele. Mitmek\u00fclgne ja vastupidav, soodustab t\u00f5husat j\u00e4\u00e4tmete sorteerimist ning toetab keskkonnahooldust.<\/p>\n","protected":false},"featured_media":1992,"comment_status":"open","ping_status":"closed","template":"","meta":[],"product_brand":[],"product_cat":[70],"product_tag":[],"class_list":{"0":"post-1794","1":"product","2":"type-product","3":"status-publish","4":"has-post-thumbnail","6":"product_cat-waste-containers","8":"first","9":"instock","10":"taxable","11":"shipping-taxable","12":"purchasable","13":"product-type-simple"},"_links":{"self":[{"href":"https:\/\/eco-market24.com\/et\/wp-json\/wp\/v2\/product\/1794","targetHints":{"allow":["GET"]}}],"collection":[{"href":"https:\/\/eco-market24.com\/et\/wp-json\/wp\/v2\/product"}],"about":[{"href":"https:\/\/eco-market24.com\/et\/wp-json\/wp\/v2\/types\/product"}],"replies":[{"embeddable":true,"href":"https:\/\/eco-market24.com\/et\/wp-json\/wp\/v2\/comments?post=1794"}],"wp:featuredmedia":[{"embeddable":true,"href":"https:\/\/eco-market24.com\/et\/wp-json\/wp\/v2\/media\/1992"}],"wp:attachment":[{"href":"https:\/\/eco-market24.com\/et\/wp-json\/wp\/v2\/media?parent=1794"}],"wp:term":[{"taxonomy":"product_brand","embeddable":true,"href":"https:\/\/eco-market24.com\/et\/wp-json\/wp\/v2\/product_brand?post=1794"},{"taxonomy":"product_cat","embeddable":true,"href":"https:\/\/eco-market24.com\/et\/wp-json\/wp\/v2\/product_cat?post=1794"},{"taxonomy":"product_tag","embeddable":true,"href":"https:\/\/eco-market24.com\/et\/wp-json\/wp\/v2\/product_tag?post=1794"}],"curies":[{"name":"wp","href":"https:\/\/api.w.org\/{rel}","templated":true}]}}