{"id":1799,"date":"2025-09-29T16:21:19","date_gmt":"2025-09-29T14:21:19","guid":{"rendered":"https:\/\/eco-market24.com\/product\/eco-modular-modulaarne-prugikonteiner-4-x-60-l-valge\/"},"modified":"2025-09-29T20:02:20","modified_gmt":"2025-09-29T18:02:20","slug":"eco-modular-modulaarne-prugikonteiner-4-x-60-l-valge","status":"publish","type":"product","link":"https:\/\/eco-market24.com\/et\/toode\/eco-modular-modulaarne-prugikonteiner-4-x-60-l-valge\/","title":{"rendered":"Eco Modular modulaarne pr\u00fcgikonteiner 4 x 60 l, valge"},"content":{"rendered":"<p>Modulaarne taaskasutuspr\u00fcgikast &#8211; parim valik avalikesse ruumidesse<br \/>\nECO modulaarne 4 x 60 L valge modulaarne pr\u00fcgikast on universaalne lahendus, mis soodustab j\u00e4\u00e4tmete sorteerimist ja keskkonnahoidu. Selle kompaktne, modulaarne disain v\u00f5imaldab \u00fchendada mitu konteinerit vastavalt individuaalsetele vajadustele. See neljakambriline pr\u00fcgikast sobib ideaalselt kontorite, koolide, restoranide, hotellide, elamukomplekside ja avalike ruumide, n\u00e4iteks kaubanduskeskuste, jaamade v\u00f5i spordihoonete v\u00e4lialade jaoks, kus t\u00e4htis on kord ja esteetika.<\/p>\n<p>Disain ja vastupidavus<br \/>\nNeljakambriline sorteerimiskomplekt mahutab 4 \u00d7 60 liitrit ja on vabalt seisva konstruktsiooniga. Valmistatud tsingitud terasest valge pulberv\u00e4rvkattega, mis tagab suurema korrosioonikindluse ja kaitse mehaaniliste kahjustuste eest. Valge viimistlus annab kaasaegse, minimalistliku v\u00e4limuse, sobitudes h\u00e4sti erinevate keskkondadega ning on lihtne puhastada ja hooldada.<\/p>\n<p>Funktsionaalsus ja mugavus<\/p>\n<p>  Modulaarne konstruktsioon v\u00f5imaldab \u00fchendada mitu konteinerit kohandatud komplektideks.<br \/>\n  Mugavad avad kiireks ja intuitiivseks j\u00e4\u00e4tmete teisaldamiseks.<br \/>\n  Stabiilne konstruktsioon sobib kasutamiseks tasastel pindadel.<br \/>\n  Sisemised tsingitud terasest sisukorvid on eemaldatavad kergesti t\u00fchjendamiseks t\u00f5stetavate kaante kaudu.<br \/>\n  Kompaktne suurus ja suhteliselt kerge kaal lihtsaks paigutamiseks ja \u00fcmberpaigutamiseks.<\/p>\n<p>Standardiseeritud j\u00e4\u00e4tmeliikide m\u00e4rgistus<br \/>\nNeljakambriline pr\u00fcgikast saab m\u00e4rgistada kliendi valitud kleebistega j\u00e4\u00e4tmeliikide v\u00e4rvides, et parandada sorteerimise efektiivsust. Standardv\u00e4rvid tavaliselt h\u00f5lmavad:<\/p>\n<p>  Sinine \u2014 paber<br \/>\n  Roheline \u2014 klaas<br \/>\n  Kollane \u2014 plast ja metall<br \/>\n  Pruun \u2014 bioj\u00e4\u00e4tmed<\/p>\n<p>Kleebised on vastupidavad ja kulumiskindlad, tagades pikaajalise ning selge juhendi.<\/p>\n<p>Oluline teave<\/p>\n<p>  Maht: 4 \u00d7 60 L<br \/>\n  Materjal: tsingitud teras<br \/>\n  Viimistlus: valge pulberv\u00e4rv<br \/>\n  Omadused: sisemised tsingitud terasest sisukorvid, suured avad, t\u00f5stetavad kaaned, vabalt seisva modulaarse konstruktsiooniga<br \/>\n  M\u00e4rgistus: v\u00f5imalik valida j\u00e4\u00e4tmeliikide nimedega kleebiseid<\/p>\n","protected":false},"excerpt":{"rendered":"<p>Modulaarne taaskasutuskonteiner \u2014 parim valik avalikele aladele: ECO Modular 4 \u00d7 60 L (valge) on mitmek\u00fclgne lahendus erinevatele kohtadele, edendades j\u00e4\u00e4tmete sorteerimist ja keskkonnahooldust.<\/p>\n","protected":false},"featured_media":1996,"comment_status":"open","ping_status":"closed","template":"","meta":[],"product_brand":[],"product_cat":[70],"product_tag":[],"class_list":{"0":"post-1799","1":"product","2":"type-product","3":"status-publish","4":"has-post-thumbnail","6":"product_cat-waste-containers","8":"first","9":"instock","10":"taxable","11":"shipping-taxable","12":"purchasable","13":"product-type-simple"},"_links":{"self":[{"href":"https:\/\/eco-market24.com\/et\/wp-json\/wp\/v2\/product\/1799","targetHints":{"allow":["GET"]}}],"collection":[{"href":"https:\/\/eco-market24.com\/et\/wp-json\/wp\/v2\/product"}],"about":[{"href":"https:\/\/eco-market24.com\/et\/wp-json\/wp\/v2\/types\/product"}],"replies":[{"embeddable":true,"href":"https:\/\/eco-market24.com\/et\/wp-json\/wp\/v2\/comments?post=1799"}],"wp:featuredmedia":[{"embeddable":true,"href":"https:\/\/eco-market24.com\/et\/wp-json\/wp\/v2\/media\/1996"}],"wp:attachment":[{"href":"https:\/\/eco-market24.com\/et\/wp-json\/wp\/v2\/media?parent=1799"}],"wp:term":[{"taxonomy":"product_brand","embeddable":true,"href":"https:\/\/eco-market24.com\/et\/wp-json\/wp\/v2\/product_brand?post=1799"},{"taxonomy":"product_cat","embeddable":true,"href":"https:\/\/eco-market24.com\/et\/wp-json\/wp\/v2\/product_cat?post=1799"},{"taxonomy":"product_tag","embeddable":true,"href":"https:\/\/eco-market24.com\/et\/wp-json\/wp\/v2\/product_tag?post=1799"}],"curies":[{"name":"wp","href":"https:\/\/api.w.org\/{rel}","templated":true}]}}