{"id":1804,"date":"2025-09-29T16:20:56","date_gmt":"2025-09-29T14:20:56","guid":{"rendered":"https:\/\/eco-market24.com\/product\/wenge-puidust-pargiprugikast-110-l\/"},"modified":"2025-09-29T20:05:23","modified_gmt":"2025-09-29T18:05:23","slug":"wenge-puidust-pargiprugikast-110-l","status":"publish","type":"product","link":"https:\/\/eco-market24.com\/et\/toode\/wenge-puidust-pargiprugikast-110-l\/","title":{"rendered":"wenge-puidust pargipr\u00fcgikast 110 l"},"content":{"rendered":"<p>Puit Wenge 110 L pargip\u00fc\u00fcnis \u2014 esteetiline t\u00e4nava\/linnapr\u00fcgikast<\/p>\n<p>Puitwenge 110 l pargip\u00fc\u00fcnis on suurep\u00e4rane lahendus avalikele aladele. Valmistatud pulberv\u00e4rvitud tsingitud terasest, millel on puidu-plastiku komposiidi (WPC) laudadest vooder pinepuu v\u00e4rvitoonis ja grafiitv\u00e4rvi teraselemendid (RAL 7016). See \u00fchendab k\u00f5rge vastupidavuse esteetilise disainiga, mis sobib nii linnakeskkonda kui ka vaba aja piirkondadesse.<\/p>\n<p>T\u00fc\u00fcpilised kasutusvaldkonnad<\/p>\n<p>  Linnakeskused ja elamualad jalak\u00e4iguradade \u00e4\u00e4res<br \/>\n  Bussijaamad, trammijaamad ja metroopeatused<br \/>\n  Linnav\u00e4ljakud, turuplatsid ja sotsiaalse kogunemise kohad<br \/>\n  Koolide, kontorite, haiglate ja raamatukogude \u00fcmbrus<br \/>\n  Parkid, vaba aja alad, rajad, pingid ja piknikukohad<\/p>\n<p>P\u00f5hijooned<\/p>\n<p>  Mahutavus: 110 liitrit<br \/>\n  Konstruktsioon: pulberv\u00e4rvitud tsingitud teras<br \/>\n  Laudis: WPC (puidu-plastiku komposiit), pinepuu v\u00e4rv<br \/>\n  Teraselemendid: grafiit (RAL 7016)<br \/>\n  Sisemine konteiner: tsingitud terasest sisekonteiner lihtsaks t\u00fchjendamiseks ja puhastamiseks<br \/>\n  Turvalisus: uks lukustatav v\u00f5tmega (juurdep\u00e4\u00e4s piiratud volitatud isikutele)<br \/>\n  Paigaldus: v\u00f5imalik kinnitada maapinnale<br \/>\n  Sertifikaadid: ISO, BV ja TUV<\/p>\n<p>Vastupidavus ja hooldus<br \/>\nKast talub mehaanilisi vigastusi, UV-kiirgust, vihma, lund ja \u00e4\u00e4rmuslikke temperatuure. Selle tsingitud, pulberv\u00e4rvitud konstruktsioon ja WPC-laudis v\u00e4hendavad hoolduskulusid ning pakuvad vastupidavust vandalismile, s\u00e4ilitades hea tehnilise seisukorra aastaid.<\/p>\n<p>Esteetika ja funktsionaalsus<br \/>\nDisain pakub suurt t\u00e4idissuudet lihtsaks j\u00e4\u00e4tmek\u00e4itluseks, sulandudes samal ajal \u00fcmbritseva arhitektuuriga. Praktilised konstruktsioonilised lahendused tagavad kasutajamugavuse ja hoolduspersonali lihtsa teenindamise.<\/p>\n","protected":false},"excerpt":{"rendered":"<p>Esteetiline t\u00e4navapr\u00fcgikast parkidele ja linnaruumi \u2014 110 l wenge-puidust pargipr\u00fcgikast, mis pakub k\u00f5rgekvaliteedilisi materjale, suurt vastupidavust ja peene disainiga t\u00e4iendust linnaarhitektuurile.<\/p>\n","protected":false},"featured_media":1997,"comment_status":"open","ping_status":"closed","template":"","meta":[],"product_brand":[],"product_cat":[167],"product_tag":[],"class_list":{"0":"post-1804","1":"product","2":"type-product","3":"status-publish","4":"has-post-thumbnail","6":"product_cat-tanava-ja-pargiprugikastid","8":"first","9":"instock","10":"taxable","11":"shipping-taxable","12":"purchasable","13":"product-type-simple"},"_links":{"self":[{"href":"https:\/\/eco-market24.com\/et\/wp-json\/wp\/v2\/product\/1804","targetHints":{"allow":["GET"]}}],"collection":[{"href":"https:\/\/eco-market24.com\/et\/wp-json\/wp\/v2\/product"}],"about":[{"href":"https:\/\/eco-market24.com\/et\/wp-json\/wp\/v2\/types\/product"}],"replies":[{"embeddable":true,"href":"https:\/\/eco-market24.com\/et\/wp-json\/wp\/v2\/comments?post=1804"}],"wp:featuredmedia":[{"embeddable":true,"href":"https:\/\/eco-market24.com\/et\/wp-json\/wp\/v2\/media\/1997"}],"wp:attachment":[{"href":"https:\/\/eco-market24.com\/et\/wp-json\/wp\/v2\/media?parent=1804"}],"wp:term":[{"taxonomy":"product_brand","embeddable":true,"href":"https:\/\/eco-market24.com\/et\/wp-json\/wp\/v2\/product_brand?post=1804"},{"taxonomy":"product_cat","embeddable":true,"href":"https:\/\/eco-market24.com\/et\/wp-json\/wp\/v2\/product_cat?post=1804"},{"taxonomy":"product_tag","embeddable":true,"href":"https:\/\/eco-market24.com\/et\/wp-json\/wp\/v2\/product_tag?post=1804"}],"curies":[{"name":"wp","href":"https:\/\/api.w.org\/{rel}","templated":true}]}}