{"id":1829,"date":"2025-09-29T16:21:25","date_gmt":"2025-09-29T14:21:25","guid":{"rendered":"https:\/\/eco-market24.com\/product\/2-osaline-sorteerimisprugikast-eco-estri-2-x-60-l-tsingitud\/"},"modified":"2025-09-29T20:02:11","modified_gmt":"2025-09-29T18:02:11","slug":"2-osaline-sorteerimisprugikast-eco-estri-2-x-60-l-tsingitud","status":"publish","type":"product","link":"https:\/\/eco-market24.com\/et\/toode\/2-osaline-sorteerimisprugikast-eco-estri-2-x-60-l-tsingitud\/","title":{"rendered":"2-osaline sorteerimispr\u00fcgikast Eco Estri 2 x 60 l, tsingitud"},"content":{"rendered":"<p>Komplekt 2 segregatsioonikonteinerit \u2014 2 x 60 L (eco Estri)<\/p>\n<p>Kirjeldus: Kahekambri eco Estri taaskasutuskonteiner (2 \u00d7 60 L) on funktsionaalne lahendus p\u00f5hilise keskkonnas\u00f5braliku poliitika rakendamiseks avalikes ja suletud ruumides. Sobib nii v\u00e4litingimustesse kui siseruumidesse; ideaalne koolidesse, kontoritesse, haiglatesse, parklatesse, bensiinijaamadesse, m\u00e4nguv\u00e4ljakutele, l\u00f5bustusparkidesse, kinodesse, muuseumidesse ja teatritesse.<\/p>\n<p>Konstruktsioon ja viimistlus<br \/>\nStation koosneb kahest kambrist, kummalgi 60 L mahutavus, ning on viimistletud grafiidi v\u00e4rviga (RAL 7021). Korpus on valmistatud kuumtsingitud terasest, mis tagab korrosioonikaitse ning vastupidavuse UV-kiirgusele, vihmale, lumisele ja \u00e4\u00e4rmuslikele temperatuuridele. Seade on vastupidav ka mehaanilistele kahjustustele ning s\u00e4ilitab tehnilise seisukorra ja v\u00e4limuse intensiivse kasutuse korral.<\/p>\n<p>Fraktsiooni m\u00e4rgistamine<br \/>\nKorpusel on kleebised fraktsioonide nimedega standardv\u00e4rvides, mis on heaks kiidetud ELi ja Keskkonnaministeeriumi poolt:<\/p>\n<p>  Seguj\u00e4\u00e4tmed: grafiit<br \/>\n  Plastid ja metallid: kollane<br \/>\n  Paber: sinine<br \/>\n  Klaas: roheline<br \/>\n  Biolagunevad j\u00e4\u00e4tmed: pruun<\/p>\n<p>Kleebised tarnitakse eraldi enesepealekandmiseks.<\/p>\n<p>H\u00fcgieen ja turvalisus<\/p>\n<p>  Standardm\u00f5\u00f5dus kotir\u00f5ngad 120 L kottidele, et v\u00e4ltida libisemist ja lihtsustada t\u00fchjendamist.<br \/>\n  Kaks ust posti- v\u00f5i k\u00f5rglukkudega, et piirata juurdep\u00e4\u00e4su ainult volitatud isikutele.<br \/>\n  Paigaldusaugud v\u00f5imaldavad moodulite vaba liitmist.<\/p>\n<p>Peamised andmed<\/p>\n<p>  Mahutavus: 2 \u00d7 60 L<br \/>\n  V\u00e4rv: grafiit (RAL 7021)<br \/>\n  Materjal: kuumtsingitud teras<br \/>\n  Kasutus: siseruumid ja v\u00e4litingimused<br \/>\n  Komplekt sisaldab: v\u00e4rvilised fraktsioonikleebised (enesepealekandmiseks), kotir\u00f5ngad, uksed posti- v\u00f5i k\u00f5rglukkudega<\/p>\n","protected":false},"excerpt":{"rendered":"<p>Kahe 60 l mahutiga j\u00e4\u00e4tmejaotuskonteinerite komplekt avalikesse ja siseruumidesse \u2014 Eco Estri 2 \u00d7 60 l \u2014 pakub funktsionaalset kahekambrilist lahendust p\u00f5hiliste keskkonnas\u00f5bralike j\u00e4\u00e4tmepoliitikate toetamiseks; sobib nii v\u00e4li- kui siseruumide kasutamiseks.<\/p>\n","protected":false},"featured_media":2159,"comment_status":"open","ping_status":"closed","template":"","meta":[],"product_brand":[],"product_cat":[70],"product_tag":[],"class_list":{"0":"post-1829","1":"product","2":"type-product","3":"status-publish","4":"has-post-thumbnail","6":"product_cat-waste-containers","8":"first","9":"instock","10":"taxable","11":"shipping-taxable","12":"purchasable","13":"product-type-simple"},"_links":{"self":[{"href":"https:\/\/eco-market24.com\/et\/wp-json\/wp\/v2\/product\/1829","targetHints":{"allow":["GET"]}}],"collection":[{"href":"https:\/\/eco-market24.com\/et\/wp-json\/wp\/v2\/product"}],"about":[{"href":"https:\/\/eco-market24.com\/et\/wp-json\/wp\/v2\/types\/product"}],"replies":[{"embeddable":true,"href":"https:\/\/eco-market24.com\/et\/wp-json\/wp\/v2\/comments?post=1829"}],"wp:featuredmedia":[{"embeddable":true,"href":"https:\/\/eco-market24.com\/et\/wp-json\/wp\/v2\/media\/2159"}],"wp:attachment":[{"href":"https:\/\/eco-market24.com\/et\/wp-json\/wp\/v2\/media?parent=1829"}],"wp:term":[{"taxonomy":"product_brand","embeddable":true,"href":"https:\/\/eco-market24.com\/et\/wp-json\/wp\/v2\/product_brand?post=1829"},{"taxonomy":"product_cat","embeddable":true,"href":"https:\/\/eco-market24.com\/et\/wp-json\/wp\/v2\/product_cat?post=1829"},{"taxonomy":"product_tag","embeddable":true,"href":"https:\/\/eco-market24.com\/et\/wp-json\/wp\/v2\/product_tag?post=1829"}],"curies":[{"name":"wp","href":"https:\/\/api.w.org\/{rel}","templated":true}]}}