{"id":2150,"date":"2025-09-29T16:21:29","date_gmt":"2025-09-29T14:21:29","guid":{"rendered":"https:\/\/eco-market24.com\/product\/taaskasutuskonteiner-5-osaline-eco-estri-5-x-60-l-klappidega\/"},"modified":"2025-09-29T20:01:13","modified_gmt":"2025-09-29T18:01:13","slug":"taaskasutuskonteiner-5-osaline-eco-estri-5-x-60-l-klappidega","status":"publish","type":"product","link":"https:\/\/eco-market24.com\/et\/toode\/taaskasutuskonteiner-5-osaline-eco-estri-5-x-60-l-klappidega\/","title":{"rendered":"Taaskasutuskonteiner, 5-osaline ECO Estri, 5 \u00d7 60 l klappidega"},"content":{"rendered":"<p>5-osaline eco Estri 5 x 60 L taaskasutuspr\u00fcgikast klappidega<\/p>\n<p>5-osaline eco Estri 5 x 60 L taaskasutuspr\u00fcgikast klappidega on esteetiline ja funktsionaalne lahendus siseruumide ringlussev\u00f5tuks kontorites, koolides, avalikes asutustes v\u00f5i poodides, mis v\u00f5imaldab kujundada prokeskkonnas\u00f5bralikke harjumusi valitud siseruumis. Sobib ideaalselt t\u00f6\u00f6ruumidesse, personaliistmetesse, koridoridesse ja teistesse intensiivselt kasutatavatesse \u00fchiskasutuskohtadesse. Seade on kombinatsioon 2- ja 3-moodulilistest konteineritest \u2014 iga mooduli mahutavus on 60 liitrit. Korpus on viimistletud grafiiditoonis (RAL 7021) ja kaaned on triikimisv\u00e4rvides. T\u00e4iendava identifitseerimise tagavad kleebised fraktsiooni nimetusega.<\/p>\n<p>Konstruktsioon ja vastupidavus<br \/>\nValmistatud v\u00e4rvitud terasest, see kontorite j\u00e4\u00e4tmete sorteerimiskonteiner on m\u00f5eldud mugavaks ja ohutuks siseruumikasutuseks. K\u00f5rgekvaliteediline v\u00e4rvitud teraskonstruktsioon annab tugeva vastupidavuse mehaanilistele kahjustustele, mis on tavalised intensiivselt kasutatavates ruumides, muutes selle sobivaks koolidesse, avalikesse asutustesse ja k\u00f5rge jalaj\u00e4ljega koridoridesse.<\/p>\n<p>Sorteerimisv\u00e4rvid ja m\u00e4rgistamine<br \/>\n60 L moodulid on varustatud suurte kleebistega, mis kuvavad fraktsiooni nime, ning kaaned on v\u00e4rvitud vastavalt kliimavoliniku ja keskkonnaameti m\u00e4\u00e4ratud sorteerimisskeemile. Pr\u00fcgikast toetab eraldi kogumist:<\/p>\n<p>  Klaas (roheline)<br \/>\n  Paber (sinine)<br \/>\n  Plast ja metall (kollane)<br \/>\n  Bioj\u00e4\u00e4tmed (pruun)<br \/>\n  Segapr\u00fcg (hall)<\/p>\n<p>Funktsionaalne disain<\/p>\n<p>  2- ja 3-mooduliliste korvide kombinatsioon spetsiaalsete paigaldusavadega kohandatava j\u00e4\u00e4tmesorteerimisjaama loomiseks<br \/>\n  Stabiilsed jalad kukkumise v\u00e4ltimiseks<br \/>\n  V\u00f5imalus igat moodulit luku abil kinnitada volitamata kasutuse t\u00f5kestamiseks<br \/>\n  H\u00fcgieenne t\u00fchjendamine ja lihtne puhastamine<br \/>\n  Praktilised kotiraamid (120 L kottide jaoks) kottide paigalhoidmiseks ja lekkimise v\u00e4ltimiseks<br \/>\n  Hingedel kinnitatud kaaned ebameeldivate l\u00f5hnade leviku piiramise eesm\u00e4rgil<\/p>\n<p>Oluline teave<\/p>\n<p>  Mahutavus: 2 x 60 + 3 x 60 liitrit<br \/>\n  Materjal: V\u00e4rvitud teras<br \/>\n  Eesm\u00e4rk: Siseruumid<br \/>\n  Viimistlus: Korpus grafiiditoonis (RAL 7021)<br \/>\n  Kaanev\u00e4rvid: Saadaval 5 sorteerimisv\u00e4rvi<br \/>\n  M\u00e4rgistamine: Kleebised fraktsioonide nimedega<br \/>\n  Turvalisus: Uksed kohandatud kahetse luku paigaldamiseks<br \/>\n  Omadused: Hingedel kaaned, kotiraamid, stabiliseerivad jalad, paigaldusavad moodulite \u00fchendamiseks<\/p>\n","protected":false},"excerpt":{"rendered":"<p>Esteetiline ja funktsionaalne siseruumide taaskasutuslahendus kontoritele, koolidele, avalikele hoonetele ja poodidele \u2014 Eco Estri 5\u2011kambriline (5 \u00d7 60 L) pr\u00fcgikonteiner klappidega soodustab lihtsaid keskkonnas\u00f5bralikke harjumusi; ideaalne koolidele ja kontoritele.<\/p>\n","protected":false},"featured_media":2272,"comment_status":"open","ping_status":"closed","template":"","meta":[],"product_brand":[],"product_cat":[70],"product_tag":[],"class_list":{"0":"post-2150","1":"product","2":"type-product","3":"status-publish","4":"has-post-thumbnail","6":"product_cat-waste-containers","8":"first","9":"instock","10":"taxable","11":"shipping-taxable","12":"purchasable","13":"product-type-simple"},"_links":{"self":[{"href":"https:\/\/eco-market24.com\/et\/wp-json\/wp\/v2\/product\/2150","targetHints":{"allow":["GET"]}}],"collection":[{"href":"https:\/\/eco-market24.com\/et\/wp-json\/wp\/v2\/product"}],"about":[{"href":"https:\/\/eco-market24.com\/et\/wp-json\/wp\/v2\/types\/product"}],"replies":[{"embeddable":true,"href":"https:\/\/eco-market24.com\/et\/wp-json\/wp\/v2\/comments?post=2150"}],"wp:featuredmedia":[{"embeddable":true,"href":"https:\/\/eco-market24.com\/et\/wp-json\/wp\/v2\/media\/2272"}],"wp:attachment":[{"href":"https:\/\/eco-market24.com\/et\/wp-json\/wp\/v2\/media?parent=2150"}],"wp:term":[{"taxonomy":"product_brand","embeddable":true,"href":"https:\/\/eco-market24.com\/et\/wp-json\/wp\/v2\/product_brand?post=2150"},{"taxonomy":"product_cat","embeddable":true,"href":"https:\/\/eco-market24.com\/et\/wp-json\/wp\/v2\/product_cat?post=2150"},{"taxonomy":"product_tag","embeddable":true,"href":"https:\/\/eco-market24.com\/et\/wp-json\/wp\/v2\/product_tag?post=2150"}],"curies":[{"name":"wp","href":"https:\/\/api.w.org\/{rel}","templated":true}]}}