{"id":2152,"date":"2025-09-29T16:21:28","date_gmt":"2025-09-29T14:21:28","guid":{"rendered":"https:\/\/eco-market24.com\/product\/taaskasutuse-prugikast-4-osaline-eco-estri-4-x-60-l-luukidega\/"},"modified":"2025-09-29T20:01:15","modified_gmt":"2025-09-29T18:01:15","slug":"taaskasutuse-prugikast-4-osaline-eco-estri-4-x-60-l-luukidega","status":"publish","type":"product","link":"https:\/\/eco-market24.com\/et\/toode\/taaskasutuse-prugikast-4-osaline-eco-estri-4-x-60-l-luukidega\/","title":{"rendered":"Taaskasutuse pr\u00fcgikast 4-osaline Eco Estri 4 x 60 l luukidega"},"content":{"rendered":"<p>Taaskasutusjaam, 4 sektsiooniga, kontorisse, ametiasutusse ja kooli<\/p>\n<p>\u00dclevaade<br \/>\neco Estri 4 \u00d7 60 L modulaarne sorteerimisjaam klappidega \u00fchendab esteetika ja k\u00f5rge kvaliteedi siseruumide j\u00e4\u00e4tmete sorteerimiseks. Sobib koolidele, \u00fclikoolidele, ametiasutustele, kontoritele, poodidele, kaubanduskeskustele ja kaetud parklatele. Sobib intensiivselt kasutatavatesse \u00fchiskasutusaladesse ja liikumisteedele.<\/p>\n<p>Ehitus ja materjalid<br \/>\nJaam koosneb neljast konteinerist, iga\u00fchel 60 L mahutavus. Korpus on viimistletud grafiitv\u00e4rviga (RAL 7021). Kaanev\u00e4rvid on t\u00e4histatud ja kleebistega, mis n\u00e4itavad fraktsioonide nimetusi. \u00dchik on valmistatud v\u00e4rvitud terasest, et tagada mehaaniline vastupidavus.<\/p>\n<p>V\u00e4rvid ja sorteerimine<\/p>\n<p>  Roheline \u2014 klaas<br \/>\n  Sinine \u2014 paber ja kartong<br \/>\n  Kollane \u2014 plastid ja metallid<br \/>\n  Hall \u2014 segaolmej\u00e4\u00e4tmed<\/p>\n<p>Funktsionaalsed omadused<\/p>\n<p>  Funktsionaalsed hingedega kaaned, mis kaitsevad l\u00f5hnade eest<br \/>\n  Kotiraamid 120 L kottide jaoks, et hoida pr\u00fcgikotte paigal ka t\u00e4ies mahus<br \/>\n  Stabiliseerivad jalad kindlaks paigaldamiseks<br \/>\n  Paigutusavad moodulite \u00fchendamiseks ja jaama laiendamiseks<br \/>\n  Uksed ette valmistatud luku paigaldamiseks piiratud juurdep\u00e4\u00e4su jaoks<\/p>\n<p>P\u00f5hiandmed<\/p>\n<p>  Mahutavus: 4 \u00d7 60 liitrit<br \/>\n  Materjal: v\u00e4rvitud teras<br \/>\n  Kasutus: siseruumides<br \/>\n  Viimistlus: grafiitkorpus (RAL 7021)<br \/>\n  Kaas: sorteerimisv\u00e4rvid koos fraktsiooninimede kleebistega<br \/>\n  Lisainfo: hingedega kaaned, kotiraamid, stabiliseerivad jalad, paigutusavad, lukustuse jaoks ette valmistatud uksed<\/p>\n","protected":false},"excerpt":{"rendered":"<p>Eco Estri 4 x 60 L 4-kambriline pr\u00fcgikast klappidega \u2014 stiilne, kvaliteetne modulaarne jaam selektiivseks j\u00e4\u00e4tmekogumiseks ja sorteerimiseks, ideaalne kontoritesse, valitsushoonetesse ja koolidesse.<\/p>\n","protected":false},"featured_media":2274,"comment_status":"open","ping_status":"closed","template":"","meta":[],"product_brand":[],"product_cat":[70],"product_tag":[],"class_list":{"0":"post-2152","1":"product","2":"type-product","3":"status-publish","4":"has-post-thumbnail","6":"product_cat-waste-containers","8":"first","9":"instock","10":"taxable","11":"shipping-taxable","12":"purchasable","13":"product-type-simple"},"_links":{"self":[{"href":"https:\/\/eco-market24.com\/et\/wp-json\/wp\/v2\/product\/2152","targetHints":{"allow":["GET"]}}],"collection":[{"href":"https:\/\/eco-market24.com\/et\/wp-json\/wp\/v2\/product"}],"about":[{"href":"https:\/\/eco-market24.com\/et\/wp-json\/wp\/v2\/types\/product"}],"replies":[{"embeddable":true,"href":"https:\/\/eco-market24.com\/et\/wp-json\/wp\/v2\/comments?post=2152"}],"wp:featuredmedia":[{"embeddable":true,"href":"https:\/\/eco-market24.com\/et\/wp-json\/wp\/v2\/media\/2274"}],"wp:attachment":[{"href":"https:\/\/eco-market24.com\/et\/wp-json\/wp\/v2\/media?parent=2152"}],"wp:term":[{"taxonomy":"product_brand","embeddable":true,"href":"https:\/\/eco-market24.com\/et\/wp-json\/wp\/v2\/product_brand?post=2152"},{"taxonomy":"product_cat","embeddable":true,"href":"https:\/\/eco-market24.com\/et\/wp-json\/wp\/v2\/product_cat?post=2152"},{"taxonomy":"product_tag","embeddable":true,"href":"https:\/\/eco-market24.com\/et\/wp-json\/wp\/v2\/product_tag?post=2152"}],"curies":[{"name":"wp","href":"https:\/\/api.w.org\/{rel}","templated":true}]}}