{"id":2155,"date":"2025-09-29T16:21:26","date_gmt":"2025-09-29T14:21:26","guid":{"rendered":"https:\/\/eco-market24.com\/product\/ringlussevotu-prugikast-2-kambriline-eco-estri-2-x-60-l-klappidega\/"},"modified":"2025-09-29T20:02:09","modified_gmt":"2025-09-29T18:02:09","slug":"ringlussevotu-prugikast-2-kambriline-eco-estri-2-x-60-l-klappidega","status":"publish","type":"product","link":"https:\/\/eco-market24.com\/et\/toode\/ringlussevotu-prugikast-2-kambriline-eco-estri-2-x-60-l-klappidega\/","title":{"rendered":"Ringlussev\u00f5tu pr\u00fcgikast 2-kambriline Eco Estri 2 x 60 l klappidega"},"content":{"rendered":"<p>Eco Estri kahejaoline j\u00e4\u00e4tmete sorteerimise pr\u00fcgikast \u2014 2 x 60 L koos klappidega<br \/>\nEsteetiline siseruumide j\u00e4\u00e4tmete sorteerimise konteiner \u00fchendab elegantse disaini ja kvaliteetse t\u00f6\u00f6tluse. Peamiselt pakub see t\u00f5estatud lahendust selektiivse j\u00e4\u00e4tmekogumise rakendamiseks siseruumides nagu koolid, ametiasutused, avalikud institutsioonid, poed, kaubanduskeskused, kaetud parklad, koridorid ja ettev\u00f5tete s\u00f6\u00f6klad. Seade on saadaval grafeedi v\u00e4rvuses (RAL 7021). Voole t\u00e4histatakse v\u00e4rviliste kaante ja suurte kleebistega fraktsioonide nimedega \u2014 klient saab valida 2 viiest p\u00f5hiv\u00e4rvist. Saadaval on ka versioonid suurema moodulite arvuga.<\/p>\n<p>Konstruktsioon ja vastupidavus<br \/>\nSee vastupidav kahejaoline pr\u00fcgikast (2 x 60 L) on valmistatud kvaliteetselt v\u00e4rvitud terasest, pakkudes atraktiivset lahendust siseruumides kasutamiseks k\u00f5rge mehaanilise vastupidavusega. Talub juhuslikke p\u00f5rkeid, mis on tavalised intensiivse kasutusega kooli- v\u00f5i kontoripiirkondades, ning sobib suure liiklusega kohtadesse nagu kaubanduskeskused.<\/p>\n<p>Saadaval olevad sorteerimisv\u00e4rvid<br \/>\nKahejaoline pr\u00fcgikast on selgelt m\u00e4rgistatud, et h\u00f5lbustada selektiivset j\u00e4\u00e4tmekogumist. Tuvastamine h\u00f5lmab sissev\u00f5tuavade katmiseks v\u00e4rvilisi kaasi ja kleebiseid fraktsioonide nimedega vastavalt kehtivatele m\u00e4\u00e4rustele (n\u00e4iteks):<\/p>\n<p>  Pruun \u2014 biolagunevad j\u00e4\u00e4tmed<br \/>\n  Grafeedi \u2014 seguj\u00e4\u00e4tmed<\/p>\n<p>Funktsionaalsus ja h\u00fcgieen<br \/>\nSiseruumide jaoks, kus t\u00e4htis on esteetika, funktsionaalsus ja h\u00fcgieen, on kast varustatud praktiliste liigendkaantega, mis lihtsustavad sorteerimist ja aitavad l\u00f5hnu sisaldada. Seadmel on raamid 120 L kilekottide jaoks, mis hoiavad kotte paigal olenemata t\u00e4itmisastmest ning muudavad t\u00fchjendamise ja puhastamise lihtsamaks.<\/p>\n<p>Turvalisus ja paigaldus<\/p>\n<p>  Seisab neljal stabiliseerival jalal konstruktiivseks stabiilsuseks<br \/>\n  Iga mooduli uks on ette valmistatud luku (t\u00f5kkeluku) paigaldamiseks, et v\u00e4ltida volitamata juurdep\u00e4\u00e4su<br \/>\n  Varustatud kinnituskoludega moodulite \u00fchendamiseks vastavalt vajadusele<\/p>\n<p>P\u00f5hiandmed<\/p>\n<p>  Mahutavus: 2 x 60 liitrit<br \/>\n  Materjal: v\u00e4rvitud teras<br \/>\n  Kasutus: siseruumid<br \/>\n  Vastupidavus: mehaanilistele kahjustustele vastupidav<br \/>\n  Korpuse v\u00e4rv: grafeedi (RAL 7021)<br \/>\n  Sorteerimiskaaned: vali 2 viiest v\u00e4rvist<br \/>\n  Kleebised: fraktsioonide nimed kaasas<br \/>\n  Turvalisus: uksed ette valmistatud lukkudeks<br \/>\n  Kaased: liigendkaaned<br \/>\n  Lisavarustus: raamid 120 L kottide jaoks<br \/>\n  Jalad: stabiliseerivad<br \/>\n  \u00dchendus: kinnituskolud moodulite \u00fchendamiseks<\/p>\n","protected":false},"excerpt":{"rendered":"<p>Esteetiline siseruumi kahekambriline taaskasutuspr\u00fcgikast (2 \u00d7 60 l) klappidega \u2014 \u00fchendades stiilse disaini ja k\u00f5rgekvaliteedilise viimistluse lihtsaks ja t\u00f5husaks j\u00e4\u00e4tmete sorteerimiseks igas siseruumis.<\/p>\n","protected":false},"featured_media":2279,"comment_status":"open","ping_status":"closed","template":"","meta":[],"product_brand":[],"product_cat":[70],"product_tag":[],"class_list":{"0":"post-2155","1":"product","2":"type-product","3":"status-publish","4":"has-post-thumbnail","6":"product_cat-waste-containers","8":"first","9":"instock","10":"taxable","11":"shipping-taxable","12":"purchasable","13":"product-type-simple"},"_links":{"self":[{"href":"https:\/\/eco-market24.com\/et\/wp-json\/wp\/v2\/product\/2155","targetHints":{"allow":["GET"]}}],"collection":[{"href":"https:\/\/eco-market24.com\/et\/wp-json\/wp\/v2\/product"}],"about":[{"href":"https:\/\/eco-market24.com\/et\/wp-json\/wp\/v2\/types\/product"}],"replies":[{"embeddable":true,"href":"https:\/\/eco-market24.com\/et\/wp-json\/wp\/v2\/comments?post=2155"}],"wp:featuredmedia":[{"embeddable":true,"href":"https:\/\/eco-market24.com\/et\/wp-json\/wp\/v2\/media\/2279"}],"wp:attachment":[{"href":"https:\/\/eco-market24.com\/et\/wp-json\/wp\/v2\/media?parent=2155"}],"wp:term":[{"taxonomy":"product_brand","embeddable":true,"href":"https:\/\/eco-market24.com\/et\/wp-json\/wp\/v2\/product_brand?post=2155"},{"taxonomy":"product_cat","embeddable":true,"href":"https:\/\/eco-market24.com\/et\/wp-json\/wp\/v2\/product_cat?post=2155"},{"taxonomy":"product_tag","embeddable":true,"href":"https:\/\/eco-market24.com\/et\/wp-json\/wp\/v2\/product_tag?post=2155"}],"curies":[{"name":"wp","href":"https:\/\/api.w.org\/{rel}","templated":true}]}}