{"id":2179,"date":"2025-09-29T16:21:14","date_gmt":"2025-09-29T14:21:14","guid":{"rendered":"https:\/\/eco-market24.com\/product\/eco-modular-taaskasutusprugikast-5-x-50-l-must\/"},"modified":"2025-09-29T20:02:26","modified_gmt":"2025-09-29T18:02:26","slug":"eco-modular-taaskasutusprugikast-5-x-50-l-must","status":"publish","type":"product","link":"https:\/\/eco-market24.com\/et\/toode\/eco-modular-taaskasutusprugikast-5-x-50-l-must\/","title":{"rendered":"Eco Modular taaskasutuspr\u00fcgikast 5 \u00d7 50 L, must"},"content":{"rendered":"<p>Ringluspr\u00fcgikast \u2014 ideaalne linnadesse, parkimiskohtadesse ja haljasaladele<br \/>\n\u00d6ko moodulringluspr\u00fcgikast 5 \u00d7 50 L (must) v\u00f5imaldab lihtsat p\u00f5hivaliku viisi j\u00e4\u00e4tmete sorteerimiseks igas v\u00e4li-ruumis. K\u00f5rge kvaliteediga konstruktsiooni ja minimalistliku disainiga sobib see avalikesse kohtadesse nagu b\u00fcroohooned, riigiasutused, koolid, haiglad, pargid, v\u00e4ljakud, m\u00e4nguv\u00e4ljakud, spordiv\u00e4ljakud, vaba aja veetmise alad ja parkimiskohad.<\/p>\n<p>V\u00e4limus ja kohandamine<br \/>\n5-osaline ringluspr\u00fcgikast on viimistletud mustana (RAL 9005). Kliendid saavad ise paigaldatavad sorteerimistahvlid; tahvlite v\u00e4rvid vastavad j\u00e4\u00e4tmeliikidele ja neid saab valida kokku lepitud v\u00e4rvide j\u00e4rgi.<\/p>\n<p>Vastupidavus ja ilmastikukindlus<br \/>\nPr\u00fcgikast on valmistatud 0,8 mm kuumutatud tsingiterasest ja pulberv\u00e4rvitud, tagades vastupidavuse vihmale, k\u00fclmale, UV-kiirgusele ja k\u00f5rgetele temperatuuridele. Sobib kasutamiseks \u00f5ues ilma kaaneta ning on v\u00e4ga vastupidav ja kahjustuskindel.<\/p>\n<p>Praktiline disain<\/p>\n<p>  Vabal seismisel konstruktsioon optimaalse raskusega stabiilsuse ning lihtsa teisaldamise\/t\u00fchjendamise jaoks<br \/>\n  Siseosadest tsingitud terastoonid lihtsustavad t\u00fchjendamist ja puhastamist<br \/>\n  Suured \u00fclaavad suuremate esemete viskamiseks<br \/>\n  Eemaldatavad kaaned t\u00fchjendamise h\u00f5lbustamiseks<\/p>\n<p>Saadavad fraktsioonid (tahvli v\u00e4rvid)<\/p>\n<p>  Must \u2014 segapr\u00fcg<br \/>\n  Pruun \u2014 bioj\u00e4\u00e4tmed<br \/>\n  Sinine \u2014 paber<br \/>\n  Kollane \u2014 plast ja metallid<br \/>\n  Roheline \u2014 klaas<\/p>\n<p>Oluline info<\/p>\n<p>  Mahutavus: 5 \u00d7 50 L<br \/>\n  Materjal: 0,8 mm tsingiteras<br \/>\n  Viimistlus: Pulberv\u00e4rvitud, must (RAL 9005)<br \/>\n  Omadused: sise-tsingitud toonid, eemaldatavad kaaned, vabal seismisel konstruktsioon<\/p>\n","protected":false},"excerpt":{"rendered":"<p>Pr\u00fcgikast j\u00e4\u00e4tmete sorteerimiseks \u2014 ideaalne linnadele, parkimisaladele ja haljasaladele. ECO Modular 5\u00d750 L must pr\u00fcgikast teeb valikulise j\u00e4\u00e4tmekogumise kasutuselev\u00f5tu mis tahes v\u00e4lialal lihtsaks.<\/p>\n","protected":false},"featured_media":2300,"comment_status":"open","ping_status":"closed","template":"","meta":[],"product_brand":[],"product_cat":[70],"product_tag":[],"class_list":{"0":"post-2179","1":"product","2":"type-product","3":"status-publish","4":"has-post-thumbnail","6":"product_cat-waste-containers","8":"first","9":"instock","10":"taxable","11":"shipping-taxable","12":"purchasable","13":"product-type-simple"},"_links":{"self":[{"href":"https:\/\/eco-market24.com\/et\/wp-json\/wp\/v2\/product\/2179","targetHints":{"allow":["GET"]}}],"collection":[{"href":"https:\/\/eco-market24.com\/et\/wp-json\/wp\/v2\/product"}],"about":[{"href":"https:\/\/eco-market24.com\/et\/wp-json\/wp\/v2\/types\/product"}],"replies":[{"embeddable":true,"href":"https:\/\/eco-market24.com\/et\/wp-json\/wp\/v2\/comments?post=2179"}],"wp:featuredmedia":[{"embeddable":true,"href":"https:\/\/eco-market24.com\/et\/wp-json\/wp\/v2\/media\/2300"}],"wp:attachment":[{"href":"https:\/\/eco-market24.com\/et\/wp-json\/wp\/v2\/media?parent=2179"}],"wp:term":[{"taxonomy":"product_brand","embeddable":true,"href":"https:\/\/eco-market24.com\/et\/wp-json\/wp\/v2\/product_brand?post=2179"},{"taxonomy":"product_cat","embeddable":true,"href":"https:\/\/eco-market24.com\/et\/wp-json\/wp\/v2\/product_cat?post=2179"},{"taxonomy":"product_tag","embeddable":true,"href":"https:\/\/eco-market24.com\/et\/wp-json\/wp\/v2\/product_tag?post=2179"}],"curies":[{"name":"wp","href":"https:\/\/api.w.org\/{rel}","templated":true}]}}