{"id":2180,"date":"2025-09-29T16:21:13","date_gmt":"2025-09-29T14:21:13","guid":{"rendered":"https:\/\/eco-market24.com\/product\/eco-modular-modulaarne-sorteerimiskast-4-x-50-l-must\/"},"modified":"2025-09-29T20:02:28","modified_gmt":"2025-09-29T18:02:28","slug":"eco-modular-modulaarne-sorteerimiskast-4-x-50-l-must","status":"publish","type":"product","link":"https:\/\/eco-market24.com\/et\/toode\/eco-modular-modulaarne-sorteerimiskast-4-x-50-l-must\/","title":{"rendered":"Eco Modular modulaarne sorteerimiskast 4 \u00d7 50 l must"},"content":{"rendered":"<p>Ringlussev\u00f5tu konteiner, neljakambriline &#8211; ideaalne linnadele, parklatesse ja rohealadele<\/p>\n<p>\u00dclevaade<br \/>\nEko modulaarne 4 \u00d7 50 L must ringlusj\u00e4\u00e4tmete konteiner pakub lihtsat lahendust p\u00f5hiliseks selektiivseks j\u00e4\u00e4tmekogumiseks v\u00e4listingimustes. Kvaliteetse viimistluse ja minimalistliku disainiga sobib see neljakambriline konteiner avalikku ruumi: kontorihooned, riigiasutused, koolid, haiglad, pargid, v\u00e4ljakud, m\u00e4nguv\u00e4ljakud, spordiv\u00e4ljakud, basseinid, parklad ja elamualad.<\/p>\n<p>V\u00e4limus ja m\u00e4rgistus<br \/>\nKonteiner on pulberv\u00e4rvitud must (RAL 9005). Lisatud on kokkulepitud fraktsiooniv\u00e4rvides sorteerimissildid isekleepimiseks \u2014 kliendil on valik siltidest:<br \/>\n&#8211; Must \u2014 segapr\u00fcgi<br \/>\n&#8211; Pruun \u2014 bioj\u00e4\u00e4tmed<br \/>\n&#8211; Sinine \u2014 paber<br \/>\n&#8211; Kollane \u2014 plast ja metall<br \/>\n&#8211; Roheline \u2014 klaas<\/p>\n<p>Konstruktsioon: vaba seisev, modulaarne disain.<\/p>\n<p>Ilma- ja kahjustuskindel konstruktsioon<br \/>\nValmistatud 0,8 mm tsingitud terasest ja pulberv\u00e4rvkattega, konteiner talub vihma, k\u00fclma, UV-kiirgust ja k\u00f5rgeid temperatuure. M\u00f5eldud pikaajaliseks kasutamiseks v\u00e4litingimustes ilma varjualuseta, pakkudes vastupidavust ja kahjukindlust s\u00e4ilitades tagasihoidliku, \u00fcldlevinud v\u00e4limuse.<\/p>\n<p>Praktilised disainifunktsioonid<br \/>\n&#8211; Vaba seisev, optimaalse kaaluga lihtsaks liigutamiseks ja stabiilseks igap\u00e4evaseks kasutamiseks<br \/>\n&#8211; Tsinkitud terasest sisemahutid lihtsustavad t\u00fchjendamist ja puhastamist<br \/>\n&#8211; Suured laadimisavad mahukamate esemete jaoks<br \/>\n&#8211; Eemaldatavad kaaned t\u00fchjendamise h\u00f5lbustamiseks<\/p>\n<p>Peamised andmed<br \/>\n&#8211; Mahutavus: 4 \u00d7 50 L<br \/>\n&#8211; Materjal: 0,8 mm tsingitud teras<br \/>\n&#8211; Viimistlus: pulberv\u00e4rvitud must (RAL 9005)<br \/>\n&#8211; Sisemahutid: tsingitud teras<br \/>\n&#8211; Kaane t\u00fc\u00fcp: avanev \/ eemaldatav<br \/>\n&#8211; Konstruktsioon: vaba seisev modulaarne \u00fcksus<\/p>\n","protected":false},"excerpt":{"rendered":"<p>Neljakambriline j\u00e4\u00e4tmekonteiner taaskasutuseks \u2014 ideaalne linnadele, parklatesse ja haljasaladele. Modulaarne Eco 4 x 50 l must konteiner v\u00f5imaldab lihtsat j\u00e4\u00e4tmete liigiti kogumist igal v\u00e4lialal.<\/p>\n","protected":false},"featured_media":2301,"comment_status":"open","ping_status":"closed","template":"","meta":[],"product_brand":[],"product_cat":[70],"product_tag":[],"class_list":{"0":"post-2180","1":"product","2":"type-product","3":"status-publish","4":"has-post-thumbnail","6":"product_cat-waste-containers","8":"first","9":"instock","10":"taxable","11":"shipping-taxable","12":"purchasable","13":"product-type-simple"},"_links":{"self":[{"href":"https:\/\/eco-market24.com\/et\/wp-json\/wp\/v2\/product\/2180","targetHints":{"allow":["GET"]}}],"collection":[{"href":"https:\/\/eco-market24.com\/et\/wp-json\/wp\/v2\/product"}],"about":[{"href":"https:\/\/eco-market24.com\/et\/wp-json\/wp\/v2\/types\/product"}],"replies":[{"embeddable":true,"href":"https:\/\/eco-market24.com\/et\/wp-json\/wp\/v2\/comments?post=2180"}],"wp:featuredmedia":[{"embeddable":true,"href":"https:\/\/eco-market24.com\/et\/wp-json\/wp\/v2\/media\/2301"}],"wp:attachment":[{"href":"https:\/\/eco-market24.com\/et\/wp-json\/wp\/v2\/media?parent=2180"}],"wp:term":[{"taxonomy":"product_brand","embeddable":true,"href":"https:\/\/eco-market24.com\/et\/wp-json\/wp\/v2\/product_brand?post=2180"},{"taxonomy":"product_cat","embeddable":true,"href":"https:\/\/eco-market24.com\/et\/wp-json\/wp\/v2\/product_cat?post=2180"},{"taxonomy":"product_tag","embeddable":true,"href":"https:\/\/eco-market24.com\/et\/wp-json\/wp\/v2\/product_tag?post=2180"}],"curies":[{"name":"wp","href":"https:\/\/api.w.org\/{rel}","templated":true}]}}