{"id":371,"date":"2025-09-28T18:40:00","date_gmt":"2025-09-28T16:40:00","guid":{"rendered":"https:\/\/eco-market24.com\/product\/1100l-brown-waste-container-ese\/"},"modified":"2025-09-30T16:06:06","modified_gmt":"2025-09-30T14:06:06","slug":"1100l-brown-waste-container-ese","status":"publish","type":"product","link":"https:\/\/eco-market24.com\/et\/toode\/1100l-brown-waste-container-ese\/","title":{"rendered":"1100L pruun j\u00e4\u00e4tmekonteiner ESE"},"content":{"rendered":"\n<p>1100 l konteiner RAL-GZ951\/1 kvaliteedistandardiga<\/p>\n\n<p>ESE linnaj\u00e4\u00e4tmete konteinerite k\u00f5rgeima kvaliteedi ja keskkonnam\u00f5judele vastupidavuse kinnituseks on need t\u00e4histatud maailma k\u00f5rgeima kvaliteedistandardi RAL-GZ951\/1 j\u00e4rgi ning sertifitseeritud vastavalt standardile PN-EN 840. ESE br\u00e4ndi konteinerid on m\u00e4rgistatud CE-m\u00e4rgiga ja vastavad k\u00f5igile praegu kehtivatele Euroopa ja riiklikele standarditele.<\/p>\n\n<p>Saksa kaubam\u00e4rgi ESE poolt valmistatud pruun MGB pr\u00fcgikonteiner on vastupidav ja samal ajal keskkonnas\u00f5bralik, kuna see on valmistatud taaskasutatavast materjalist.<\/p>\n\n<p>MGB 1100 konteineril on lame, turvaline kaas ning neli ratast koos tugevdatud kattega ja piduritega kahe eesratta peal, muutes konteineri lihtsaks t\u00fchjendamiseks, transportimiseks ja tervise- ning t\u00f6\u00f6ohutusn\u00f5uetele vastavaks. Lisaks on konteineri p\u00f5hjas \u00e4ravooluava koos kinnitatava tihendiga, mis v\u00f5imaldab vedelj\u00e4\u00e4tmete vabalt \u00e4ra voolata.<\/p>\n\n<p>ESE 1100L j\u00e4\u00e4tmekonteineri k\u00f5rgeima kvaliteedi garantii<\/p>\n\n<p>Biolaguneva j\u00e4\u00e4tme sorteerimine ettev\u00f5ttes n\u00f5uab professionaalsete konteinerite kasutamist, mis taluvad sagedast kasutust ja mitmeaastast ekspluateerimist. ESE konteinerid on valmistatud kahjustuskindlast materjalist, neil on tugevdatud kerekonstruktsioon ja sile pind, mis h\u00f5lbustab hooldust ning konteineri puhtana hoidmist.<\/p>\n\n<p>Saksa ESE-j\u00e4\u00e4tmekonteineritel on omadused, mis eristavad neid teiste MGB-konteinerite seast kvaliteedi ja t\u00f6\u00f6kindluse poolest.<\/p>\n\n<ul class=\"wp-block-list\">\n<li>ESE konteinerid on valmistatud k\u00f5rge tihedusega HDPE-materjalist, t\u00e4nu millele on kogu konteineri kere \u2013 tagumine ja esisein ning konteineri p\u00f5hi \u2013 vastupidav deformeerumisele.<\/li>\n\n\n\n<li>ESE kaubam\u00e4rgi 1100 L pr\u00fcgikonteinerile on lubatud nominaalne koormus kuni 510 kg ning see on k\u00f5rgeim v\u00f5imalik nominaalne koormus k\u00f5igi 1100 L plastist linnapr\u00fcgikonteinerite hulgas.<\/li>\n\n\n\n<li>1100 l konteinerid on v\u00e4ga vastupidavad UV\u2011kiirgusele ja pakasele. 1100 l j\u00e4\u00e4tmekonteinerid on m\u00f5eldud v\u00e4listingimustes j\u00e4\u00e4tmete sorteerimiseks k\u00f5igis ilmastikutingimustes.<\/li>\n\n\n\n<li>Plastmaterjal, millest ESE-j\u00e4\u00e4tmekonteiner on valmistatud, on taaskasutatav. ESE-j\u00e4\u00e4tmekonteinerid on keskkonnas\u00f5bralikud.<\/li>\n\n\n\n<li>ESE kaubam\u00e4rgi pr\u00fcgikastid paistavad silma keemiliste ainete suhtes vastupidavuse poolest.<\/li>\n<\/ul>\n\n<p>MGB-konteiner kohandatud kammiga t\u00fchjendamiseks<\/p>\n\n<p>Neljarattalisi ESE-kaubam\u00e4rgi konteinerid lamekatega saab t\u00fchjendada j\u00e4\u00e4tmeveokitega, millel on k\u00fclg-, esi- ja tagaheitus. Konteineritel on k\u00fclgtihvtid, t\u00e4nu millele saab neid mehaaniliselt t\u00fchjendada mistahes konteineri servast.<\/p>\n\n<p>Konteinerid vastavad DIN-standardile ning neid saab t\u00fchjendada kammmeetodil. Proovi uuesti<\/p>\n","protected":false},"excerpt":{"rendered":"<ul>\n<li class=\"whitespace-normal break-words\"><strong>Kulumiskindel PE\u2011HD materjal<\/strong> \u2013 UV\u2011kindel ja lai temperatuurivahemik, ideaalne v\u00e4litingimusteks<\/li>\n<li class=\"whitespace-normal break-words\"><strong>Nominaalne kandev\u00f5ime kuni 510 kg<\/strong> \u2013 k\u00f5rgeim 1100 l konteinerite seas Euroopa turul<\/li>\n<li class=\"whitespace-normal break-words\"><strong>Kummist rattas\u00fcsteem \u00d8 20 cm piduritega ja tugevdatud katetega<\/strong> \u2013 vaikne ja mugav transport<\/li>\n<li class=\"whitespace-normal break-words\"><strong>Tugevdatud konstruktsioon metallist sisenditega k\u00fclgtappides ja ergonoomilised k\u00e4epidemed<\/strong><\/li>\n<li class=\"whitespace-normal break-words\"><strong>Pr\u00fcgiveoki \u00fchilduvus<\/strong> \u2013 kohandatud kamm\u2011 ja DIN\u2011t\u00fc\u00fcpi mahalaadimiss\u00fcsteemidele<\/li>\n<li class=\"whitespace-normal break-words\"><strong>T\u00e4ielik sorteerimiseks m\u00f5eldud v\u00e4rvivalik<\/strong> \u2013 must, sinine, kollane, roheline, pruun, punane<\/li>\n<li class=\"whitespace-normal break-words\"><strong>Kvaliteedisertifikaadid<\/strong> \u2013 vastab PN\u2011EN 840 standardile ja RAL\u2011GZ 951\/1 m\u00e4rgisele, CE\u2011sertifitseeritud<\/li>\n<\/ul>\n","protected":false},"featured_media":315,"comment_status":"open","ping_status":"closed","template":"","meta":[],"product_brand":[77],"product_cat":[123,122],"product_tag":[],"class_list":{"0":"post-371","1":"product","2":"type-product","3":"status-publish","4":"has-post-thumbnail","6":"product_brand-ese","7":"product_cat-4-rattalised-jaatmekonteinerid-1100l","8":"product_cat-jaatmekonteinerid","10":"first","11":"instock","12":"taxable","13":"shipping-taxable","14":"purchasable","15":"product-type-simple"},"_links":{"self":[{"href":"https:\/\/eco-market24.com\/et\/wp-json\/wp\/v2\/product\/371","targetHints":{"allow":["GET"]}}],"collection":[{"href":"https:\/\/eco-market24.com\/et\/wp-json\/wp\/v2\/product"}],"about":[{"href":"https:\/\/eco-market24.com\/et\/wp-json\/wp\/v2\/types\/product"}],"replies":[{"embeddable":true,"href":"https:\/\/eco-market24.com\/et\/wp-json\/wp\/v2\/comments?post=371"}],"wp:featuredmedia":[{"embeddable":true,"href":"https:\/\/eco-market24.com\/et\/wp-json\/wp\/v2\/media\/315"}],"wp:attachment":[{"href":"https:\/\/eco-market24.com\/et\/wp-json\/wp\/v2\/media?parent=371"}],"wp:term":[{"taxonomy":"product_brand","embeddable":true,"href":"https:\/\/eco-market24.com\/et\/wp-json\/wp\/v2\/product_brand?post=371"},{"taxonomy":"product_cat","embeddable":true,"href":"https:\/\/eco-market24.com\/et\/wp-json\/wp\/v2\/product_cat?post=371"},{"taxonomy":"product_tag","embeddable":true,"href":"https:\/\/eco-market24.com\/et\/wp-json\/wp\/v2\/product_tag?post=371"}],"curies":[{"name":"wp","href":"https:\/\/api.w.org\/{rel}","templated":true}]}}