{"id":372,"date":"2025-09-28T17:45:10","date_gmt":"2025-09-28T15:45:10","guid":{"rendered":"https:\/\/eco-market24.com\/product\/1100l-blue-waste-container-ese\/"},"modified":"2025-09-30T16:06:10","modified_gmt":"2025-09-30T14:06:10","slug":"1100l-blue-waste-container-ese","status":"publish","type":"product","link":"https:\/\/eco-market24.com\/et\/toode\/1100l-blue-waste-container-ese\/","title":{"rendered":"1100 l sinine j\u00e4\u00e4tmekonteiner ESE"},"content":{"rendered":"\n<p>EL standardile PN-EN 840 vastav konteiner<\/p>\n\n<p>1100 l ESE-t\u00fc\u00fcpi olmepr\u00fcgikonteineri k\u00f5rgeimat keskkonnam\u00f5judele vastupidavust kinnitab kvaliteedim\u00e4rk RAL-GZ951\/1 ja vastavus EL standardile PN-EN 840. Konteineril on sertifikaadid, mis tagavad m\u00fcrakaitsen\u00f5uete t\u00e4itmise, ning see on varustatud CE-m\u00e4rgisega.<\/p>\n\n<p>1100 l ESE-kaubam\u00e4rgi konteiner on turul saadavatest k\u00f5ige vastupidavam, esteetilisem ja funktsionaalsem kommunaalj\u00e4\u00e4tmete konteiner. Konteiner on varustatud tasase kaanega ja mugava, vaikse 20 cm l\u00e4bim\u00f5\u00f5duga kummiratastes\u00fcsteemiga, millel on lisatugevduskate ja esirataste pidurid. T\u00e4nu sellele on seda lihtne kasutada ja liigutada.<\/p>\n\n<p>4-rattaline j\u00e4\u00e4tmekonteiner 1100 l ESE<\/p>\n\n<p>T\u00f6\u00f6stus- ja linnaj\u00e4\u00e4tmete ladustamiseks tuleb kasutada sobivaid kontejnereid, mis on vastupidavad, valmistatud paksust materjalist, mis ei deformeeru, ning kergesti t\u00fchjendatavad ja teisaldatavad. ESE 1100 L linnaj\u00e4\u00e4tmete konteineril on omadused, mis eristavad seda kvaliteedi ja vastupidavuse poolest.<\/p>\n\n<p>MGB-konteiner on valmistatud vastupidavast suure tihedusega HDPE-plastist, talub UV-kiirgust ja laia temperatuurivahemikku. T\u00e4nu sellele saab 1100 l linnaolmepr\u00fcgikonteinerit hoida v\u00e4litingimustes igas ilmastikus. Lisaks tagab ESE 1100 l linnaolmepr\u00fcgikonteineri tootmiseks kasutatud suure tihedusega plast v\u00e4rvi intensiivsuse s\u00e4ilimise.<\/p>\n\n<p>1100 l ESE kaubam\u00e4rgi konteiner on tuntud keemiliste ainete suhtes vastupidavuse poolest. T\u00e4nu sellele sobib see linna- ja tootmisj\u00e4\u00e4tmete hoidmiseks, mis sisaldavad puhastusainete v\u00f5i muude preparaatide j\u00e4\u00e4ke. Konteiner ei reageeri kemikaalidega ega deformeeru.<\/p>\n\n<p>Anuma kohandamine kammide t\u00fchjendamise mehhanismidele<\/p>\n\n<p>MGB 1100 l pr\u00fcgikonteiner on kohandatud kamme- ning DIN-t\u00fc\u00fcpi t\u00fchjendamiseks. ESE linnalised pr\u00fcgikonteinerid on kohandatud t\u00fchjendamiseks k\u00f5igi traditsiooniliste pr\u00fcgiveokitega, mis koguvad pr\u00fcgi Poolas.<\/p>\n\n<p>ESE 1100 L konteineri nimikaal on 510 kg ja see on k\u00f5rgeim nimikoormus 1100 L konteineri jaoks k\u00f5igi Poola ja Euroopa turul saadaolevate olmepr\u00fcgikonteinerite seas. Proovi uuesti<\/p>\n\n<p><\/p>\n","protected":false},"excerpt":{"rendered":"<ul>\n<li class=\"whitespace-normal break-words\"><strong>Vastupidav PE-HD materjal<\/strong> \u2013 UV-kindel ja lai temperatuurivahemik, ideaalne \u00f5ues kasutamiseks<\/li>\n<li class=\"whitespace-normal break-words\"><strong>Nominaalne kandev\u00f5ime kuni 510 kg<\/strong> \u2013 k\u00f5rgeim 1100 l mahutite seas Euroopa turul<\/li>\n<li class=\"whitespace-normal break-words\"><strong>Kummist rattas\u00fcsteem \u00d8 20 cm pidurite ja tugevdatud kattetega<\/strong> \u2013 vaikne ja mugav transport<\/li>\n<li class=\"whitespace-normal break-words\"><strong>Tugevdatud konstruktsioon metallist insertidega k\u00fclgustesse ja ergonoomiliste k\u00e4epidemetega<\/strong><\/li>\n<li class=\"whitespace-normal break-words\"><strong>\u00dchilduv pr\u00fcgiveokitega<\/strong> \u2013 kohandatud kamm- ja DIN-t\u00fc\u00fcpi t\u00fchjendamiss\u00fcsteemidele<\/li>\n<li class=\"whitespace-normal break-words\"><strong>T\u00e4ielik sorteerimisv\u00e4rvide valik<\/strong> \u2013 must, sinine, kollane, roheline, pruun, punane<\/li>\n<li class=\"whitespace-normal break-words\"><strong>Kvaliteedisertifikaadid<\/strong> \u2013 vastavus PN-EN 840 standardile ja RAL-GZ951\/1 m\u00e4rgile, CE-sertifitseeritud<\/li>\n<\/ul>\n","protected":false},"featured_media":147,"comment_status":"open","ping_status":"closed","template":"","meta":[],"product_brand":[77],"product_cat":[123,122],"product_tag":[],"class_list":{"0":"post-372","1":"product","2":"type-product","3":"status-publish","4":"has-post-thumbnail","6":"product_brand-ese","7":"product_cat-4-rattalised-jaatmekonteinerid-1100l","8":"product_cat-jaatmekonteinerid","10":"first","11":"instock","12":"taxable","13":"shipping-taxable","14":"purchasable","15":"product-type-simple"},"_links":{"self":[{"href":"https:\/\/eco-market24.com\/et\/wp-json\/wp\/v2\/product\/372","targetHints":{"allow":["GET"]}}],"collection":[{"href":"https:\/\/eco-market24.com\/et\/wp-json\/wp\/v2\/product"}],"about":[{"href":"https:\/\/eco-market24.com\/et\/wp-json\/wp\/v2\/types\/product"}],"replies":[{"embeddable":true,"href":"https:\/\/eco-market24.com\/et\/wp-json\/wp\/v2\/comments?post=372"}],"wp:featuredmedia":[{"embeddable":true,"href":"https:\/\/eco-market24.com\/et\/wp-json\/wp\/v2\/media\/147"}],"wp:attachment":[{"href":"https:\/\/eco-market24.com\/et\/wp-json\/wp\/v2\/media?parent=372"}],"wp:term":[{"taxonomy":"product_brand","embeddable":true,"href":"https:\/\/eco-market24.com\/et\/wp-json\/wp\/v2\/product_brand?post=372"},{"taxonomy":"product_cat","embeddable":true,"href":"https:\/\/eco-market24.com\/et\/wp-json\/wp\/v2\/product_cat?post=372"},{"taxonomy":"product_tag","embeddable":true,"href":"https:\/\/eco-market24.com\/et\/wp-json\/wp\/v2\/product_tag?post=372"}],"curies":[{"name":"wp","href":"https:\/\/api.w.org\/{rel}","templated":true}]}}