{"id":375,"date":"2025-09-28T18:40:02","date_gmt":"2025-09-28T16:40:02","guid":{"rendered":"https:\/\/eco-market24.com\/product\/1100l-green-waste-container-ese\/"},"modified":"2025-09-28T20:27:35","modified_gmt":"2025-09-28T18:27:35","slug":"1100l-green-waste-container-ese","status":"publish","type":"product","link":"https:\/\/eco-market24.com\/et\/toode\/1100l-green-waste-container-ese\/","title":{"rendered":"1100 l roheline j\u00e4\u00e4tmekonteiner ESE"},"content":{"rendered":"\n<p>Siin on ingliskeelne t\u00f5lge:<\/p>\n\n<p>ESE-konteiner RAL-GZ951\/1 kvaliteedim\u00e4rgiga<\/p>\n\n<p>ESE kaubam\u00e4rgi olmepr\u00fcgikonteinerite k\u00f5rgeima kvaliteedi ja nende vastupidavuse v\u00e4listele keskkonnam\u00f5juritele kinnituseks on RAL-GZ951\/1 kvaliteedim\u00e4rk ning vastavus Euroopa Liidu standardile PN-EN 840. ESE kaubam\u00e4rgi konteinerid on m\u00e4rgistatud CE-m\u00e4rgiga ning neil on sertifikaadid, mis tagavad vastavuse m\u00fcrakaitsen\u00f5uetele.<\/p>\n\n<p>Roheline 1100 l konteiner, mille toodab saksa br\u00e4nd ESE, on Poola turul saadaolevatest k\u00f5ige funktsionaalsem, vastupidavam ja samal ajal esteetilisem v\u00e4line linnaj\u00e4\u00e4tmete konteiner. ESE konteineril on lame, kerge kaas ning mugav komplekt neljast kummirattast t\u00e4iendava tugevdusega kattega ja esiratastel piduritega, mis teeb kasutamise lihtsaks ja transportimise vaikseks.<\/p>\n\n<p>ESE-kaubam\u00e4rgi 1100 l j\u00e4\u00e4tmekonteineri k\u00f5rge kvaliteet<\/p>\n\n<p>T\u00f6\u00f6stusj\u00e4\u00e4tmete sorteerimine ettev\u00f5ttes n\u00f5uab professionaalsete konteinerite kasutamist, mis taluvad sagedast kasutamist ja koormust. MGB-konteinerid peaksid olema valmistatud paksust, kahjustuskindlast materjalist ning olema kergesti transporditavad ja t\u00fchjendatavad.<\/p>\n\n<p>Saksa ESE-kaubam\u00e4rgi linnaj\u00e4\u00e4tmekonteineritel on omadused, mis eristavad neid teistest konteineritest k\u00f5rge kvaliteedi ja vastupidavuse poolest.<\/p>\n\n<ul class=\"wp-block-list\">\n<li>ESE-konteinerid on valmistatud k\u00f5rge tihedusega PE-HD materjalist, mist\u00f5ttu kogu konteineri konstruktsioon \u2014 seinad, p\u00f5hi ja kaas \u2014 on vastupidav deformeerumisele ja m\u00f5lkidele.<\/li>\n\n\n\n<li>Konteinerid on p\u00e4ikesevalguse suhtes vastupidavad ja taluvad h\u00e4sti madalaid ja k\u00f5rgeid temperatuure. 1100-liitrised munitsipaalsed j\u00e4\u00e4tmekonteinerid on m\u00f5eldud v\u00e4liseks j\u00e4\u00e4tmete sortimiseks igasugustes ilmastikutingimustes.<\/li>\n\n\n\n<li>ESE 1100L konteinerite tootmisel kasutatav k\u00f5rge tihedusega pol\u00fcet\u00fcleen tagab rohelise v\u00e4rvi intensiivsuse s\u00e4ilimise.<\/li>\n\n\n\n<li>ESE-kaubam\u00e4rgi j\u00e4\u00e4tmekonteinerid paistavad silma ka keemiate suhtes vastupidavusega, mida nendes hoitakse. Konteinereid saab kasutada j\u00e4reltootmisj\u00e4\u00e4tmete eraldamiseks, mis sisaldavad puhastusainete j\u00e4\u00e4ke v\u00f5i muid sarnaseid aineid, mida v\u00f5ib pidada ohtlikeks.<\/li>\n<\/ul>\n\n<p>ESE-konteinerid kohandatud kammide t\u00fchjendamiseks<\/p>\n\n<p>ESE kaubam\u00e4rgi 1100 l linnaolmepr\u00fcgi konteinerid on kohandatud t\u00fchjendamiseks nii kammmehhanismi kui ka DIN\u2011t\u00fc\u00fcpi t\u00fchjenduse abil. ESE MGB\u2011konteinerit saavad k\u00f5ik Poolas pr\u00fcgi koguvad pr\u00fcgiautod h\u00f5lpsasti t\u00fchjendada.<\/p>\n\n<p>ESE 1100\u2011liitriste konteinerite nimimass on 510 kg ning see on k\u00f5rgeim v\u00f5imalik nimikoormus 1100\u2011liitriste konteinerite hulgas k\u00f5igi plastist t\u00f6\u00f6stusj\u00e4\u00e4tmete konteinerite seas.<\/p>\n\n<p><\/p>\n","protected":false},"excerpt":{"rendered":"<ul>\n<li class=\"whitespace-normal break-words\"><strong>Vastupidav PE-HD materjal<\/strong> \u2013 UV-kindel ja lai temperatuuriulatus, sobib ideaalselt v\u00e4litingimustesse<\/li>\n<li class=\"whitespace-normal break-words\"><strong>Nimimahtuvus kuni 510 kg<\/strong> \u2013 k\u00f5rgeim 1100 l konteinerite seas Euroopa turul<\/li>\n<li class=\"whitespace-normal break-words\"><strong>Kummist rattas\u00fcsteem \u00d8 20 cm piduritega ja tugevdatud katetega<\/strong> \u2013 vaikne ja lihtne transport<\/li>\n<li class=\"whitespace-normal break-words\"><strong>Tugevdatud konstruktsioon metallist sisestustega k\u00fclgtihvtides ja ergonoomiliste k\u00e4epidemetega<\/strong><\/li>\n<li class=\"whitespace-normal break-words\"><strong>\u00dchilduvus pr\u00fcgivedukitega<\/strong> \u2013 kohandatud kamm- ja DIN-t\u00fc\u00fcpi t\u00fchjuss\u00fcsteemidele<\/li>\n<li class=\"whitespace-normal break-words\"><strong>T\u00e4ielik j\u00e4\u00e4tmete sorteerimise v\u00e4rvivalik<\/strong> \u2013 must, sinine, kollane, roheline, pruun, punane<\/li>\n<li class=\"whitespace-normal break-words\"><strong>Kvaliteedisertifikaadid<\/strong> \u2013 vastab PN-EN 840 standardile ja RAL-GZ 951\/1 t\u00e4hisele, CE-sertifikaat<\/li>\n<\/ul>\n","protected":false},"featured_media":328,"comment_status":"open","ping_status":"closed","template":"","meta":[],"product_brand":[77],"product_cat":[123,122],"product_tag":[],"class_list":{"0":"post-375","1":"product","2":"type-product","3":"status-publish","4":"has-post-thumbnail","6":"product_brand-ese","7":"product_cat-4-rattalised-jaatmekonteinerid-1100l","8":"product_cat-jaatmekonteinerid","10":"first","11":"instock","12":"taxable","13":"shipping-taxable","14":"purchasable","15":"product-type-simple"},"_links":{"self":[{"href":"https:\/\/eco-market24.com\/et\/wp-json\/wp\/v2\/product\/375","targetHints":{"allow":["GET"]}}],"collection":[{"href":"https:\/\/eco-market24.com\/et\/wp-json\/wp\/v2\/product"}],"about":[{"href":"https:\/\/eco-market24.com\/et\/wp-json\/wp\/v2\/types\/product"}],"replies":[{"embeddable":true,"href":"https:\/\/eco-market24.com\/et\/wp-json\/wp\/v2\/comments?post=375"}],"wp:featuredmedia":[{"embeddable":true,"href":"https:\/\/eco-market24.com\/et\/wp-json\/wp\/v2\/media\/328"}],"wp:attachment":[{"href":"https:\/\/eco-market24.com\/et\/wp-json\/wp\/v2\/media?parent=375"}],"wp:term":[{"taxonomy":"product_brand","embeddable":true,"href":"https:\/\/eco-market24.com\/et\/wp-json\/wp\/v2\/product_brand?post=375"},{"taxonomy":"product_cat","embeddable":true,"href":"https:\/\/eco-market24.com\/et\/wp-json\/wp\/v2\/product_cat?post=375"},{"taxonomy":"product_tag","embeddable":true,"href":"https:\/\/eco-market24.com\/et\/wp-json\/wp\/v2\/product_tag?post=375"}],"curies":[{"name":"wp","href":"https:\/\/api.w.org\/{rel}","templated":true}]}}