{"id":376,"date":"2025-09-28T18:39:58","date_gmt":"2025-09-28T16:39:58","guid":{"rendered":"https:\/\/eco-market24.com\/product\/1100l-yellow-waste-container-ese\/"},"modified":"2025-09-30T16:06:08","modified_gmt":"2025-09-30T14:06:08","slug":"1100l-yellow-waste-container-ese","status":"publish","type":"product","link":"https:\/\/eco-market24.com\/et\/toode\/1100l-yellow-waste-container-ese\/","title":{"rendered":"1100 l kollane j\u00e4\u00e4tmekonteiner ESE"},"content":{"rendered":"\n<p>ESE konteiner vastab PN-EN 840 standardile<\/p>\n\n<p>1100 l t\u00f6\u00f6stusj\u00e4\u00e4tmete konteineri k\u00f5rgeima kvaliteedi ja keskkonnateguritele vastupidavuse kinnituseks on RAL-GZ951\/1 kvaliteedim\u00e4rgis ja vastavus Euroopa Liidu standardile PN-EN 840. ESE konteiner on t\u00e4histatud CE-m\u00e4rgiga ning sellel on sertifikaadid, mis tagavad vastavuse m\u00fcrakaitsen\u00f5uetele.<\/p>\n\n<p>See kollane 1100-liitrine konteiner Saksa br\u00e4ndilt ESE on k\u00f5ige funktsionaalsem, vastupidavam ja \u00fchtlasi esteetilisem v\u00e4listingimustes kasutatav linnaj\u00e4\u00e4tmekonteiner, mis Poola turul saadaval on. ESE konteineril on lame, kerge kaas ning mugav nelja kummirataste komplekt koos t\u00e4iendava tugevduse katte ja esirataste piduritega, mis muudavad selle kasutamise lihtsaks ja transportimisel vaikseks.<\/p>\n\n<p>Funktsionaalne ja vastupidav 1100 l j\u00e4\u00e4tmekonteiner<\/p>\n\n<p>Ettev\u00f5ttes olmepr\u00fcgi sorteerimiseks tuleb kasutada t\u00f6\u00f6kindlaid konteinereid, mis taluvad igap\u00e4evast kasutust ja rasket koormust, on valmistatud paksust deformeerumisele vastupidavast materjalist ning kergesti t\u00fchjendatavad ja transporditavad.<\/p>\n\n<p>Saksa br\u00e4ndi ESE olmepr\u00fcgikastil on eeliseid, mis eristavad seda kvaliteedi ja vastupidavuse poolest v\u00f5rreldes teiste konteineritega.<\/p>\n\n<ul class=\"wp-block-list\">\n<li>ESE konteiner on valmistatud k\u00f5rge tihedusega pol\u00fcet\u00fcleenist, mist\u00f5ttu pr\u00fcgikasti konstruktsioon, seinad, p\u00f5hi ja kaas on vastupidavad deformeerumisele ja m\u00f5lkidele.<\/li>\n\n\n\n<li>Pr\u00fcgikast on UV\u2011p\u00e4ikesevalguse suhtes vastupidav ja talub k\u00f5rgeid temperatuure. 1100\u2011liitrine linnaolmepr\u00fcgikonteiner on loodud v\u00e4likasutuseks j\u00e4\u00e4tmete sortimiseks k\u00f5igis ilmastikuoludes.<\/li>\n\n\n\n<li>1100L ESE-kaubam\u00e4rgi konteineri tootmisel kasutatav k\u00f5rge tihedusega materjal tagab kollase v\u00e4rvi intensiivsuse s\u00e4ilimise.<\/li>\n\n\n\n<li>1100 L ESE-br\u00e4ndi konteiner paistab silma ka keemikalikindlusega. Seda saab kasutada tootmisj\u00e4\u00e4tmete eraldamiseks, mis sisaldavad puhastusvahendite v\u00f5i teiste ainete j\u00e4\u00e4ke.<\/li>\n<\/ul>\n\n<p>MGB 1100 konteiner, kohandatud kamma t\u00fchjendamiseks<\/p>\n\n<p>1100-liitrine ESE-kaubam\u00e4rgi j\u00e4\u00e4tmekonteiner on kohandatud kammiga t\u00fchjenduss\u00fcsteemile ning DIN-t\u00fc\u00fcpi t\u00fchjendusele. ESE t\u00f6\u00f6stuslikke j\u00e4\u00e4tmekonteinereid saavad Poolas j\u00e4\u00e4tmeid koguvad pr\u00fcgiveokid h\u00f5lpsasti t\u00fchjendada.<\/p>\n\n<p>ESE-konteineri (1100 L) nimikaal on 510 kg ning see on k\u00f5rgeim v\u00f5imalik nimikoormus 1100 L konteineri puhul k\u00f5igi HDPE-plastist linnapr\u00fcgikonteinerite seas. Proovi uuesti<\/p>\n","protected":false},"excerpt":{"rendered":"<ul>\n<li class=\"whitespace-normal break-words\"><strong>Vastupidav PE-HD materjal<\/strong> \u2013 UV-kindel ja lai t\u00f6\u00f6temperatuuri vahemik, ideaalne v\u00e4litingimustesse<\/li>\n<li class=\"whitespace-normal break-words\"><strong>Nimimahtuvus kuni 510 kg<\/strong> \u2013 k\u00f5rgeim 1100 l konteinerite seas Euroopa turul<\/li>\n<li class=\"whitespace-normal break-words\"><strong>Kummrataste s\u00fcsteem \u00d8 20 cm piduritega ja tugevdatud kaitsekatetega<\/strong> \u2013 vaikne ja lihtne transport<\/li>\n<li class=\"whitespace-normal break-words\"><strong>Tugevdatud konstruktsioon metallsete siset\u00fckkidega k\u00fclgetihvtides ja ergonoomiliste k\u00e4epidemetega<\/strong><\/li>\n<li class=\"whitespace-normal break-words\"><strong>Sobib pr\u00fcgiveokitele<\/strong> \u2013 kohandatud kammi- ja DIN-t\u00fc\u00fcpi t\u00fchjendamiss\u00fcsteemidele<\/li>\n<li class=\"whitespace-normal break-words\"><strong>T\u00e4ielik v\u00e4rvivalik j\u00e4\u00e4tmete sorteerimiseks<\/strong> \u2013 must, sinine, kollane, roheline, pruun, punane<\/li>\n<li class=\"whitespace-normal break-words\"><strong>Kvaliteedisertifikaadid<\/strong> \u2013 vastab standardile PN-EN 840 ja RAL-GZ951\/1, CE-sertifikaat<\/li>\n<\/ul>\n","protected":false},"featured_media":274,"comment_status":"open","ping_status":"closed","template":"","meta":[],"product_brand":[77],"product_cat":[123,122],"product_tag":[],"class_list":{"0":"post-376","1":"product","2":"type-product","3":"status-publish","4":"has-post-thumbnail","6":"product_brand-ese","7":"product_cat-4-rattalised-jaatmekonteinerid-1100l","8":"product_cat-jaatmekonteinerid","10":"first","11":"instock","12":"taxable","13":"shipping-taxable","14":"purchasable","15":"product-type-simple"},"_links":{"self":[{"href":"https:\/\/eco-market24.com\/et\/wp-json\/wp\/v2\/product\/376","targetHints":{"allow":["GET"]}}],"collection":[{"href":"https:\/\/eco-market24.com\/et\/wp-json\/wp\/v2\/product"}],"about":[{"href":"https:\/\/eco-market24.com\/et\/wp-json\/wp\/v2\/types\/product"}],"replies":[{"embeddable":true,"href":"https:\/\/eco-market24.com\/et\/wp-json\/wp\/v2\/comments?post=376"}],"wp:featuredmedia":[{"embeddable":true,"href":"https:\/\/eco-market24.com\/et\/wp-json\/wp\/v2\/media\/274"}],"wp:attachment":[{"href":"https:\/\/eco-market24.com\/et\/wp-json\/wp\/v2\/media?parent=376"}],"wp:term":[{"taxonomy":"product_brand","embeddable":true,"href":"https:\/\/eco-market24.com\/et\/wp-json\/wp\/v2\/product_brand?post=376"},{"taxonomy":"product_cat","embeddable":true,"href":"https:\/\/eco-market24.com\/et\/wp-json\/wp\/v2\/product_cat?post=376"},{"taxonomy":"product_tag","embeddable":true,"href":"https:\/\/eco-market24.com\/et\/wp-json\/wp\/v2\/product_tag?post=376"}],"curies":[{"name":"wp","href":"https:\/\/api.w.org\/{rel}","templated":true}]}}