{"id":378,"date":"2025-09-28T12:27:26","date_gmt":"2025-09-28T10:27:26","guid":{"rendered":"https:\/\/eco-market24.com\/product\/1100l-black-waste-container-ese\/"},"modified":"2025-10-15T08:28:54","modified_gmt":"2025-10-15T06:28:54","slug":"1100l-black-waste-container-ese","status":"publish","type":"product","link":"https:\/\/eco-market24.com\/et\/toode\/1100l-black-waste-container-ese\/","title":{"rendered":"1100 l must j\u00e4\u00e4tmekonteiner ESE"},"content":{"rendered":"\n<p>1100 L j\u00e4\u00e4tmekonteiner \u2013 garanteeritud tootekvaliteet<\/p>\n\n<p>T\u00f5hus j\u00e4\u00e4tmete sorteerimine \u00e4ripindadel n\u00f5uab sobivaid 1100 l mahuteid, mis on vastupidavad, sagedaseks kasutamiseks m\u00f5eldud ning kergesti t\u00fchjendatavad ja hooldatavad.<\/p>\n\n<p>1100L konteiner on valmistatud vastupidavast PE\u2011HD plastikust s\u00fcstvalutehnoloogiat kasutades. K\u00f5rge tihedusega pol\u00fcet\u00fcleen tagab MGB-konteineri p\u00fcsiva v\u00e4rviintensiivsuse.<\/p>\n\n<p>Mahuti materjal on UV-kindel ja talub laia temperatuurivahemikku. See v\u00f5imaldab 1100L mahuti hoidmist v\u00e4litingimustes k\u00f5igis ilmastikutingimustes.<\/p>\n\n<p>ESE 1100L konteineril on ka suurep\u00e4rane keemiline vastupidavus. 1100L konteinerisse saab hoida t\u00f6\u00f6stuslikke j\u00e4\u00e4tmeid, mis sisaldavad puhastusvahendite j\u00e4\u00e4ke ja muid keemilisi preparaate. Plastmaterjal ei deformeeru ega reageeri kemikaalidega nende m\u00f5jul.<\/p>\n\n<p>1100 l j\u00e4\u00e4tmekonteiner \u2013 mugavus ja funktsionaalsus<\/p>\n\n<p>Saksa br\u00e4ndi ESE MGB 1100 konteiner on funktsionaalne, vastupidav ja esteetiline. Konteineril on lame kaas ning mugav, vaikne kummirattas\u00fcsteem 20 cm l\u00e4bim\u00f5\u00f5duga ratastega, tugevdatud kaitsekatted ja esiratastel pidurid. See muudab 1100-liitrise konteineri lihtsaks liigutada ja t\u00fchjendada.<\/p>\n\n<p>1100\u2011liitrise konteineri kereehitust on lisaks tugevdatud, eriti k\u00f5ige rohkem koormuse all olevates kohtades. Iga ESE 1100\u2011liitrine j\u00e4\u00e4tmekonteiner testitakse tootmise k\u00e4igus arvuti abil vastupidavuse osas.<\/p>\n\n<p>1100\u00adliitrine konteiner on varustatud k\u00fclgpindidega, mis on tugevdatud metalltorudega, nelja ergonoomilise k\u00e4epidemega k\u00fclgseintel ja p\u00f5hjas asuva \u00e4ravooluavaga.<\/p>\n\n<p>ESE 1100L pr\u00fcgikast on saadaval k\u00f5igis sortimisv\u00e4rvides:<\/p>\n\n<ul class=\"wp-block-list\">\n<li>Must \u2013 seguj\u00e4\u00e4tmete jaoks<\/li>\n\n\n\n<li>Sinine 1100-liitrine paberikonteiner<\/li>\n\n\n\n<li>Kollane \u2013 plasti jaoks<\/li>\n\n\n\n<li>Roheline 1100 l konteiner klaasile<\/li>\n\n\n\n<li>Pruun \u2013 orgaaniliste j\u00e4\u00e4tmete jaoks<\/li>\n\n\n\n<li>Punane \u2013 metallile<\/li>\n<\/ul>\n\n<p>ESE 1100-liitrine konteiner &#8211; standardid ja sertifikaadid<\/p>\n\n<p>Selle, et ESE must 1100\u2011liitrine j\u00e4\u00e4tmekonteiner eristub k\u00f5rge keskkonnakindluse poolest, kinnitab EL-standard PN\u2011EN 840 ja k\u00f5rgeim rahvusvaheline kvaliteedim\u00e4rk RAL\u2011GZ951\/1. 1100\u2011liitrine konteiner on saanud ka sertifikaadid m\u00fcra kaitse n\u00f5uete t\u00e4itmise kohta ning kannab CE\u2011m\u00e4rgist.<\/p>\n\n<p>1100-liitrine konteiner kohandatud kammi t\u00fchjendamiseks<\/p>\n\n<p>See on \u00fcks 1100-liitriste konteinerite olulisemaid omadusi. ESE 1100-liitrine j\u00e4\u00e4tmekonteiner on kohandatud nii kamm-t\u00fchjendusmehhanismidele kui ka DIN-t\u00fc\u00fcpi t\u00fchjendusele. ESE linnaj\u00e4\u00e4tmete konteinerid on \u00fchilduvad k\u00f5igi Poolas tegutsevate tavap\u00e4raste pr\u00fcgiautodega.<\/p>\n\n<p>1100 l konteineri m\u00f5\u00f5tmed ja kaal<\/p>\n\n<p>ESE 1100-liitrine j\u00e4\u00e4tmekonteiner on j\u00e4rgmiste m\u00f5\u00f5tmetega:<\/p>\n\n<ul class=\"wp-block-list\">\n<li>K\u00f5rgus \u2013 137 cm<\/li>\n\n\n\n<li>Laius \u2013 137,5 cm<\/li>\n\n\n\n<li>S\u00fcgavus \u2013 107,5 cm<\/li>\n<\/ul>\n\n<p>Kui palju kaalub 1100-liitrine konteiner? 1100-liitrise j\u00e4\u00e4tmekonteineri tegelik kaal on 49 kg. Kuid 1100-liitrise j\u00e4\u00e4tmekonteineri koormatud nimikaal v\u00f5ib ulatuda kuni 510 kg, mis on suurim nimikaal k\u00f5igi Euroopa turul olevate 1100 l plastj\u00e4\u00e4tmekonteinerite hulgas.<\/p>\n","protected":false},"excerpt":{"rendered":"<ul>\n<li class=\"whitespace-normal break-words\"><strong>Vastupidav PE-HD materjal<\/strong> \u2013 UV-kindel ja lai temperatuurivahemik, ideaalne v\u00e4litingimustesse<\/li>\n<li class=\"whitespace-normal break-words\"><strong>Nimimahtuvus kuni 510 kg<\/strong> \u2013 k\u00f5rgeim 1100 L konteinerite seas Euroopa turul<\/li>\n<li class=\"whitespace-normal break-words\"><strong>Kummist rattas\u00fcsteem \u00d8 20 cm piduritega ja tugevdatud kaitsekattega<\/strong> \u2013 vaikne ja lihtne transport<\/li>\n<li class=\"whitespace-normal break-words\"><strong>Tugevdatud konstruktsioon metallist siset\u00fckkidega k\u00fclgtappides ja ergonoomiliste k\u00e4epidemetega<\/strong><\/li>\n<li class=\"whitespace-normal break-words\"><strong>Sobivus pr\u00fcgiveokitega<\/strong> \u2013 kohandatud kamm- ja DIN-t\u00fc\u00fcpi t\u00fchjenduss\u00fcsteemidele<\/li>\n<li class=\"whitespace-normal break-words\"><strong>T\u00e4ielik sorteerimisv\u00e4rvide valik<\/strong> \u2013 must, sinine, kollane, roheline, pruun, punane<\/li>\n<li class=\"whitespace-normal break-words\"><strong>Kvaliteedisertifikaadid<\/strong> \u2013 vastab standardile PN-EN 840 ja RAL-GZ 951\/1 m\u00e4rgisele, CE-sertifikaat<\/li>\n<\/ul>\n","protected":false},"featured_media":195,"comment_status":"open","ping_status":"closed","template":"","meta":[],"product_brand":[77],"product_cat":[123,122],"product_tag":[],"class_list":{"0":"post-378","1":"product","2":"type-product","3":"status-publish","4":"has-post-thumbnail","6":"product_brand-ese","7":"product_cat-4-rattalised-jaatmekonteinerid-1100l","8":"product_cat-jaatmekonteinerid","10":"first","11":"instock","12":"taxable","13":"shipping-taxable","14":"purchasable","15":"product-type-simple"},"_links":{"self":[{"href":"https:\/\/eco-market24.com\/et\/wp-json\/wp\/v2\/product\/378","targetHints":{"allow":["GET"]}}],"collection":[{"href":"https:\/\/eco-market24.com\/et\/wp-json\/wp\/v2\/product"}],"about":[{"href":"https:\/\/eco-market24.com\/et\/wp-json\/wp\/v2\/types\/product"}],"replies":[{"embeddable":true,"href":"https:\/\/eco-market24.com\/et\/wp-json\/wp\/v2\/comments?post=378"}],"wp:featuredmedia":[{"embeddable":true,"href":"https:\/\/eco-market24.com\/et\/wp-json\/wp\/v2\/media\/195"}],"wp:attachment":[{"href":"https:\/\/eco-market24.com\/et\/wp-json\/wp\/v2\/media?parent=378"}],"wp:term":[{"taxonomy":"product_brand","embeddable":true,"href":"https:\/\/eco-market24.com\/et\/wp-json\/wp\/v2\/product_brand?post=378"},{"taxonomy":"product_cat","embeddable":true,"href":"https:\/\/eco-market24.com\/et\/wp-json\/wp\/v2\/product_cat?post=378"},{"taxonomy":"product_tag","embeddable":true,"href":"https:\/\/eco-market24.com\/et\/wp-json\/wp\/v2\/product_tag?post=378"}],"curies":[{"name":"wp","href":"https:\/\/api.w.org\/{rel}","templated":true}]}}