{"id":1202,"date":"2025-09-29T16:22:24","date_gmt":"2025-09-29T14:22:24","guid":{"rendered":"https:\/\/eco-market24.com\/product\/plieninis-konteineris-kp7-atidarytas\/"},"modified":"2025-09-29T19:58:45","modified_gmt":"2025-09-29T17:58:45","slug":"plieninis-konteineris-kp7-atidarytas","status":"publish","type":"product","link":"https:\/\/eco-market24.com\/lt\/produktas\/plieninis-konteineris-kp7-atidarytas\/","title":{"rendered":"Plieninis konteineris KP7 atidarytas"},"content":{"rendered":"<p>Atspari KP 7 konteinerio konstrukcija<br \/>\nKP 7 konteineriai gaminami i\u0161 auk\u0161tos kokyb\u0117s plieno lak\u0161to, u\u017etikrinan\u010dio kokyb\u0117s standart\u0173 atitikt\u012f ir efektyv\u0173 stambiagabaritini\u0173 atliek\u0173 tvarkymo proces\u0105. Standartin\u0117je versijoje suvirinta plienin\u0117 konstrukcija sustiprinta u\u017edarais profiliais ir \u0161alto valcavimo kanalais. Universal\u016bs KP7 konteineriai papildomai apsaugoti nuo oro s\u0105lyg\u0173 antikoroziniais gruntavimo da\u017eais, kurie neleid\u017eia prasiskverbti dr\u0117gmei.<\/p>\n<p>KP7 konteineriai, pritaikyti kabintuvin\u0117ms ir vartomoms savivar\u010diams<br \/>\nKonteineriai pritaikyti trims sistemoms. Galima rinktis:<\/p>\n<p>  KP 7 konteineris tik kabintuvin\u0117ms ma\u0161inoms (kablio auk\u0161tis 1,2 m)<br \/>\n  Konteineris tik vartomoms (gate-lift) ma\u0161inoms<br \/>\n  Universalus KP 7, suderinamas su vartymo \u012frenginiais (atitinka DIN 30720) ir kabliavimo \u012frenginiais (kablio auk\u0161tis 1,2 m)<\/p>\n<p>KP 7 konteineris \u2013 panaudojimas<br \/>\nKP7 konteineriai tinka stambiagabaritini\u0173, sunki\u0173 komunalini\u0173, statybini\u0173 ir pramonini\u0173 atliek\u0173 surinkimui ir transportavimui. Tai universalus sprendimas daugeliui objekt\u0173, \u012fmoni\u0173 ir \u012fstaig\u0173, pvz.:<\/p>\n<p>  PSZOK\u2019ai (atid\u017eios komunalini\u0173 atliek\u0173 surinkimo punktai)<br \/>\n  Nuotek\u0173 valyklos<br \/>\n  Gamybos ir statybos \u012fmon\u0117s<br \/>\n  Savivaldybi\u0173 \u012fstaigos<br \/>\n  Kapin\u0117s<\/p>\n<p>Statybini\u0173 atliek\u0173 konteineriai gali b\u016bti atviri arba u\u017edari su keliomis sklend\u0117mis.<\/p>\n<p>KP 7 konteineris \u2013 matmenys ir lak\u0161to storis<br \/>\nStandartin\u0117s KP7 versijos paprastai si\u016blomos dviej\u0173 dyd\u017ei\u0173:<\/p>\n<p>  3400 \u00d7 1650 \u00d7 1010 mm \u2014 talpa 6,5 m\u00b3<br \/>\n  3500 \u00d7 1700 \u00d7 1150 mm \u2014 talpa 7 m\u00b3<\/p>\n<p>Matmenys gali b\u016bti pritaikyti individualiems reikalavimams. Standartiniai lak\u0161to storio variantai:<\/p>\n<p>  \u0160onai ir dugnas 3 mm storio<br \/>\n  \u0160onai 2 mm storio, dugnas 3 mm storio<\/p>\n<p>Statybini\u0173 atliek\u0173 konteineris \u2013 pritaikymas pagal j\u016bs\u0173 poreikius<br \/>\nGalimos individualizacijos:<\/p>\n<p>  Kliento pasirenkama da\u017e\u0173 spalva<br \/>\n  Sandari konstrukcija su nuolatiniu si\u016ble<br \/>\n  Vir\u0161utin\u0117 sklend\u0117 su vyriu (standartiniai konteineriai turi duris, atsidaran\u010dias \u017eemyn arba \u012f \u0161on\u0105)<br \/>\n  Papildomi tent\u0173 kabliukai<br \/>\n  Gamyba i\u0161 S500\u2013700 plien\u0173 (teigiamas tempimo r\u0117\u017eis Re = 500\u2013700 MPa)<br \/>\n  Premium versijos i\u0161 auk\u0161tos kokyb\u0117s, ner\u016bdijan\u010dio ir dilimui atsparaus plieno (Raex, Hardox, Domex) \u2014 lengvesn\u0117 konstrukcija neaukojant stiprumo<\/p>\n","protected":false},"excerpt":{"rendered":"<p>Tvirta KP 7 konteinerio konstrukcija. Pagaminti i\u0161 auk\u0161tos kokyb\u0117s plieno, KP 7 konteineriai atitinka grie\u017etus kokyb\u0117s standartus ir u\u017etikrina efektyv\u0173 stambiagabarit\u0117s atliek\u0173 tvarkym\u0105; \u012fprasta suvirinta plienin\u0117 konstrukcija sustiprinta profiliais.<\/p>\n","protected":false},"featured_media":1696,"comment_status":"open","ping_status":"closed","template":"","meta":[],"product_brand":[],"product_cat":[211],"product_tag":[],"class_list":{"0":"post-1202","1":"product","2":"type-product","3":"status-publish","4":"has-post-thumbnail","6":"product_cat-plieniniai-konteineriai","8":"first","9":"instock","10":"taxable","11":"shipping-taxable","12":"purchasable","13":"product-type-simple"},"_links":{"self":[{"href":"https:\/\/eco-market24.com\/lt\/wp-json\/wp\/v2\/product\/1202","targetHints":{"allow":["GET"]}}],"collection":[{"href":"https:\/\/eco-market24.com\/lt\/wp-json\/wp\/v2\/product"}],"about":[{"href":"https:\/\/eco-market24.com\/lt\/wp-json\/wp\/v2\/types\/product"}],"replies":[{"embeddable":true,"href":"https:\/\/eco-market24.com\/lt\/wp-json\/wp\/v2\/comments?post=1202"}],"wp:featuredmedia":[{"embeddable":true,"href":"https:\/\/eco-market24.com\/lt\/wp-json\/wp\/v2\/media\/1696"}],"wp:attachment":[{"href":"https:\/\/eco-market24.com\/lt\/wp-json\/wp\/v2\/media?parent=1202"}],"wp:term":[{"taxonomy":"product_brand","embeddable":true,"href":"https:\/\/eco-market24.com\/lt\/wp-json\/wp\/v2\/product_brand?post=1202"},{"taxonomy":"product_cat","embeddable":true,"href":"https:\/\/eco-market24.com\/lt\/wp-json\/wp\/v2\/product_cat?post=1202"},{"taxonomy":"product_tag","embeddable":true,"href":"https:\/\/eco-market24.com\/lt\/wp-json\/wp\/v2\/product_tag?post=1202"}],"curies":[{"name":"wp","href":"https:\/\/api.w.org\/{rel}","templated":true}]}}