{"id":1316,"date":"2025-09-29T16:22:08","date_gmt":"2025-09-29T14:22:08","guid":{"rendered":"https:\/\/eco-market24.com\/product\/360-l-grafito-atlieku-konteineris\/"},"modified":"2025-09-29T19:59:30","modified_gmt":"2025-09-29T17:59:30","slug":"360-l-grafito-atlieku-konteineris","status":"publish","type":"product","link":"https:\/\/eco-market24.com\/lt\/produktas\/360-l-grafito-atlieku-konteineris\/","title":{"rendered":"360 l grafito atliek\u0173 konteineris"},"content":{"rendered":"<p>Atliek\u0173 konteineris 360 L j\u016bs\u0173 \u012fmonei<br \/>\nAtliek\u0173 konteineris 360 L, gaminamas ESE, yra sprendimas verslo savininkams, norintiems prisid\u0117ti prie tvaraus atliek\u0173 tvarkymo i\u0161laikant surinkimo ka\u0161tus priimtinus. Galimas 5 RAL spalv\u0173, tinka atliek\u0173 r\u016b\u0161iavimui nedidel\u0117se ir vidutin\u0117se \u012fmon\u0117se, ma\u017euose biur\u0173 pastatuose ir priva\u010diuose namuose. Kompakti\u0161kas dizainas ir patogios funkcijos daro j\u012f idealiu sprendimu, kai erdv\u0117 ribota. Vokie\u010di\u0173 prek\u0117s \u017eenklas ESE \u017einomas d\u0117l esteti\u0161k\u0173 ir patvari\u0173 sprendim\u0173 dauguose Europos miestuose.<\/p>\n<p>Standartai ir sertifikatai<br \/>\nAtliek\u0173 konteineris 360 L sukurtas pagal Europos standart\u0105 PN-EN 840, turi RAL kokyb\u0117s \u017eenkl\u0105 ir sertifikuotas Nacionalinio visuomen\u0117s sveikatos instituto kaip aplinkai nekenksmingas. Konteineris suderinamas su \u0161oninio pakrovimo \u0161iuk\u0161liave\u017e\u0117mis.<\/p>\n<p>Patvarumas ir atsparumas<br \/>\nAtliek\u0173 konteineris 360 L gali b\u016bti naudojamas patalpose skirtose atliek\u0173 patalpose arba lauke pusiau atviruose stogin\u0117se ir lauke. Pagamintas i\u0161 HDPE plastiko (didelio tankio polietileno), atsparus UV spinduliams, lietui, sniegui ir \u0161al\u010diui. Maksimali apkrova iki 160 kg. Mechanin\u012f atsparum\u0105 u\u017etikrinan\u010dios konstrukcin\u0117s detal\u0117s:<\/p>\n<p>  Vertikal\u016bs standumo briaunos priekin\u0117se ir galin\u0117se sienel\u0117se<br \/>\n  \u0160ukinio tipo tvirtinimo strypas, atitinkantis DIN standartus<br \/>\n  Papildomas gofruotas sustiprinimas medaus kori\u0173 ra\u0161to<\/p>\n<p>\u0160ie elementai u\u017etikrina didel\u012f sm\u016bgi\u0173 atsparum\u0105 i\u0161krovimo metu.<\/p>\n<p>Ergonomi\u0161kas dizainas<br \/>\nVartotojo patogumui konteineris turi:<\/p>\n<p>  Dvi ratuk\u0173 a\u0161is patogiam pak\u0117limui ir transportavimui<br \/>\n  Speciali\u0105 atram\u0105 kojai lipant per bortelius<br \/>\n  Dizain\u0105, saugant\u012f nugaros stubur\u0105<br \/>\n  Lyg\u0173 vidin\u012f pavir\u0161i\u0173 efektyviam i\u0161pylimui ir lengvam valymui<\/p>\n<p>R\u016b\u0161iavimo konteineris \u2014 galimos spalvos<br \/>\nGalimas 5 RAL spalv\u0173 pasirinkimas efektyviam r\u016b\u0161iavimui:<\/p>\n<p>  \u017dalia \u2014 stiklas<br \/>\n  Grafito \u2014 mi\u0161rios atliekos<br \/>\n  M\u0117lyna \u2014 popierius<br \/>\n  Ruda \u2014 biologi\u0161kai skaid\u017eios atliekos<br \/>\n  Geltona \u2014 metalas ir plastikas<\/p>\n<p>Pagrindin\u0117 informacija<\/p>\n<p>  Efektyvus r\u016b\u0161iavimas: prieinamas 5 RAL spalv\u0173<br \/>\n  Apkrova: 160 kg<br \/>\n  Patvari konstrukcija: HDPE med\u017eiaga, \u0161ukinio tipo tvirtinimo strypas, gofruotas sustiprinimas<br \/>\n  Auk\u0161\u010diausia kokyb\u0117: PN-EN 840 standartas, RAL kokyb\u0117s \u017eenklas<br \/>\n  Patogus transportavimas: 2 ratukai, tvirtinimo strypas, kojin\u0117 atrama<br \/>\n  Universalumas: suderinamas su \u0161oninio pakrovimo \u0161iuk\u0161liave\u017e\u0117mis<br \/>\n  Lengvas valymas: lygus vidus<\/p>\n","protected":false},"excerpt":{"rendered":"<p>360 l atliek\u0173 konteineris \u2013 prakti\u0161kas, ekonomi\u0161kas sprendimas \u012fmon\u0117ms, siekian\u010dioms tvaraus atliek\u0173 tvarkymo ir ma\u017eesni\u0173 atliek\u0173 \u0161alinimo ka\u0161t\u0173.<\/p>\n","protected":false},"featured_media":1811,"comment_status":"open","ping_status":"closed","template":"","meta":[],"product_brand":[],"product_cat":[138],"product_tag":[],"class_list":{"0":"post-1316","1":"product","2":"type-product","3":"status-publish","4":"has-post-thumbnail","6":"product_cat-atlieku-konteineriai","8":"first","9":"instock","10":"taxable","11":"shipping-taxable","12":"purchasable","13":"product-type-simple"},"_links":{"self":[{"href":"https:\/\/eco-market24.com\/lt\/wp-json\/wp\/v2\/product\/1316","targetHints":{"allow":["GET"]}}],"collection":[{"href":"https:\/\/eco-market24.com\/lt\/wp-json\/wp\/v2\/product"}],"about":[{"href":"https:\/\/eco-market24.com\/lt\/wp-json\/wp\/v2\/types\/product"}],"replies":[{"embeddable":true,"href":"https:\/\/eco-market24.com\/lt\/wp-json\/wp\/v2\/comments?post=1316"}],"wp:featuredmedia":[{"embeddable":true,"href":"https:\/\/eco-market24.com\/lt\/wp-json\/wp\/v2\/media\/1811"}],"wp:attachment":[{"href":"https:\/\/eco-market24.com\/lt\/wp-json\/wp\/v2\/media?parent=1316"}],"wp:term":[{"taxonomy":"product_brand","embeddable":true,"href":"https:\/\/eco-market24.com\/lt\/wp-json\/wp\/v2\/product_brand?post=1316"},{"taxonomy":"product_cat","embeddable":true,"href":"https:\/\/eco-market24.com\/lt\/wp-json\/wp\/v2\/product_cat?post=1316"},{"taxonomy":"product_tag","embeddable":true,"href":"https:\/\/eco-market24.com\/lt\/wp-json\/wp\/v2\/product_tag?post=1316"}],"curies":[{"name":"wp","href":"https:\/\/api.w.org\/{rel}","templated":true}]}}