{"id":1370,"date":"2025-09-29T16:22:00","date_gmt":"2025-09-29T14:22:00","guid":{"rendered":"https:\/\/eco-market24.com\/product\/atlieku-konteineris-120-l-geltonas\/"},"modified":"2025-09-29T19:59:45","modified_gmt":"2025-09-29T17:59:45","slug":"atlieku-konteineris-120-l-geltonas","status":"publish","type":"product","link":"https:\/\/eco-market24.com\/lt\/produktas\/atlieku-konteineris-120-l-geltonas\/","title":{"rendered":"Atliek\u0173 konteineris 120 l, geltonas"},"content":{"rendered":"<p>ESE geltonas 120 L atliek\u0173 konteineris \u2014 ap\u017evalga<br \/>\n120 L plastikinis konteineris smulkiems verslams ir miesteli\u0173 gyvenviet\u0117ms \u2014 ESE geltonas 120 L atliek\u0173 konteineris \u2014 yra patikrintas sprendimas smulkioms \u0161eimos valdomoms \u012fmon\u0117ms ir ma\u017eoms gyvenamosioms valdoms. Juo naudojasi ma\u017e\u0173 biur\u0173 darbuotojai arba miesteli\u0173 nam\u0173 ir individuali\u0173 nam\u0173 gyventojai. 120 L plastikinis konteineris yra geltonos spalvos \u2014 pagal nacionalin\u012f atliek\u0173 r\u016b\u0161iavimo standart\u0105 \u2014 kas \u017eymiai palengvina kasdien\u012f plastiko atskyrim\u0105 nuo kit\u0173 atliek\u0173. Geltonas 120 L atliek\u0173 konteineris suderinamas su standartiniais \u0161iuk\u0161liave\u017ei\u0173 su \u0161ukinio k\u0117limo mechanizmu.<\/p>\n<p>120 L geltonas atliek\u0173 konteineris turi kokyb\u0117s pa\u017eym\u0105, patvirtinan\u010di\u0105 atitikt\u012f Europos standartui PN-EN 840 ir taip pat atitinka RAL kokyb\u0117s reikalavimus. ESE 120 L plastikinis konteineris s\u0117kmingai naudojamas miestuose visoje Europoje jau 80 met\u0173. Nuolatiniai bandymai u\u017etikrina patvar\u0173 ir patraukl\u0173 sprendim\u0105. Gamybos procesas suma\u017eino CO2 emisijas, o konteineris gavo Nacionalinio visuomen\u0117s sveikatos instituto sertifikat\u0105, patvirtinant\u012f, kad neturi neigiamo poveikio aplinkai. 120 L geltonas konteineris yra ekologi\u0161kas sprendimas.<\/p>\n<p>Patvarumas ir konstrukcija<br \/>\n120 L geltonas dvira\u010di\u0173 ratuk\u0173 atliek\u0173 konteineris i\u0161siskiria auk\u0161ta kokybe. Jis pagamintas i\u0161 \u017eemo sl\u0117gio polietileno (HDPE) ir papildomai apsaugotas elektro cinkavimu ir chromavimu. \u0160ios med\u017eiagos ir pa\u017eangios technologijos daro konteiner\u012f atspar\u0173 i\u0161oriniams veiksniams \u2014 ilgas UV poveikis, gausios li\u016btys ar itin \u017eemos temperat\u016bros ne\u012ftakoja jo technin\u0117s b\u016bkl\u0117s ar i\u0161vaizdos. Jis gali b\u016bti naudojamas patalpose arba pusiau atviruose i\u0161oriniuose priedangos plotuose ir atsparus mechaniniams pa\u017eeidimams.<\/p>\n<p>  Metalin\u0117s a\u0161ys i\u0161 kalto plieno tikram stabilumui<br \/>\n  Bangeli\u0173 tipo a\u0161tuoni\u0173 briaun\u0173 lizdas tvirtam tvirtinimui<br \/>\n  Groteli\u0173 (korio) strukt\u016bra patvarumui intensyvi\u0173 manevr\u0173 metu<\/p>\n<p>Ergonomika ir ypatyb\u0117s<br \/>\nGaminimo technologija derina patvarum\u0105 ir saugum\u0105 su i\u0161skirtiniu lengvumu. Konteineris turi \u017eem\u0105 kra\u0161t\u0105 i\u0161laikant standum\u0105, kuris garantuoja iki 60 kg krovinio talp\u0105. Dizaino elementai palengvina naudojim\u0105 ir jud\u0117jim\u0105:<\/p>\n<p>  Funkcinis tvirtinimas lengvam ne\u0161imui ir stabiliam k\u0117limui \u0161iuk\u0161liave\u017e\u0117ms<br \/>\n  Papildoma pedal\u0117 atidarimui be rank\u0173<br \/>\n  Guminiai ratukai su gaubtais tiksliam ir tyl\u0173 veikimui<br \/>\n  Triuk\u0161m\u0105 ma\u017einanti savyb\u0117 dang\u010dio k\u0117limo ir leidimo metu<br \/>\n  Lygi vidin\u0117 pavir\u0161iaus danga lengvam valymui<\/p>\n<p>Galimos spalvos<br \/>\n120 L atliek\u0173 konteineris yra penki\u0173 RAL spalv\u0173, kad palengvint\u0173 atliek\u0173 r\u016b\u0161iavim\u0105:<\/p>\n<p>  \u017dalia \u2014 stiklas<br \/>\n  Grafito \u2014 mi\u0161rios atliekos<br \/>\n  M\u0117lyna \u2014 popierius<br \/>\n  Ruda \u2014 biologi\u0161kai skaid\u017eios atliekos<br \/>\n  Geltona \u2014 metalas ir plastikas<\/p>\n<p>Pagrindin\u0117 informacija<\/p>\n<p>  Spalva: Geltona \u2014 \u201eplastikai ir metalai\u201c frakcijai<br \/>\n  Standartas: atitinka PN-EN 840<br \/>\n  Sertifikavimas: Nacionalinis visuomen\u0117s sveikatos institutas<br \/>\n  Med\u017eiaga: HDPE su papildoma korozijos apsauga<br \/>\n  A\u0161ys: metalin\u0117s, kalto plieno<br \/>\n  Ratukai: 2 su gaubtais tyliai eksploatacijai<br \/>\n  Triuk\u0161mo ma\u017einimas: dang\u010dio k\u0117limo ir leidimo metu<br \/>\n  Vidus: lygi vidin\u0117 danga<\/p>\n","protected":false},"excerpt":{"rendered":"<p>120 l geltonas atliek\u0173 konteineris \u2014 patikrintas ir prakti\u0161kas sprendimas ma\u017eoms \u012fmon\u0117ms, terasiniams namams ir individualiems namams; idealus ma\u017eoms biurams ir buitiniam naudojimui.<\/p>\n","protected":false},"featured_media":1475,"comment_status":"open","ping_status":"closed","template":"","meta":[],"product_brand":[],"product_cat":[138],"product_tag":[],"class_list":{"0":"post-1370","1":"product","2":"type-product","3":"status-publish","4":"has-post-thumbnail","6":"product_cat-atlieku-konteineriai","8":"first","9":"instock","10":"taxable","11":"shipping-taxable","12":"purchasable","13":"product-type-simple"},"_links":{"self":[{"href":"https:\/\/eco-market24.com\/lt\/wp-json\/wp\/v2\/product\/1370","targetHints":{"allow":["GET"]}}],"collection":[{"href":"https:\/\/eco-market24.com\/lt\/wp-json\/wp\/v2\/product"}],"about":[{"href":"https:\/\/eco-market24.com\/lt\/wp-json\/wp\/v2\/types\/product"}],"replies":[{"embeddable":true,"href":"https:\/\/eco-market24.com\/lt\/wp-json\/wp\/v2\/comments?post=1370"}],"wp:featuredmedia":[{"embeddable":true,"href":"https:\/\/eco-market24.com\/lt\/wp-json\/wp\/v2\/media\/1475"}],"wp:attachment":[{"href":"https:\/\/eco-market24.com\/lt\/wp-json\/wp\/v2\/media?parent=1370"}],"wp:term":[{"taxonomy":"product_brand","embeddable":true,"href":"https:\/\/eco-market24.com\/lt\/wp-json\/wp\/v2\/product_brand?post=1370"},{"taxonomy":"product_cat","embeddable":true,"href":"https:\/\/eco-market24.com\/lt\/wp-json\/wp\/v2\/product_cat?post=1370"},{"taxonomy":"product_tag","embeddable":true,"href":"https:\/\/eco-market24.com\/lt\/wp-json\/wp\/v2\/product_tag?post=1370"}],"curies":[{"name":"wp","href":"https:\/\/api.w.org\/{rel}","templated":true}]}}