{"id":1388,"date":"2025-09-29T16:21:58","date_gmt":"2025-09-29T14:21:58","guid":{"rendered":"https:\/\/eco-market24.com\/product\/tas-80-l-atlieku-konteineris\/"},"modified":"2025-09-29T20:00:44","modified_gmt":"2025-09-29T18:00:44","slug":"tas-80-l-atlieku-konteineris","status":"publish","type":"product","link":"https:\/\/eco-market24.com\/lt\/produktas\/tas-80-l-atlieku-konteineris\/","title":{"rendered":"Tas 80 l atliek\u0173 konteineris"},"content":{"rendered":"<p>ESE 80 L atliek\u0173 konteineris<br \/>\n80 L ma\u017eas atliek\u0173 konteineris \u012fmon\u0117ms ir privatiems vartotojams \u2014 ESE 80 L \u0161iuk\u0161li\u0173 talpykla ma\u017eiems verslams ir priva\u010diems namams. Konteineris puikiai tinka ma\u017eiems biur\u0173 pastatams ir gyvenamiesiems kvartalams su u\u017etvaromis \u2014 \u0161alia miesteli\u0173 nam\u0173 arba vienbu\u010di\u0173 ir dvibu\u010di\u0173 nam\u0173. Jis leid\u017eia efektyviai r\u016b\u0161iuoti atliekas ir vykdyti efektyvi\u0105 perdirbimo atskyrim\u0105, padedant saugoti planet\u0105.<\/p>\n<p>Kokyb\u0117 ir sertifikacija<br \/>\nPagaminta Vokietijoje, orientuojantis \u012f patvarius ir esteti\u0161kus sprendimus. ESE konteineriai miest\u0173 aplinkoje Europoje naudojami jau 80 met\u0173. 80 L konteineris atitinka RAL\u2011GZ 951\/1 standart\u0105, garantuojant\u012f auk\u0161t\u0105 gamybos kokyb\u0119. Nacionalinis visuomen\u0117s sveikatos institutas i\u0161duotas pa\u017eym\u0117jimas patvirtina saug\u0173 naudojim\u0105 ir neigiamo poveikio gamtai nebuvim\u0105.<\/p>\n<p>Dizainas ir ilgaam\u017ei\u0161kumas<br \/>\n80 L \u0161iuk\u0161li\u0173 talpykla suprojektuota \u0161ukinio tipo i\u0161tu\u0161tinimui pagal DIN standartus. Atspari pa\u017eeidimams ir pagaminta i\u0161 auk\u0161tos kokyb\u0117s med\u017eiag\u0173: \u017eemo sl\u0117gio, didelio tankio polietilenas u\u017etikrina atsparum\u0105 i\u0161oriniams veiksniams, nesubyra d\u0117l ilgalaikio poveikio UV spinduliams, ekstremali\u0173 temperat\u016br\u0173 ar lietaus. Papildoma korozijos apsauga \u2014 elektro\u2011galvanizacija ir chromavimas, tod\u0117l konteineris tinka tiek vidaus, tiek lauko s\u0105lygoms.<\/p>\n<p>Saugumas ir konstrukcija<br \/>\nKonteineris naudoja korio strukt\u016br\u0105 saugiam naudojimui, o metalin\u0117s a\u0161ys i\u0161 kietinto plieno suteikia didel\u012f stabilum\u0105 ir ilg\u0105 tarnavimo laik\u0105.<\/p>\n<p>Praktin\u0117s savyb\u0117s<br \/>\n&#8211; Rankena patogiam perk\u0117limui<br \/>\n&#8211; Pastumimo pedalas nugaros apsaugai ir manevringumui gerinti<br \/>\n&#8211; Du guminiai ratai geresniam transportavimui ir tyl\u0173 darbui<br \/>\n&#8211; Lygus vidus lengvam valymui ir suma\u017eintam nemaloni\u0173 kvap\u0173 rizikai<\/p>\n<p>Spalv\u0173 variantai r\u016b\u0161iavimui<br \/>\n80 L konteineriai palaiko atliek\u0173 r\u016b\u0161iavim\u0105 ir yra prieinami penkiose RAL spalvose:<br \/>\n&#8211; Grafitas \u2014 mi\u0161rios atliekos<br \/>\n&#8211; \u017dalia \u2014 stiklas<br \/>\n&#8211; M\u0117lyna \u2014 popierius<br \/>\n&#8211; Ruda \u2014 biologi\u0161kai skaid\u017eios atliekos<br \/>\n&#8211; Geltona \u2014 metalas ir plastikas<\/p>\n<p>Pagrindin\u0117 informacija<br \/>\n&#8211; Standartas: RAL\u2011GZ 951\/1<br \/>\n&#8211; Sertifikacija: Nacionalinis visuomen\u0117s sveikatos institutas<br \/>\n&#8211; I\u0161tu\u0161tinimas: \u0161ukinio tipo pagal DIN<br \/>\n&#8211; Spalvos: penkios RAL spalvos<br \/>\n&#8211; Med\u017eiaga: \u017eemo sl\u0117gio, didelio tankio polietilenas<br \/>\n&#8211; Stabilumas: metalin\u0117s a\u0161ys i\u0161 kietinto plieno<br \/>\n&#8211; Mobilumas: du guminiai ratai, rankena ir pastumimo pedalas<\/p>\n","protected":false},"excerpt":{"rendered":"<p>Ma\u017eas 80 l atliek\u0173 konteineris, idealus verslui ir priva\u010diam naudojimui \u2014 puikiai tinka ma\u017eiems biurams, terasiniams namams ir vieno arba dviej\u0173 \u0161eim\u0173 namams.<\/p>\n","protected":false},"featured_media":1664,"comment_status":"open","ping_status":"closed","template":"","meta":[],"product_brand":[],"product_cat":[138],"product_tag":[],"class_list":{"0":"post-1388","1":"product","2":"type-product","3":"status-publish","4":"has-post-thumbnail","6":"product_cat-atlieku-konteineriai","8":"first","9":"instock","10":"taxable","11":"shipping-taxable","12":"purchasable","13":"product-type-simple"},"_links":{"self":[{"href":"https:\/\/eco-market24.com\/lt\/wp-json\/wp\/v2\/product\/1388","targetHints":{"allow":["GET"]}}],"collection":[{"href":"https:\/\/eco-market24.com\/lt\/wp-json\/wp\/v2\/product"}],"about":[{"href":"https:\/\/eco-market24.com\/lt\/wp-json\/wp\/v2\/types\/product"}],"replies":[{"embeddable":true,"href":"https:\/\/eco-market24.com\/lt\/wp-json\/wp\/v2\/comments?post=1388"}],"wp:featuredmedia":[{"embeddable":true,"href":"https:\/\/eco-market24.com\/lt\/wp-json\/wp\/v2\/media\/1664"}],"wp:attachment":[{"href":"https:\/\/eco-market24.com\/lt\/wp-json\/wp\/v2\/media?parent=1388"}],"wp:term":[{"taxonomy":"product_brand","embeddable":true,"href":"https:\/\/eco-market24.com\/lt\/wp-json\/wp\/v2\/product_brand?post=1388"},{"taxonomy":"product_cat","embeddable":true,"href":"https:\/\/eco-market24.com\/lt\/wp-json\/wp\/v2\/product_cat?post=1388"},{"taxonomy":"product_tag","embeddable":true,"href":"https:\/\/eco-market24.com\/lt\/wp-json\/wp\/v2\/product_tag?post=1388"}],"curies":[{"name":"wp","href":"https:\/\/api.w.org\/{rel}","templated":true}]}}