{"id":1442,"date":"2025-09-29T16:21:50","date_gmt":"2025-09-29T14:21:50","guid":{"rendered":"https:\/\/eco-market24.com\/product\/raudonas-1100-l-atlieku-konteineris\/"},"modified":"2025-09-29T20:01:00","modified_gmt":"2025-09-29T18:01:00","slug":"raudonas-1100-l-atlieku-konteineris","status":"publish","type":"product","link":"https:\/\/eco-market24.com\/lt\/produktas\/raudonas-1100-l-atlieku-konteineris\/","title":{"rendered":"Raudonas 1100 l atliek\u0173 konteineris"},"content":{"rendered":"<p>Raudonas 1100 l atliek\u0173 konteineris \u2014 RAL\u2011GZ951\/1<\/p>\n<p>Standartas ir sertifikacija: Atitinka RAL\u2011GZ951\/1 kokyb\u0117s standart\u0105 ir PN EN 840. Pa\u017eenklintas CE \u017eenklu, atitinka taikomus Europos ir nacionalinius standartus.<\/p>\n<p>Paskirtis<br \/>\nSukurtas medicinin\u0117ms ir pavojingosioms atliekoms atskirti ligonin\u0117se, medicinos \u012fstaigose, gro\u017eio salonuose ir kitose vietose, kur reikalingas atsparumas infekcin\u0117ms atliekoms ir da\u017enam naudojimui.<\/p>\n<p>Konstrukcija ir med\u017eiagos<br \/>\nMed\u017eiaga: didelio tankio polietilenas (HDPE), perdirbamas.<br \/>\nStrukt\u016bra: kompiuteriu patikrinta, tvirta konstrukcija su lygiu vidumi patogiam valymui.<br \/>\nNutek\u0117jimas: apa\u010dioje nutek\u0117jimo anga su u\u017ekim\u0161tuku.<br \/>\nK\u0117limo paj\u0117gumas: nominali apkrova iki 510 kg (did\u017eiausia si\u016bloma 1100 l plastikiniams komunaliniams konteineriams).<\/p>\n<p>Atsparumas ir standartai<br \/>\nGaminamas gamintojo, turin\u010dio 80 met\u0173 patirt\u012f MGB konteineri\u0173 gamyboje.<br \/>\nLabai atsparus UV spinduliams ir \u017eemoms temperat\u016broms; tinka naudoti lauke visuose oro s\u0105lygose.<br \/>\nPlok\u0161\u010dias dangtis atitinka DIN standarto reikalavimus.<br \/>\n\u012erengtas \u0161oniniais pak\u0117limo ragais (trunnionais) i\u0161tu\u0161tinimui \u0161iuk\u0161liave\u017e\u0117ms i\u0161 \u0161ono, galo arba priekinio konteinerio kra\u0161to.<\/p>\n","protected":false},"excerpt":{"rendered":"<p>Raudonas 1 100 l konteineris, sertifikuotas pagal kokyb\u0117s standart\u0105 RAL\u2011GZ 951\/1<\/p>\n","protected":false},"featured_media":1752,"comment_status":"open","ping_status":"closed","template":"","meta":[],"product_brand":[],"product_cat":[138],"product_tag":[],"class_list":{"0":"post-1442","1":"product","2":"type-product","3":"status-publish","4":"has-post-thumbnail","6":"product_cat-atlieku-konteineriai","8":"first","9":"instock","10":"taxable","11":"shipping-taxable","12":"purchasable","13":"product-type-simple"},"_links":{"self":[{"href":"https:\/\/eco-market24.com\/lt\/wp-json\/wp\/v2\/product\/1442","targetHints":{"allow":["GET"]}}],"collection":[{"href":"https:\/\/eco-market24.com\/lt\/wp-json\/wp\/v2\/product"}],"about":[{"href":"https:\/\/eco-market24.com\/lt\/wp-json\/wp\/v2\/types\/product"}],"replies":[{"embeddable":true,"href":"https:\/\/eco-market24.com\/lt\/wp-json\/wp\/v2\/comments?post=1442"}],"wp:featuredmedia":[{"embeddable":true,"href":"https:\/\/eco-market24.com\/lt\/wp-json\/wp\/v2\/media\/1752"}],"wp:attachment":[{"href":"https:\/\/eco-market24.com\/lt\/wp-json\/wp\/v2\/media?parent=1442"}],"wp:term":[{"taxonomy":"product_brand","embeddable":true,"href":"https:\/\/eco-market24.com\/lt\/wp-json\/wp\/v2\/product_brand?post=1442"},{"taxonomy":"product_cat","embeddable":true,"href":"https:\/\/eco-market24.com\/lt\/wp-json\/wp\/v2\/product_cat?post=1442"},{"taxonomy":"product_tag","embeddable":true,"href":"https:\/\/eco-market24.com\/lt\/wp-json\/wp\/v2\/product_tag?post=1442"}],"curies":[{"name":"wp","href":"https:\/\/api.w.org\/{rel}","templated":true}]}}