{"id":1468,"date":"2025-09-29T16:21:44","date_gmt":"2025-09-29T14:21:44","guid":{"rendered":"https:\/\/eco-market24.com\/product\/3-skyriu-rusiavimo-konteineris-eco-star-3-x-60-l\/"},"modified":"2025-09-29T20:01:10","modified_gmt":"2025-09-29T18:01:10","slug":"3-skyriu-rusiavimo-konteineris-eco-star-3-x-60-l","status":"publish","type":"product","link":"https:\/\/eco-market24.com\/lt\/produktas\/3-skyriu-rusiavimo-konteineris-eco-star-3-x-60-l\/","title":{"rendered":"3 skyri\u0173 r\u016b\u0161iavimo konteineris Eco Star 3 x 60 L"},"content":{"rendered":"<p>Trij\u0173 skyri\u0173 \u0161iuk\u0161li\u0173 konteineris \u2014 patikrintas naudoti patalpose<br \/>\neco star 3 x 60 l 3 skyri\u0173 r\u016b\u0161iavimo konteineris derina funkcionalum\u0105 ir estetik\u0105. Auk\u0161ta kokyb\u0117 ir eleganti\u0161ka i\u0161vaizda atitinka \u012fmoni\u0173, privalan\u010di\u0173 vykdyti atrinktin\u012f atliek\u0173 surinkim\u0105, poreikius. Tinka biurams, valstybin\u0117ms \u012fstaigoms, klinikoms, mokykloms, parduotuv\u0117ms, prekybos centrams, aptarnavimo sto\u010di\u0173 aik\u0161tel\u0117ms, gele\u017einkelio stotims ir u\u017edariems didel\u0117s talpos automobili\u0173 stov\u0117jimo aik\u0161tel\u0117ms.<\/p>\n<p>Konstrukcija ir med\u017eiagos<\/p>\n<p>  Talpa: 3 \u00d7 60 l<br \/>\n  Korpusas: da\u017eytas plienas, grafitas (RAL 7024)<br \/>\n  Atsparumas: atsparus mechaniniams pa\u017eeidimams ir atsitiktiniams sm\u016bgiams<br \/>\n  Paskirtis: naudojimui patalpose<\/p>\n<p>R\u016b\u0161iavimas ir \u017eenklinimas<br \/>\n\u012erengtas didel\u0117mis lipduk\u0117mis, nurodan\u010diomis frakcijas ir \u012fleidimo angas r\u016b\u0161iavimo spalvomis ai\u0161kiai komunikacijai. Prieinamos \u012fleidimo ang\u0173 spalvos pagal Klimato ir aplinkos ministerijos gaires:<\/p>\n<p>  Geltona \u2014 plastikas ir metalai<br \/>\n  M\u0117lyna \u2014 popierius<br \/>\n  \u017dalia \u2014 stiklas<br \/>\n  Ruda \u2014 bioatliekos<br \/>\n  Grafitas \u2014 mi\u0161riosios atliekos<\/p>\n<p>Praktin\u0117s savyb\u0117s<\/p>\n<p>  Mai\u0161\u0173 laikikliai, kad mai\u0161eliai laikyt\u0173si vietoje (pritaikyti 120 l mai\u0161ams)<br \/>\n  Neleid\u017eia i\u0161silieti esant pilnai u\u017epildytam; lengva i\u0161tu\u0161tinti ir valyti<br \/>\n  Stabilizuojan\u010dios kojel\u0117s<br \/>\n  Montavimo angos moduliams sujungti<br \/>\n  Durys su galimybe pritvirtinti spyn\u0105 prieigos ribojimui<\/p>\n<p>Pagrindin\u0117 informacija<\/p>\n<p>  Talpa: 3 \u00d7 60 litr\u0173<br \/>\n  Med\u017eiaga: da\u017eytas plienas<br \/>\n  Naudojimas: patalpose<br \/>\n  Spalva: grafitas (RAL 7024)<br \/>\n  \u012eleidimo angos ir lipdukai 5 r\u016b\u0161iavimo spalv\u0173<br \/>\n  Savyb\u0117s: mai\u0161\u0173 laikikliai, stabilizuojan\u010dios kojel\u0117s, montavimo angos, spynos galimyb\u0117<\/p>\n","protected":false},"excerpt":{"rendered":"<p>Trij\u0173 skyri\u0173 \u0161iuk\u0161liad\u0117\u017e\u0117 \u2014 tinkama naudoti patalpose, Eco Star trij\u0173 skyri\u0173 r\u016b\u0161iavimo konteineris (3 x 60 l) sujungia funkcionalum\u0105 ir estetik\u0105. Jos auk\u0161tos kokyb\u0117s, eleganti\u0161kas dizainas atitinka \u012fmoni\u0173, kurioms patalpose privaloma vykdyti atskir\u0105 atliek\u0173 surinkim\u0105, poreikius.<\/p>\n","protected":false},"featured_media":1830,"comment_status":"open","ping_status":"closed","template":"","meta":[],"product_brand":[],"product_cat":[70],"product_tag":[],"class_list":{"0":"post-1468","1":"product","2":"type-product","3":"status-publish","4":"has-post-thumbnail","6":"product_cat-waste-containers","8":"first","9":"instock","10":"taxable","11":"shipping-taxable","12":"purchasable","13":"product-type-simple"},"_links":{"self":[{"href":"https:\/\/eco-market24.com\/lt\/wp-json\/wp\/v2\/product\/1468","targetHints":{"allow":["GET"]}}],"collection":[{"href":"https:\/\/eco-market24.com\/lt\/wp-json\/wp\/v2\/product"}],"about":[{"href":"https:\/\/eco-market24.com\/lt\/wp-json\/wp\/v2\/types\/product"}],"replies":[{"embeddable":true,"href":"https:\/\/eco-market24.com\/lt\/wp-json\/wp\/v2\/comments?post=1468"}],"wp:featuredmedia":[{"embeddable":true,"href":"https:\/\/eco-market24.com\/lt\/wp-json\/wp\/v2\/media\/1830"}],"wp:attachment":[{"href":"https:\/\/eco-market24.com\/lt\/wp-json\/wp\/v2\/media?parent=1468"}],"wp:term":[{"taxonomy":"product_brand","embeddable":true,"href":"https:\/\/eco-market24.com\/lt\/wp-json\/wp\/v2\/product_brand?post=1468"},{"taxonomy":"product_cat","embeddable":true,"href":"https:\/\/eco-market24.com\/lt\/wp-json\/wp\/v2\/product_cat?post=1468"},{"taxonomy":"product_tag","embeddable":true,"href":"https:\/\/eco-market24.com\/lt\/wp-json\/wp\/v2\/product_tag?post=1468"}],"curies":[{"name":"wp","href":"https:\/\/api.w.org\/{rel}","templated":true}]}}