{"id":1561,"date":"2025-09-29T16:20:54","date_gmt":"2025-09-29T14:20:54","guid":{"rendered":"https:\/\/eco-market24.com\/product\/gatves-siuksliadeze-ant-stulpo-monaco-40-l\/"},"modified":"2025-09-29T20:05:30","modified_gmt":"2025-09-29T18:05:30","slug":"gatves-siuksliadeze-ant-stulpo-monaco-40-l","status":"publish","type":"product","link":"https:\/\/eco-market24.com\/lt\/produktas\/gatves-siuksliadeze-ant-stulpo-monaco-40-l\/","title":{"rendered":"Gatv\u0117s \u0161iuk\u0161liad\u0117\u017e\u0117 ant stulpo Monaco 40 l"},"content":{"rendered":"<p>Bin Street ant stulpo \u2014 Monaco 40 L<\/p>\n<p>Bin Street ant stulpo Monaco 40 L yra elegancijos ir auk\u0161tos kokyb\u0117s derinys, tinkamas miesto vie\u0161osioms erdv\u0117ms ir ma\u017eesn\u0117s masto urbanistinei architekt\u016brai. Puikiai tinka vietoms su dideliu p\u0117s\u010di\u0173j\u0173 srautu, tokioms kaip sustojimai, transporto mazgai, stotys, parkai, aik\u0161t\u0117s, biur\u0173 pastatai, valstybin\u0117s \u012fstaigos ir gyvenamieji kompleksai.<\/p>\n<p>Pagrindin\u0117s savyb\u0117s<\/p>\n<p>  Talpa: 40 litr\u0173<br \/>\n  Med\u017eiaga: 1,5 mm milteliniu b\u016bdu da\u017eyta cinkuota plienin\u0117 skarda<br \/>\n  Spalva: grafito (RAL 7016)<br \/>\n  Sertifikatai: ISO, BV, T\u00dcV<br \/>\n  Tvirtinimas: konstrukcija montuojama ant stulpo, fiksuojama prie \u017eem\u0117s prisukant<br \/>\n  Patvarumas: labai atspari mechaniniams pa\u017eeidimams ir nepalankioms oro s\u0105lygoms (UV, lietus, sniegas, ekstremalios temperat\u016bros)<\/p>\n<p>Dizainas ir prakti\u0161kumas<\/p>\n<p>  Didelis \u012fleidimas su nuimamu dang\u010diu, kuris apsaugo nuo v\u0117jo ir krituli\u0173, tuo pa\u010diu palengvindamas i\u0161tu\u0161tinim\u0105<br \/>\n  Vidin\u0117 cinkuota lak\u0161tin\u0117 \u012fd\u0117klas paprastesniam i\u0161tu\u0161tinimui ir valymui<br \/>\n  U\u017erakinamas dangtis (raktas), kad b\u016bt\u0173 u\u017ekirstas kelias neteis\u0117tam prieinamumui<br \/>\n  Atspari, ma\u017eai prie\u017ei\u016bros reikalaujanti danga su eleganti\u0161ku, nesenstan\u010diu dizainu, gerai deran\u010diu prie miest\u0173 architekt\u016bros<br \/>\n  Stabili, nepaisant ma\u017eo svorio, d\u0117l nuolatinio pritvirtinimo prie grunto<\/p>\n","protected":false},"excerpt":{"rendered":"<p>Bin Street ant stulpo Monaco 40 L sujungia eleganti\u0161k\u0105 dizain\u0105 ir auk\u0161t\u0105 patvarum\u0105, tod\u0117l puikiai tinka miesto vie\u0161osioms erdv\u0117ms ir \u017ealioms zonoms \u2014 tobulai integruojasi \u012f ma\u017eo masto architekt\u016br\u0105.<\/p>\n","protected":false},"featured_media":1879,"comment_status":"open","ping_status":"closed","template":"","meta":[],"product_brand":[],"product_cat":[170],"product_tag":[],"class_list":{"0":"post-1561","1":"product","2":"type-product","3":"status-publish","4":"has-post-thumbnail","6":"product_cat-gatviu-ir-parku-atlieku-konteineriai","8":"first","9":"instock","10":"taxable","11":"shipping-taxable","12":"purchasable","13":"product-type-simple"},"_links":{"self":[{"href":"https:\/\/eco-market24.com\/lt\/wp-json\/wp\/v2\/product\/1561","targetHints":{"allow":["GET"]}}],"collection":[{"href":"https:\/\/eco-market24.com\/lt\/wp-json\/wp\/v2\/product"}],"about":[{"href":"https:\/\/eco-market24.com\/lt\/wp-json\/wp\/v2\/types\/product"}],"replies":[{"embeddable":true,"href":"https:\/\/eco-market24.com\/lt\/wp-json\/wp\/v2\/comments?post=1561"}],"wp:featuredmedia":[{"embeddable":true,"href":"https:\/\/eco-market24.com\/lt\/wp-json\/wp\/v2\/media\/1879"}],"wp:attachment":[{"href":"https:\/\/eco-market24.com\/lt\/wp-json\/wp\/v2\/media?parent=1561"}],"wp:term":[{"taxonomy":"product_brand","embeddable":true,"href":"https:\/\/eco-market24.com\/lt\/wp-json\/wp\/v2\/product_brand?post=1561"},{"taxonomy":"product_cat","embeddable":true,"href":"https:\/\/eco-market24.com\/lt\/wp-json\/wp\/v2\/product_cat?post=1561"},{"taxonomy":"product_tag","embeddable":true,"href":"https:\/\/eco-market24.com\/lt\/wp-json\/wp\/v2\/product_tag?post=1561"}],"curies":[{"name":"wp","href":"https:\/\/api.w.org\/{rel}","templated":true}]}}