{"id":1608,"date":"2025-09-29T16:21:12","date_gmt":"2025-09-29T14:21:12","guid":{"rendered":"https:\/\/eco-market24.com\/product\/eco-modular-modulinis-rusiavimo-konteineris-3-x-50-l-juodas\/"},"modified":"2025-09-29T20:02:31","modified_gmt":"2025-09-29T18:02:31","slug":"eco-modular-modulinis-rusiavimo-konteineris-3-x-50-l-juodas","status":"publish","type":"product","link":"https:\/\/eco-market24.com\/lt\/produktas\/eco-modular-modulinis-rusiavimo-konteineris-3-x-50-l-juodas\/","title":{"rendered":"Eco Modular modulinis r\u016b\u0161iavimo konteineris, 3 \u00d7 50 l, juodas"},"content":{"rendered":"<p>Perdirbimo konteineris \u2014 idealus miestams, stov\u0117jimo aik\u0161tel\u0117ms ir \u017ealioms erdv\u0117ms<br \/>\nEko modulinis perdirbimo konteineris 3 x 50 L (juodas, RAL 9005) leid\u017eia lengvai \u012fdiegti pirmin\u0119 r\u016b\u0161iavimo sistem\u0105 lauko erdv\u0117se. Pagamintas i\u0161 kokybi\u0161k\u0173 med\u017eiag\u0173 ir turintis minimalistin\u012f dizain\u0105, \u0161is r\u016b\u0161iuojamas \u0161iuk\u0161liad\u0117\u017e\u0117 tinka vie\u0161osioms vietoms, tokioms kaip biur\u0173 pastatai, valstybin\u0117s institucijos, mokyklos, ligonin\u0117s, parkai, aik\u0161t\u0117s, \u017eaidim\u0173 aik\u0161tel\u0117s, sporto stadionai, baseinai, stov\u0117jimo aik\u0161tel\u0117s ir gyvenamieji kompleksai. Prietaisas turi laisvai pastatom\u0105 konstrukcij\u0105.<\/p>\n<p>Atspari ir ilgaam\u017e\u0117, atspari oro s\u0105lygoms ir pa\u017eeidimams konstrukcija<br \/>\nPerdirbimo konteineris pagamintas i\u0161 0,8 mm cinkuoto plieno su milteliniu da\u017eymu, tod\u0117l atsparus lietui, \u0161al\u010diui, UV spinduliams ir auk\u0161tai temperat\u016brai. Tvirta gamyba u\u017etikrina ilgaam\u017ei\u0161kum\u0105 ir atsparum\u0105 pa\u017eeidimams, o minimalistinis juodas apdaila (RAL 9005) dera tiek su miesto, tiek su \u017ealiomis aplinkomis.<\/p>\n<p>Prakti\u0161kas dizainas patogiam naudojimui ir prie\u017ei\u016brai<\/p>\n<p>  Laisvai pastatoma konstrukcija su optimaliu svoriu stabilumui ir patogiam jud\u0117jimui.<br \/>\n  Cinkuotos plieno vidin\u0117s \u012fd\u0117klos, palengvinan\u010dios i\u0161tu\u0161tinim\u0105 ir valym\u0105.<br \/>\n  Didel\u0117s \u012fmetimo angos, tinkamos priimti stambesnes atliekas.<br \/>\n  Nuimamos dangtys, palengvinan\u010dios konteinerio i\u0161tu\u0161tinim\u0105.<\/p>\n<p>R\u016b\u0161iavimo galimyb\u0117s (lipdukai \u012ftraukti)<br \/>\nModulinis dizainas leid\u017eia pasirinkti r\u016b\u0161iavimo lipdukus (pristatomi su konteineriu savaranki\u0161kam priklijavimui) \u0161iomis spalvomis ir frakcijomis:<\/p>\n<p>  Juoda \u2014 mi\u0161rios atliekos<br \/>\n  Ruda \u2014 biologi\u0161kai skaid\u017eios atliekos<br \/>\n  M\u0117lyna \u2014 popierius<br \/>\n  Geltona \u2014 plastikas ir metalai<br \/>\n  \u017dalia \u2014 stiklas<\/p>\n<p>Pagrindin\u0117 informacija<\/p>\n<p>  Talpa: 3 \u00d7 50 L<br \/>\n  Med\u017eiaga: 0,8 mm cinkuotas plienas<br \/>\n  Apdaila: Miltelinis da\u017eymas, juoda (RAL 9005)<br \/>\n  Vidiniai \u012fd\u0117klai: Cinkuotas plienas<br \/>\n  Dang\u010diai: Atver\u010diami \/ nuimami<br \/>\n  Konstrukcija: Laisvai pastatoma<\/p>\n","protected":false},"excerpt":{"rendered":"<p>Perdirbimo konteineris \u2014 idealus miestams, stov\u0117jimo aik\u0161tel\u0117ms ir \u017ealioms zonoms. Juodas ECO Modular 3\u00d750 l modulinis perdirbimo konteineris yra modulinis sprendimas, kuris palengvina selektyv\u0173 atliek\u0173 surinkim\u0105 bet kurioje lauko erdv\u0117je.<\/p>\n","protected":false},"featured_media":1909,"comment_status":"open","ping_status":"closed","template":"","meta":[],"product_brand":[],"product_cat":[70],"product_tag":[],"class_list":{"0":"post-1608","1":"product","2":"type-product","3":"status-publish","4":"has-post-thumbnail","6":"product_cat-waste-containers","8":"first","9":"instock","10":"taxable","11":"shipping-taxable","12":"purchasable","13":"product-type-simple"},"_links":{"self":[{"href":"https:\/\/eco-market24.com\/lt\/wp-json\/wp\/v2\/product\/1608","targetHints":{"allow":["GET"]}}],"collection":[{"href":"https:\/\/eco-market24.com\/lt\/wp-json\/wp\/v2\/product"}],"about":[{"href":"https:\/\/eco-market24.com\/lt\/wp-json\/wp\/v2\/types\/product"}],"replies":[{"embeddable":true,"href":"https:\/\/eco-market24.com\/lt\/wp-json\/wp\/v2\/comments?post=1608"}],"wp:featuredmedia":[{"embeddable":true,"href":"https:\/\/eco-market24.com\/lt\/wp-json\/wp\/v2\/media\/1909"}],"wp:attachment":[{"href":"https:\/\/eco-market24.com\/lt\/wp-json\/wp\/v2\/media?parent=1608"}],"wp:term":[{"taxonomy":"product_brand","embeddable":true,"href":"https:\/\/eco-market24.com\/lt\/wp-json\/wp\/v2\/product_brand?post=1608"},{"taxonomy":"product_cat","embeddable":true,"href":"https:\/\/eco-market24.com\/lt\/wp-json\/wp\/v2\/product_cat?post=1608"},{"taxonomy":"product_tag","embeddable":true,"href":"https:\/\/eco-market24.com\/lt\/wp-json\/wp\/v2\/product_tag?post=1608"}],"curies":[{"name":"wp","href":"https:\/\/api.w.org\/{rel}","templated":true}]}}