{"id":2154,"date":"2025-09-29T16:21:27","date_gmt":"2025-09-29T14:21:27","guid":{"rendered":"https:\/\/eco-market24.com\/product\/eco-estri-3-skyriu-rusiavimo-konteineris-3-x-60-l-su-sklendemis\/"},"modified":"2025-09-29T20:02:08","modified_gmt":"2025-09-29T18:02:08","slug":"eco-estri-3-skyriu-rusiavimo-konteineris-3-x-60-l-su-sklendemis","status":"publish","type":"product","link":"https:\/\/eco-market24.com\/lt\/produktas\/eco-estri-3-skyriu-rusiavimo-konteineris-3-x-60-l-su-sklendemis\/","title":{"rendered":"Eco Estri 3 skyri\u0173 r\u016b\u0161iavimo konteineris, 3 \u00d7 60 l, su sklend\u0117mis"},"content":{"rendered":"<p>Modulin\u0117 perdirbimo \u0161iuk\u0161liad\u0117\u017e\u0117 \u2014 biurui, valstybinei \u012fstaigai, mokyklai ar parduotuvei<\/p>\n<p>3 skyri\u0173 eco Estri perdirbimo \u0161iuk\u0161liad\u0117\u017e\u0117 3 x 60 l su dang\u010diais yra veiksmingas sprendimas \u012fvedant pagrindin\u012f atliek\u0173 r\u016b\u0161iavim\u0105 pasirinktoje patalpoje. D\u0117l funkcionalumo ir estetikos j\u0105 galima naudoti beveik bet kur. Vidaus perdirbimo konteineris tinka mokykloms, valstybin\u0117ms \u012fstaigoms ir kitoms vie\u0161osioms organizacijoms. Tai puiki \u0161iuk\u0161liad\u0117\u017e\u0117 biurui \u2014 gali stov\u0117ti tiek darbo zonose, tiek personalo kambariuose ar jud\u0117jimo zonose. Taip pat gerai pasiteisina parduotuv\u0117se, prekybos centruose ir u\u017edarose automobili\u0173 stov\u0117jimo aik\u0161tel\u0117se.<\/p>\n<p>Dizainas ir spalvos<br \/>\nModulin\u0117 perdirbimo \u0161iuk\u0161liad\u0117\u017e\u0117, talpa 3 x 60 litr\u0173, yra grafito spalvos (RAL 7021). Dang\u010diai yra atliek\u0173 frakcij\u0173 spalv\u0173, ant k\u016bno didel\u0117s lipdukai su frakcij\u0173 pavadinimais. Taip pat yra kit\u0173 moduli\u0173 konfig\u016bracij\u0173: 2 ir 4 skyri\u0173 versijos.<\/p>\n<p>Konstrukcija ir ilgaam\u017ei\u0161kumas<br \/>\n3 skyri\u0173 plienin\u0117 perdirbimo \u0161iuk\u0161liad\u0117\u017e\u0117 skirta vidaus patalp\u0173 naudojimui. Pagaminta i\u0161 auk\u0161tos kokyb\u0117s da\u017eyto plieno, kas u\u017etikrina patraukli\u0105 i\u0161vaizd\u0105 ir atsparum\u0105 mechaniniams pa\u017eeidimams. Vidaus perdirbimo konteineris atsparus atsitiktiniams sm\u016bgiams, b\u016bdingi intensyviai naudojamoms erdv\u0117ms, ir i\u0161laikys ger\u0105 technin\u0119 b\u016bkl\u0119 met\u0173 metus.<\/p>\n<p>R\u016b\u0161iavimo spalvos<br \/>\nKad r\u016b\u0161iavimas b\u016bt\u0173 lengvas visiems, \u0161iuk\u0161liad\u0117\u017e\u0117 yra ai\u0161kiai pa\u017eym\u0117ta. Ant jos yra lipdukai su frakcij\u0173 pavadinimais, o kiekvienas dangtis yra atitinkamos r\u016b\u0161iavimo spalvos:<\/p>\n<p>  \u017dalia \u2014 stiklo<br \/>\n  M\u0117lyna \u2014 popieriaus<br \/>\n  Geltona \u2014 plastiko ir metalo<\/p>\n<p>Praktin\u0117s savyb\u0117s<br \/>\nInterjero \u012franga turi b\u016bti patraukli, funkcionali ir lengvai valoma. Modulin\u0117 perdirbimo \u0161iuk\u0161liad\u0117\u017e\u0117 turi dang\u010dius, palengvinan\u010dius r\u016b\u0161iavim\u0105 ir padedan\u010dius apsisaugoti nuo nemaloni\u0173 kvap\u0173. Ji apr\u016bpinta prakti\u0161kais r\u0117mais 120 l mai\u0161ams, tad mai\u0161ai laikosi vietoje net pilnai u\u017epildyti, neleid\u017eiant nevaldomai i\u0161sibarstyti atliek\u0173. Biuro \u0161iuk\u0161liad\u0117\u017e\u0117 taip i\u0161lieka higieni\u0161ka, lengvai tu\u0161tinama ir valoma.<br \/>\n3 skyri\u0173 \u0161iuk\u0161liad\u0117\u017e\u0117 stovi ant keturi\u0173 koj\u0173 stabilumui. Kiekvieno modulio durel\u0117s pritaikytos u\u017eraktui su pakabinam\u0105ja spyna, kad vienetas b\u016bt\u0173 neprieinamas ne\u012fgaliotiems asmenims. Taip pat yra montavimo angos, leid\u017eian\u010dios laisvai jungti modulius ir sukurti r\u016b\u0161iavimo stot\u012f pagal individualius poreikius.<\/p>\n<p>Pagrindin\u0117 informacija<\/p>\n<p>  Talpa: 3 x 60 litr\u0173<br \/>\n  Med\u017eiaga: da\u017eytas plienas<br \/>\n  Naudojimas: vidaus patalpose<br \/>\n  Ilgaam\u017ei\u0161kumas: atsparumas mechaniniams pa\u017eeidimams<br \/>\n  Spalva: korpusas grafito (RAL 7021)<br \/>\n  Dang\u010diai: 3 r\u016b\u0161iavimo spalvos<br \/>\n  \u017dym\u0117jimas: dideli lipdukai su frakcij\u0173 pavadinimais<br \/>\n  Saugumas: durel\u0117s pritaikytos pakabinamos spynos montavimui<br \/>\n  Dang\u010diai: varstomi<br \/>\n  Priedai: r\u0117mai 120 l mai\u0161ams<br \/>\n  Stabilumas: stabilizuojan\u010dios kojos<br \/>\n  Modularumas: montavimo angos moduli\u0173 jungimui<\/p>\n","protected":false},"excerpt":{"rendered":"<p>Modulinis atliek\u0173 r\u016b\u0161iavimo konteineris biurams, mokykloms, parduotuv\u0117ms ar vie\u0161iesiems pastatams. 3 skyri\u0173 Eco Estri konteineris (3 x 60 l) su sklend\u0117mis si\u016blo efektyv\u0173, patraukl\u0173 sprendim\u0105 atliek\u0173 r\u016b\u0161iavimo \u012fvedimui bet kurioje erdv\u0117je.<\/p>\n","protected":false},"featured_media":2278,"comment_status":"open","ping_status":"closed","template":"","meta":[],"product_brand":[],"product_cat":[70],"product_tag":[],"class_list":{"0":"post-2154","1":"product","2":"type-product","3":"status-publish","4":"has-post-thumbnail","6":"product_cat-waste-containers","8":"first","9":"instock","10":"taxable","11":"shipping-taxable","12":"purchasable","13":"product-type-simple"},"_links":{"self":[{"href":"https:\/\/eco-market24.com\/lt\/wp-json\/wp\/v2\/product\/2154","targetHints":{"allow":["GET"]}}],"collection":[{"href":"https:\/\/eco-market24.com\/lt\/wp-json\/wp\/v2\/product"}],"about":[{"href":"https:\/\/eco-market24.com\/lt\/wp-json\/wp\/v2\/types\/product"}],"replies":[{"embeddable":true,"href":"https:\/\/eco-market24.com\/lt\/wp-json\/wp\/v2\/comments?post=2154"}],"wp:featuredmedia":[{"embeddable":true,"href":"https:\/\/eco-market24.com\/lt\/wp-json\/wp\/v2\/media\/2278"}],"wp:attachment":[{"href":"https:\/\/eco-market24.com\/lt\/wp-json\/wp\/v2\/media?parent=2154"}],"wp:term":[{"taxonomy":"product_brand","embeddable":true,"href":"https:\/\/eco-market24.com\/lt\/wp-json\/wp\/v2\/product_brand?post=2154"},{"taxonomy":"product_cat","embeddable":true,"href":"https:\/\/eco-market24.com\/lt\/wp-json\/wp\/v2\/product_cat?post=2154"},{"taxonomy":"product_tag","embeddable":true,"href":"https:\/\/eco-market24.com\/lt\/wp-json\/wp\/v2\/product_tag?post=2154"}],"curies":[{"name":"wp","href":"https:\/\/api.w.org\/{rel}","templated":true}]}}