{"id":2220,"date":"2025-09-29T16:20:58","date_gmt":"2025-09-29T14:20:58","guid":{"rendered":"https:\/\/eco-market24.com\/product\/eco-modular-modulinis-rusiavimo-konteineris-40-l-baltas\/"},"modified":"2025-09-29T20:05:20","modified_gmt":"2025-09-29T18:05:20","slug":"eco-modular-modulinis-rusiavimo-konteineris-40-l-baltas","status":"publish","type":"product","link":"https:\/\/eco-market24.com\/lt\/produktas\/eco-modular-modulinis-rusiavimo-konteineris-40-l-baltas\/","title":{"rendered":"Eco Modular modulinis r\u016b\u0161iavimo konteineris, 40 l, baltas"},"content":{"rendered":"<p>Recycling Bin Modular Eco Modular 40 L \u2014 balta<\/p>\n<p>Apra\u0161ymas: modulin\u0117 40 l perdirbimo \u0161iuk\u0161liad\u0117\u017e\u0117 skatina proekologin\u012f elges\u012f vie\u0161ose erdv\u0117se. Pagaminta i\u0161 auk\u0161tos kokyb\u0117s med\u017eiag\u0173, tinka naudoti tiek patalpose, tiek lauke, ideali prekybos centrams, traukini\u0173 sto\u010di\u0173, oro uost\u0173, valdymo \u012fstaig\u0173, ligonin\u0117ms, mokykloms, biur\u0173 pastatams ir degalin\u0117ms.<\/p>\n<p>Ilgaam\u017e\u0117 konstrukcija<\/p>\n<p>  Med\u017eiaga: 0,8 mm cinkuota plienin\u0117 lak\u0161tin\u0117 su milteliniu da\u017eymu<br \/>\n  Apdaila: \u0161lifuoto plieno i\u0161vaizda su matin\u0117mis, vienalyt\u0117mis spalvomis<br \/>\n  Patvarumas: atspari \u012fdubimams, deformacijai ir smulkiems \u012fbr\u0117\u017eimams \u2014 tinkama intensyviai naudojamoms vietoms<br \/>\n  Dizainas: eleganti\u0161ka, moderni i\u0161vaizda, deranti su \u0161iuolaikin\u0117mis miesto ir biuro aplinkomis<\/p>\n<p>Prakti\u0161kos savyb\u0117s<\/p>\n<p>  Talpa: 40 litr\u0173<br \/>\n  Konfig\u016bracija: laisvai pastatoma konstrukcija<br \/>\n  Vidinis krep\u0161ys: cinkuotas plieno \u012fklotas su mai\u0161eli\u0173 laikikliais, u\u017etikrinan\u010diais mai\u0161eli\u0173 fiksavim\u0105<br \/>\n  Prie\u017ei\u016bra: lygaus pavir\u0161iaus \u012fklotas, palengvinantis valym\u0105<br \/>\n  Prieiga: nuimamas vir\u0161utinis dangtis paprastam i\u0161tu\u0161tinimui<br \/>\n  Spalva: balta<\/p>\n","protected":false},"excerpt":{"rendered":"<p>Modulinis 40 l baltas ekologinis r\u016b\u0161iavimo konteineris \u2014 idealus prekybos centrams, traukini\u0173 stotims ir oro uostams; skatina aplinkai palank\u0173 elges\u012f vie\u0161osiose erdv\u0117se<\/p>\n","protected":false},"featured_media":2353,"comment_status":"open","ping_status":"closed","template":"","meta":[],"product_brand":[],"product_cat":[157],"product_tag":[],"class_list":{"0":"post-2220","1":"product","2":"type-product","3":"status-publish","4":"has-post-thumbnail","6":"product_cat-atlieku-rusiavimo-konteineriai","8":"first","9":"instock","10":"taxable","11":"shipping-taxable","12":"purchasable","13":"product-type-simple"},"_links":{"self":[{"href":"https:\/\/eco-market24.com\/lt\/wp-json\/wp\/v2\/product\/2220","targetHints":{"allow":["GET"]}}],"collection":[{"href":"https:\/\/eco-market24.com\/lt\/wp-json\/wp\/v2\/product"}],"about":[{"href":"https:\/\/eco-market24.com\/lt\/wp-json\/wp\/v2\/types\/product"}],"replies":[{"embeddable":true,"href":"https:\/\/eco-market24.com\/lt\/wp-json\/wp\/v2\/comments?post=2220"}],"wp:featuredmedia":[{"embeddable":true,"href":"https:\/\/eco-market24.com\/lt\/wp-json\/wp\/v2\/media\/2353"}],"wp:attachment":[{"href":"https:\/\/eco-market24.com\/lt\/wp-json\/wp\/v2\/media?parent=2220"}],"wp:term":[{"taxonomy":"product_brand","embeddable":true,"href":"https:\/\/eco-market24.com\/lt\/wp-json\/wp\/v2\/product_brand?post=2220"},{"taxonomy":"product_cat","embeddable":true,"href":"https:\/\/eco-market24.com\/lt\/wp-json\/wp\/v2\/product_cat?post=2220"},{"taxonomy":"product_tag","embeddable":true,"href":"https:\/\/eco-market24.com\/lt\/wp-json\/wp\/v2\/product_tag?post=2220"}],"curies":[{"name":"wp","href":"https:\/\/api.w.org\/{rel}","templated":true}]}}