{"id":2223,"date":"2025-09-29T16:20:57","date_gmt":"2025-09-29T14:20:57","guid":{"rendered":"https:\/\/eco-market24.com\/product\/siuksliu-deze-su-pelenine-strasburg-70-l\/"},"modified":"2025-09-29T20:05:22","modified_gmt":"2025-09-29T18:05:22","slug":"siuksliu-deze-su-pelenine-strasburg-70-l","status":"publish","type":"product","link":"https:\/\/eco-market24.com\/lt\/produktas\/siuksliu-deze-su-pelenine-strasburg-70-l\/","title":{"rendered":"\u0160iuk\u0161li\u0173 d\u0117\u017e\u0117 su pelenine Strasburg 70 l"},"content":{"rendered":"<p>Minimalistin\u0117 medin\u0117 park\u0173 \u0161iuk\u0161liad\u0117\u017e\u0117 \u2013 ideali miestui ir \u017ealioms zonoms<\/p>\n<p>Strasburg 70 l \u0161iuk\u0161liad\u0117\u017e\u0117 su pelenine jungia minimalistin\u012f dizain\u0105 ir nepriekai\u0161ting\u0105 funkcionalum\u0105. Jos laikui nepavaldus estetinis sprendimas ir prakti\u0161kos detal\u0117s daro j\u0105 geriausiu pasirinkimu miesto erdv\u0117ms. Miesto \u0161iuk\u0161liad\u0117\u017e\u0119 galima s\u0117kmingai naudoti didel\u0117se automobili\u0173 stov\u0117jimo aik\u0161tel\u0117se ir prekybos viet\u0173 aplinkoje, taip pat ji puikiai tinka prie autobus\u0173 ir tramvaj\u0173 stoteli\u0173. Gatv\u0117s \u0161iuk\u0161liad\u0117\u017e\u0117 puikus pasirinkimas p\u0117s\u010di\u0173j\u0173 ir transporto jud\u0117jimo vietoms vie\u0161ose erdv\u0117se, \u0161aligatviams, promenadoms, ma\u017eoms aik\u0161t\u0117ms, parkams ir priemies\u010di\u0173 mi\u0161keliams.<\/p>\n<p>Pagrindin\u0117s savyb\u0117s<\/p>\n<p>  Talpa: 70 litr\u0173<br \/>\n  Spalva: grafitas (RAL 7016)<br \/>\n  Konstrukcija: 1,2 mm storio milteliniu b\u016bdu da\u017eyta cinkuota plienin\u0117 konstrukcija<br \/>\n  Vidin\u0117 \u012fd\u0117kl\u0117: cinkuotas plienas, palengvina i\u0161tu\u0161tinim\u0105 ir prie\u017ei\u016br\u0105<br \/>\n  Dangtis: u\u017erakinamas raktu (prieiga tik \u012fgaliotam personalui)<br \/>\n  Pelenin\u0117: integruota plienin\u0117 pelenin\u0117, neleid\u017eianti i\u0161barstyti nuor\u016bk\u0173<br \/>\n  Montavimas: galimyb\u0117 pritvirtinti var\u017etais prie pagrindo d\u0117l maksimalaus stabilumo<br \/>\n  Sertifikatai: ISO, BV, TUV<\/p>\n<p>Ilgaam\u017ei\u0161kumas ir dizainas<br \/>\nGatv\u0117s \u0161iuk\u0161liad\u0117\u017e\u0117 pagaminta i\u0161 auk\u0161tos kokyb\u0117s med\u017eiag\u0173, u\u017etikrinan\u010di\u0173 mechanin\u012f tvirtum\u0105 ir atsparum\u0105 i\u0161oriniams veiksniams. Ji nedeformuojasi veikiama UV spinduli\u0173, lietaus, sniego ar ekstremali\u0173 temperat\u016br\u0173, tod\u0117l tinkama lauko s\u0105lygoms ir vietoms, kur rizika atsitiktiniam pa\u017eeidimui didesn\u0117. Lyg\u016bs vidiniai ir i\u0161oriniai pavir\u0161iai u\u017etikrina lengv\u0105 valym\u0105, o sant\u016bri grafito apdaila leid\u017eia \u0161iuk\u0161liad\u0117\u017eei susilieti su aplinka nepakenkiant jos i\u0161vaizdai.<\/p>\n<p>Panaudojimas<br \/>\nTinka miesto ir \u017ealioms zonoms, \u012fskaitant gatves, stov\u0117jimo aik\u0161teles, prekybos viet\u0173 aplink\u0105, autobus\u0173 ir tramvaj\u0173 stoteles, \u0161aligatvius, promenadas, ma\u017eas aik\u0161tes, parkus ir priemies\u010di\u0173 mi\u0161kelius.<\/p>\n","protected":false},"excerpt":{"rendered":"<p>Minimalistin\u0117 medin\u0117 parko \u0161iuk\u0161liad\u0117\u017e\u0117, ideali miesto ir \u017eali\u0173j\u0173 erdvi\u0173 zonoms. Strasburg 70 l \u0161iuk\u0161liad\u0117\u017e\u0117 su pelenine derina am\u017ein\u0105 estetik\u0105 su patikimu funkcionalumu, tod\u0117l tai puikus pasirinkimas miesto erdv\u0117ms.<\/p>\n","protected":false},"featured_media":2356,"comment_status":"open","ping_status":"closed","template":"","meta":[],"product_brand":[],"product_cat":[170],"product_tag":[],"class_list":{"0":"post-2223","1":"product","2":"type-product","3":"status-publish","4":"has-post-thumbnail","6":"product_cat-gatviu-ir-parku-atlieku-konteineriai","8":"first","9":"instock","10":"taxable","11":"shipping-taxable","12":"purchasable","13":"product-type-simple"},"_links":{"self":[{"href":"https:\/\/eco-market24.com\/lt\/wp-json\/wp\/v2\/product\/2223","targetHints":{"allow":["GET"]}}],"collection":[{"href":"https:\/\/eco-market24.com\/lt\/wp-json\/wp\/v2\/product"}],"about":[{"href":"https:\/\/eco-market24.com\/lt\/wp-json\/wp\/v2\/types\/product"}],"replies":[{"embeddable":true,"href":"https:\/\/eco-market24.com\/lt\/wp-json\/wp\/v2\/comments?post=2223"}],"wp:featuredmedia":[{"embeddable":true,"href":"https:\/\/eco-market24.com\/lt\/wp-json\/wp\/v2\/media\/2356"}],"wp:attachment":[{"href":"https:\/\/eco-market24.com\/lt\/wp-json\/wp\/v2\/media?parent=2223"}],"wp:term":[{"taxonomy":"product_brand","embeddable":true,"href":"https:\/\/eco-market24.com\/lt\/wp-json\/wp\/v2\/product_brand?post=2223"},{"taxonomy":"product_cat","embeddable":true,"href":"https:\/\/eco-market24.com\/lt\/wp-json\/wp\/v2\/product_cat?post=2223"},{"taxonomy":"product_tag","embeddable":true,"href":"https:\/\/eco-market24.com\/lt\/wp-json\/wp\/v2\/product_tag?post=2223"}],"curies":[{"name":"wp","href":"https:\/\/api.w.org\/{rel}","templated":true}]}}