{"id":377,"date":"2025-09-28T12:27:26","date_gmt":"2025-09-28T10:27:26","guid":{"rendered":"https:\/\/eco-market24.com\/product\/1100l-black-waste-container-ese\/"},"modified":"2025-10-15T08:28:54","modified_gmt":"2025-10-15T06:28:54","slug":"1100l-black-waste-container-ese","status":"publish","type":"product","link":"https:\/\/eco-market24.com\/lt\/produktas\/1100l-black-waste-container-ese\/","title":{"rendered":"1100 l juodas atliek\u0173 konteineris ESE"},"content":{"rendered":"\n<p>1100 l atliek\u0173 konteineris \u2013 garantuota produkto kokyb\u0117<\/p>\n\n<p>Efektyvus atliek\u0173 r\u016b\u0161iavimas komercin\u0117se patalpose reikalauja tinkam\u0173 1100 l talpos konteineri\u0173, kurie b\u016bt\u0173 patvar\u016bs, pritaikyti da\u017enai naudoti ir lengvai i\u0161tu\u0161tinami bei pri\u017ei\u016brimi.<\/p>\n\n<p>1100 l talpos konteineris pagamintas i\u0161 patvaraus PE\u2011HD plastiko naudojant injekcinio liejimo technologij\u0105. Didelio tankio polietilenas u\u017etikrina ilgalaik\u012f MGB konteinerio spalvos intensyvum\u0105.<\/p>\n\n<p>Talpyklos med\u017eiaga atspari UV spinduliams ir i\u0161tveria plat\u0173 temperat\u016br\u0173 diapazon\u0105. D\u0117l to 1100 l talpos talpykl\u0105 galima laikyti lauke esant bet kokioms oro s\u0105lygoms.<\/p>\n\n<p>ESE 1100L konteineris taip pat pasi\u017eymi puikiu atsparumu chemin\u0117ms med\u017eiagoms. 1100L konteineris gali saugoti pramonines atliekas, turin\u010dias valikli\u0173 liekan\u0173 ir kit\u0173 chemini\u0173 preparat\u0173. Plastikin\u0117 med\u017eiaga nesideformuos ir nereaguos su chemin\u0117mis med\u017eiagomis j\u0173 \u012ftakoje.<\/p>\n\n<p>1100 l atliek\u0173 konteineris \u2013 patogumas ir funkcionalumas<\/p>\n\n<p>MGB 1100 konteineris i\u0161 Vokietijos prek\u0117s \u017eenklo ESE yra funkcionalus, patvarus ir esteti\u0161kai patrauklus. Konteineris turi plok\u0161\u010di\u0105 dangt\u012f ir patogi\u0105, tyli\u0105 gumini\u0173 rat\u0173 sistem\u0105 su 20 cm skersmens ratais, sustiprintus apsauginius gaubtus ir stabd\u017eius priekin\u0117ms ratoms. D\u0117l to 1100 litr\u0173 konteiner\u012f lengva perkelti ir i\u0161tu\u0161tinti.<\/p>\n\n<p>1100 l konteinerio korpusas papildomai sustiprintas, ypa\u010d vietose, labiausiai veikiamose apkrovos. Kiekvienas ESE 1100 litr\u0173 atliek\u0173 konteineris gamybos metu kompiuteriu testuojamas d\u0117l patvarumo.<\/p>\n\n<p>1100 litr\u0173 konteineris turi \u0161oninius kai\u0161\u010dius, sustiprintus metaliniais vamzd\u017eiais, keturias ergonomi\u0161kas rankenas \u0161onin\u0117se sienel\u0117se ir apa\u010dioje esant\u012f nutek\u0117jimo ang\u0105.<\/p>\n\n<p>ESE 1100L atliek\u0173 konteineris yra prieinamas visomis r\u016b\u0161iavimo spalvomis:<\/p>\n\n<ul class=\"wp-block-list\">\n<li>Juoda \u2013 mi\u0161rioms atliekoms<\/li>\n\n\n\n<li>M\u0117lynas 1100 l konteineris popieriui<\/li>\n\n\n\n<li>Geltona \u2013 plastikas<\/li>\n\n\n\n<li>\u017dalias 1100 l konteineris stiklui<\/li>\n\n\n\n<li>Ruda \u2013 organin\u0117ms atliekoms<\/li>\n\n\n\n<li>Raudona \u2013 metalui<\/li>\n<\/ul>\n\n<p>ESE 1100 litr\u0173 konteineris \u2013 standartai ir sertifikatai<\/p>\n\n<p>Patvirtinimas apie auk\u0161t\u0105 aplinkos atsparum\u0105, i\u0161skiriant\u012f ESE juod\u0105 1100L atliek\u0173 konteiner\u012f, yra atitiktis ES standartui PN-EN 840 ir auk\u0161\u010diausia tarptautin\u0117 kokyb\u0117s \u017eyma RAL-GZ951\/1. 1100L konteineris taip pat turi sertifikatus, patvirtinan\u010dius triuk\u0161mo apsaugos reikalavim\u0173 atitikt\u012f, ir yra pa\u017eym\u0117tas CE \u017eenklu.<\/p>\n\n<p>1100 litr\u0173 konteineris, pritaikytas kori\u0173 i\u0161krovimui<\/p>\n\n<p>Tai viena i\u0161 svarbiausi\u0173 1100 l talpos konteineri\u0173 savybi\u0173. ESE 1100 litr\u0173 atliek\u0173 konteineris pritaikytas kabinti ant comb tipo i\u0161krovimo mechanizm\u0173 bei DIN tipo i\u0161krovimo. ESE komunaliniai atliek\u0173 konteineriai suderinami su visais tradiciniais \u0161iuk\u0161liave\u017eiais, veikian\u010diais visoje Lenkijoje.<\/p>\n\n<p>1100 l konteinerio i\u0161matavimai ir svoris<\/p>\n\n<p>ESE 1100 litr\u0173 atliek\u0173 konteineris turi \u0161iuos i\u0161matavimus:<\/p>\n\n<ul class=\"wp-block-list\">\n<li>\u016agis \u2013 137 cm<\/li>\n\n\n\n<li>Plotis \u2013 137,5 cm<\/li>\n\n\n\n<li>Gylis \u2013 107,5 cm<\/li>\n<\/ul>\n\n<p>Kiek sveria 1100 l konteineris? Tikras 1100 litr\u0173 atliek\u0173 konteinerio svoris yra 49 kg. Ta\u010diau nominalus 1100 l atliek\u0173 konteinerio svoris, kai jis u\u017epildytas, gali siekti iki 510 kg, kas yra did\u017eiausia nominali talpa tarp vis\u0173 1100 l plastikini\u0173 atliek\u0173 konteineri\u0173 Europos rinkoje.<\/p>\n","protected":false},"excerpt":{"rendered":"<ul>\n<li class=\"whitespace-normal break-words\"><strong>Tvirta PE-HD med\u017eiaga<\/strong> \u2013 atspari UV spinduliams ir platus temperat\u016br\u0173 diapazonas, ideali lauko s\u0105lygoms<\/li>\n<li class=\"whitespace-normal break-words\"><strong>Nominali talpa iki 510 kg<\/strong> \u2013 did\u017eiausia tarp 1100 l konteineri\u0173 Europos rinkoje<\/li>\n<li class=\"whitespace-normal break-words\"><strong>Guminis rat\u0173 sistema \u00d8 20 cm su stabd\u017eiais ir sustiprintais gaubtais<\/strong> \u2013 tylus ir lengvas transportavimas<\/li>\n<li class=\"whitespace-normal break-words\"><strong>Sustiprinta konstrukcija su metalin\u0117mis \u012fd\u0117klomis \u0161oniniuose kai\u0161\u010diuose ir ergonomi\u0161komis rankenomis<\/strong><\/li>\n<li class=\"whitespace-normal break-words\"><strong>Suderinamumas su \u0161iuk\u0161liave\u017e\u0117mis<\/strong> \u2013 pritaikyta \u0161ukos ir DIN tipo i\u0161krovimo sistemoms<\/li>\n<li class=\"whitespace-normal break-words\"><strong>Pilnas r\u016b\u0161iavimo spalv\u0173 asortimentas<\/strong> \u2013 juoda, m\u0117lyna, geltona, \u017ealia, ruda, raudona<\/li>\n<li class=\"whitespace-normal break-words\"><strong>Kokyb\u0117s sertifikatai<\/strong> \u2013 atitinka PN-EN 840 standart\u0105 ir RAL-GZ951\/1 \u017eenklinim\u0105, CE sertifikuotas<\/li>\n<\/ul>\n","protected":false},"featured_media":219,"comment_status":"open","ping_status":"closed","template":"","meta":[],"product_brand":[77],"product_cat":[139,138],"product_tag":[],"class_list":{"0":"post-377","1":"product","2":"type-product","3":"status-publish","4":"has-post-thumbnail","6":"product_brand-ese","7":"product_cat-4-ratuku-atlieku-konteineriai-1100l","8":"product_cat-atlieku-konteineriai","10":"first","11":"instock","12":"taxable","13":"shipping-taxable","14":"purchasable","15":"product-type-simple"},"_links":{"self":[{"href":"https:\/\/eco-market24.com\/lt\/wp-json\/wp\/v2\/product\/377","targetHints":{"allow":["GET"]}}],"collection":[{"href":"https:\/\/eco-market24.com\/lt\/wp-json\/wp\/v2\/product"}],"about":[{"href":"https:\/\/eco-market24.com\/lt\/wp-json\/wp\/v2\/types\/product"}],"replies":[{"embeddable":true,"href":"https:\/\/eco-market24.com\/lt\/wp-json\/wp\/v2\/comments?post=377"}],"wp:featuredmedia":[{"embeddable":true,"href":"https:\/\/eco-market24.com\/lt\/wp-json\/wp\/v2\/media\/219"}],"wp:attachment":[{"href":"https:\/\/eco-market24.com\/lt\/wp-json\/wp\/v2\/media?parent=377"}],"wp:term":[{"taxonomy":"product_brand","embeddable":true,"href":"https:\/\/eco-market24.com\/lt\/wp-json\/wp\/v2\/product_brand?post=377"},{"taxonomy":"product_cat","embeddable":true,"href":"https:\/\/eco-market24.com\/lt\/wp-json\/wp\/v2\/product_cat?post=377"},{"taxonomy":"product_tag","embeddable":true,"href":"https:\/\/eco-market24.com\/lt\/wp-json\/wp\/v2\/product_tag?post=377"}],"curies":[{"name":"wp","href":"https:\/\/api.w.org\/{rel}","templated":true}]}}