{"id":379,"date":"2025-09-28T18:40:02","date_gmt":"2025-09-28T16:40:02","guid":{"rendered":"https:\/\/eco-market24.com\/product\/1100l-green-waste-container-ese\/"},"modified":"2025-09-28T20:27:36","modified_gmt":"2025-09-28T18:27:36","slug":"1100l-green-waste-container-ese","status":"publish","type":"product","link":"https:\/\/eco-market24.com\/lt\/produktas\/1100l-green-waste-container-ese\/","title":{"rendered":"1100 l \u017eali\u0173j\u0173 atliek\u0173 konteineris ESE"},"content":{"rendered":"\n<p>\u0160tai angl\u0173 kalbos vertimas:<\/p>\n\n<p>ESE konteineris su RAL\u2011GZ951\/1 kokyb\u0117s \u017eenklu<\/p>\n\n<p>ESE prek\u0117s \u017eenklo komunalini\u0173 atliek\u0173 konteineri\u0173 auk\u0161\u010diausios kokyb\u0117s ir j\u0173 atsparumo i\u0161oriniams aplinkos veiksniams patvirtinimas yra j\u0173 pa\u017eym\u0117jimas RAL\u2011GZ951\/1 kokyb\u0117s \u017eenklu ir atitiktis Europos S\u0105jungos standartui PN\u2011EN 840. ESE prek\u0117s \u017eenklo konteineriai pa\u017eym\u0117ti CE \u017eenklu ir turi sertifikatus, garantuojan\u010dius atitikt\u012f triuk\u0161mo apsaugos reikalavimams.<\/p>\n\n<p>\u017dalias 1100 l konteineris, pagamintas vokie\u010di\u0173 prek\u0117s \u017eenklo ESE, yra funkcionaliausias, ilgaam\u017ei\u0161kiausias ir tuo pa\u010diu esteti\u0161kiausias lauko komunalini\u0173 atliek\u0173 konteineris, prieinamas Lenkijos rinkoje. ESE konteineris turi plok\u0161\u010di\u0105, lengv\u0105 dangt\u012f ir patog\u0173 keturi\u0173 gumini\u0173 rat\u0173 komplekt\u0105 su papildomu sutvirtinamu gaubtu ir stabd\u017eiais priekin\u0117ms ratoms, tod\u0117l j\u012f lengva naudoti ir jis yra tylus transportavimo metu.<\/p>\n\n<p>Auk\u0161tos kokyb\u0117s ESE prek\u0117s \u017eenklo 1100 l atliek\u0173 konteineris<\/p>\n\n<p>Pramonini\u0173 atliek\u0173 r\u016b\u0161iavimui \u012fmon\u0117je reikia naudoti profesionalius konteinerius, kurie atlaikyt\u0173 da\u017en\u0105 naudojim\u0105 ir eksploatavim\u0105. MGB konteineriai tur\u0117t\u0173 b\u016bti pagaminti i\u0161 tvirto, pa\u017eeidimams atsparaus materialo, taip pat lengvai transportuojami ir i\u0161tu\u0161tinami.<\/p>\n\n<p>Voki\u0161ki ESE prek\u0117s \u017eenklo miesto atliek\u0173 konteineriai turi savybi\u0173, kurios juos i\u0161skiria i\u0161 kit\u0173 konteineri\u0173 d\u0117l auk\u0161tos kokyb\u0117s ir ilgaam\u017ei\u0161kumo.<\/p>\n\n<ul class=\"wp-block-list\">\n<li>ESE konteineriai pagaminti i\u0161 didelio tankio PE\u2011HD med\u017eiagos, tod\u0117l visa konteinerio konstrukcija \u2013 sienos, dugnas ir dangtis \u2013 atspari deformacijoms ir \u012flenkimams.<\/li>\n\n\n\n<li>Konteineriai atspar\u016bs saul\u0117s spinduliams ir gerai toleruoja \u017eemas bei auk\u0161tas temperat\u016bras. 1100 l komunalini\u0173 atliek\u0173 konteineriai suprojektuoti buitini\u0173 atliek\u0173 r\u016b\u0161iavimui lauke visomis oro s\u0105lygomis.<\/li>\n\n\n\n<li>Didelio tankio polietilenas, naudojamas ESE 1100L konteineri\u0173 gamyboje, garantuoja \u017ealios spalvos intensyvumo i\u0161saugojim\u0105.<\/li>\n\n\n\n<li>ESE prek\u0117s \u017eenklo atliek\u0173 konteineriai taip pat i\u0161siskiria atsparumu juose laikomiems chemikalams. Konteineriai gali b\u016bti naudojami postprodukcini\u0173 atliek\u0173, kuriose yra valymo priemoni\u0173 liku\u010di\u0173 ar kit\u0173 pana\u0161i\u0173 med\u017eiag\u0173, galin\u010di\u0173 b\u016bti laikomomis pavojingomis, atskyrimui.<\/li>\n<\/ul>\n\n<p>ESE konteineriai, pritaikyti \u0161uk\u0173 i\u0161krovai<\/p>\n\n<p>ESE prek\u0117s \u017eenklo 1100 l komunalini\u0173 atliek\u0173 konteineriai pritaikyti i\u0161tu\u0161tinimui tiek naudojant \u0161ukinio mechanizm\u0105, tiek DIN tipo k\u0117limo sistem\u0105. ESE MGB konteiner\u012f gali lengvai i\u0161tu\u0161tinti visi \u0161iuk\u0161liave\u017eiai, surenkantys atliekas Lenkijoje.<\/p>\n\n<p>ESE konteineri\u0173, kuri\u0173 talpa 1100 l, nominalus svoris yra 510 kg, ir tai yra did\u017eiausias \u012fmanomas nominalus pakrovimo svoris 1100 l konteineriams i\u0161 vis\u0173 plastikini\u0173 pramonini\u0173 atliek\u0173 konteineri\u0173.<\/p>\n\n<p><\/p>\n","protected":false},"excerpt":{"rendered":"<ul>\n<li class=\"whitespace-normal break-words\"><strong>Tvirta PE\u2011HD med\u017eiaga<\/strong> \u2013 atspari UV spinduliams ir pla\u010diam temperat\u016br\u0173 diapazonui, ideali lauko s\u0105lygoms<\/li>\n<li class=\"whitespace-normal break-words\"><strong>Vardin\u0117 talpa iki 510 kg<\/strong> \u2013 did\u017eiausia tarp 1100 l konteineri\u0173 Europos rinkoje<\/li>\n<li class=\"whitespace-normal break-words\"><strong>Gumini\u0173 rat\u0173 sistema \u00d8 20 cm su stabd\u017eiais ir sustiprintais gaubtais<\/strong> \u2013 tylus ir lengvas transportavimas<\/li>\n<li class=\"whitespace-normal break-words\"><strong>Sustiprinta konstrukcija su metaliniais \u012fd\u0117klais \u0161oniniuose kai\u0161\u010diuose ir ergonomi\u0161komis rankenomis<\/strong><\/li>\n<li class=\"whitespace-normal break-words\"><strong>Suderinamas su \u0161iuk\u0161liave\u017e\u0117mis<\/strong> \u2013 pritaikytas \u0161ukos tipo ir DIN i\u0161metimo sistemoms<\/li>\n<li class=\"whitespace-normal break-words\"><strong>Pilna r\u016b\u0161iavimo spalv\u0173 gama<\/strong> \u2013 juoda, m\u0117lyna, geltona, \u017ealia, ruda, raudona<\/li>\n<li class=\"whitespace-normal break-words\"><strong>Kokyb\u0117s sertifikatai<\/strong> \u2013 atitinka PN\u2011EN 840 standart\u0105 ir RAL\u2011GZ951\/1 \u017eenkl\u0105, CE sertifikuotas<\/li>\n<\/ul>\n","protected":false},"featured_media":352,"comment_status":"open","ping_status":"closed","template":"","meta":[],"product_brand":[77],"product_cat":[139,138],"product_tag":[],"class_list":{"0":"post-379","1":"product","2":"type-product","3":"status-publish","4":"has-post-thumbnail","6":"product_brand-ese","7":"product_cat-4-ratuku-atlieku-konteineriai-1100l","8":"product_cat-atlieku-konteineriai","10":"first","11":"instock","12":"taxable","13":"shipping-taxable","14":"purchasable","15":"product-type-simple"},"_links":{"self":[{"href":"https:\/\/eco-market24.com\/lt\/wp-json\/wp\/v2\/product\/379","targetHints":{"allow":["GET"]}}],"collection":[{"href":"https:\/\/eco-market24.com\/lt\/wp-json\/wp\/v2\/product"}],"about":[{"href":"https:\/\/eco-market24.com\/lt\/wp-json\/wp\/v2\/types\/product"}],"replies":[{"embeddable":true,"href":"https:\/\/eco-market24.com\/lt\/wp-json\/wp\/v2\/comments?post=379"}],"wp:featuredmedia":[{"embeddable":true,"href":"https:\/\/eco-market24.com\/lt\/wp-json\/wp\/v2\/media\/352"}],"wp:attachment":[{"href":"https:\/\/eco-market24.com\/lt\/wp-json\/wp\/v2\/media?parent=379"}],"wp:term":[{"taxonomy":"product_brand","embeddable":true,"href":"https:\/\/eco-market24.com\/lt\/wp-json\/wp\/v2\/product_brand?post=379"},{"taxonomy":"product_cat","embeddable":true,"href":"https:\/\/eco-market24.com\/lt\/wp-json\/wp\/v2\/product_cat?post=379"},{"taxonomy":"product_tag","embeddable":true,"href":"https:\/\/eco-market24.com\/lt\/wp-json\/wp\/v2\/product_tag?post=379"}],"curies":[{"name":"wp","href":"https:\/\/api.w.org\/{rel}","templated":true}]}}