{"id":391,"date":"2025-09-28T17:45:10","date_gmt":"2025-09-28T15:45:10","guid":{"rendered":"https:\/\/eco-market24.com\/product\/1100l-blue-waste-container-ese\/"},"modified":"2025-09-30T16:06:11","modified_gmt":"2025-09-30T14:06:11","slug":"1100l-blue-waste-container-ese","status":"publish","type":"product","link":"https:\/\/eco-market24.com\/lt\/produktas\/1100l-blue-waste-container-ese\/","title":{"rendered":"1100 l m\u0117lynas atliek\u0173 konteineris ESE"},"content":{"rendered":"\n<p>Konteineris atitinka ES standart\u0105 PN-EN 840<\/p>\n\n<p>1100 l ESE prek\u0117s \u017eenklo komunalini\u0173 atliek\u0173 konteinerio auk\u0161\u010diausio atsparumo aplinkos veiksniams patvirtinimas yra RAL\u2011GZ951\/1 kokyb\u0117s \u017eenklo suteikimas ir atitiktis ES standartui PN\u2011EN 840. Konteineris turi sertifikatus, garantuojan\u010dius triuk\u0161mo apsaugos reikalavim\u0173 \u012fgyvendinim\u0105, ir pa\u017eym\u0117tas CE \u017eenklu.<\/p>\n\n<p>1100 l talpos ESE prek\u0117s \u017eenklo konteineris yra patvariausias, esteti\u0161kiausias ir funkcionaliausias komunalini\u0173 atliek\u0173 konteineris rinkoje. Konteineris apr\u016bpintas lygiu dang\u010diu ir patogia, tyli\u0105 darb\u0105 u\u017etikrinan\u010dia gumini\u0173 rat\u0173 sistema, kuri\u0173 skersmuo 20 cm, su papildoma stiprinan\u010dia apsauga ir stabd\u017eiais priekin\u0117ms ratams. D\u0117l to j\u012f lengva naudoti ir perkelti.<\/p>\n\n<p>4 rat\u0173 1100 l atliek\u0173 konteineris ESE<\/p>\n\n<p>Pramonini\u0173 ir komunalini\u0173 atliek\u0173 saugojimui reikia naudoti tinkamus konteinerius \u2014 patvarius, pagamintus i\u0161 storos, deformacijai atsparios med\u017eiagos, ir lengvai i\u0161tu\u0161tinamus bei perkeliamus. ESE 1100 L komunalini\u0173 atliek\u0173 konteineris turi prana\u0161um\u0173, kurie j\u012f i\u0161skiria pagal kokyb\u0119 ir ilgaam\u017ei\u0161kum\u0105.<\/p>\n\n<p>MGB konteineris pagamintas i\u0161 patvaraus didelio tankio HDPE plastiko, yra atsparus UV spinduliams ir toleruoja plat\u0173 temperat\u016br\u0173 diapazon\u0105. D\u0117l to 1100 l komunalini\u0173 atliek\u0173 konteineris gali b\u016bti laikomas lauke bet kokiomis oro s\u0105lygomis. Be to, didelio tankio plastikas, naudotas gaminant ESE 1100 l komunalini\u0173 atliek\u0173 konteiner\u012f, u\u017etikrina spalvos intensyvumo i\u0161laikym\u0105.<\/p>\n\n<p>1100 l talpos ESE prek\u0117s \u017eenklo konteineris i\u0161siskiria atsparumu chemin\u0117ms med\u017eiagoms. D\u0117l to jis tinka komunalini\u0173 ir gamybini\u0173 atliek\u0173, kuri\u0173 sud\u0117tyje yra valikli\u0173 ar kit\u0173 preparat\u0173 liku\u010di\u0173, saugojimui. Konteineris nereaguoja su chemin\u0117mis med\u017eiagomis ir nesideformuoja.<\/p>\n\n<p>Konteinerio pritaikymas kori\u0173 i\u0161krovimo mechanizmams<\/p>\n\n<p>MGB 1100 L atliek\u0173 konteineris pritaikytas tiek comb tipo i\u0161krovimui, tiek DIN tipo i\u0161krovimui. ESE komunaliniai atliek\u0173 konteineriai pritaikyti i\u0161krovimui vis\u0173 tradicini\u0173 \u0161iuk\u0161liave\u017ei\u0173, renkan\u010di\u0173 atliekas Lenkijoje.<\/p>\n\n<p>ESE 1100 L konteinerio nominalus svoris yra 510 kg, ir tai yra did\u017eiausias nominalus krovimo svoris 1100 L konteineriui i\u0161 vis\u0173 komunalini\u0173 atliek\u0173 konteineri\u0173, prieinam\u0173 Lenkijos ir Europos rinkose. Bandykite dar kart\u0105.<\/p>\n\n<p><\/p>\n","protected":false},"excerpt":{"rendered":"<ul>\n<li class=\"whitespace-normal break-words\"><strong>Atspari PE-HD med\u017eiaga<\/strong> \u2013 UV atspari ir platus temperat\u016br\u0173 diapazonas, idealiai tinka lauko s\u0105lygoms<\/li>\n<li class=\"whitespace-normal break-words\"><strong>Nominali talpa iki 510 kg<\/strong> \u2013 did\u017eiausia tarp 1100 l konteineri\u0173 Europos rinkoje<\/li>\n<li class=\"whitespace-normal break-words\"><strong>Gumin\u0117 rat\u0173 sistema \u00d8 20 cm su stabd\u017eiais ir sustiprintais gaubtais<\/strong> \u2013 tylus ir lengvas transportavimas<\/li>\n<li class=\"whitespace-normal break-words\"><strong>Sustiprinta konstrukcija su metaliniais \u012fd\u0117klais \u0161oniniuose kai\u0161\u010diuose ir ergonomi\u0161komis rankenomis<\/strong><\/li>\n<li class=\"whitespace-normal break-words\"><strong>Suderinama su \u0161iuk\u0161liave\u017ei\u0173 sistemomis<\/strong> \u2013 pritaikyta \u0161ukos ir DIN tipo i\u0161krovimo sistemoms<\/li>\n<li class=\"whitespace-normal break-words\"><strong>Pilnas r\u016b\u0161iavimo spalv\u0173 pasirinkimas<\/strong> \u2013 juoda, m\u0117lyna, geltona, \u017ealia, ruda, raudona<\/li>\n<li class=\"whitespace-normal break-words\"><strong>Kokyb\u0117s sertifikatai<\/strong> \u2013 atitinka PN-EN 840 standart\u0105 ir RAL-GZ951\/1 \u017eenkl\u0105, CE sertifikuotas<\/li>\n<\/ul>\n","protected":false},"featured_media":171,"comment_status":"open","ping_status":"closed","template":"","meta":[],"product_brand":[77],"product_cat":[139,138],"product_tag":[],"class_list":{"0":"post-391","1":"product","2":"type-product","3":"status-publish","4":"has-post-thumbnail","6":"product_brand-ese","7":"product_cat-4-ratuku-atlieku-konteineriai-1100l","8":"product_cat-atlieku-konteineriai","10":"first","11":"instock","12":"taxable","13":"shipping-taxable","14":"purchasable","15":"product-type-simple"},"_links":{"self":[{"href":"https:\/\/eco-market24.com\/lt\/wp-json\/wp\/v2\/product\/391","targetHints":{"allow":["GET"]}}],"collection":[{"href":"https:\/\/eco-market24.com\/lt\/wp-json\/wp\/v2\/product"}],"about":[{"href":"https:\/\/eco-market24.com\/lt\/wp-json\/wp\/v2\/types\/product"}],"replies":[{"embeddable":true,"href":"https:\/\/eco-market24.com\/lt\/wp-json\/wp\/v2\/comments?post=391"}],"wp:featuredmedia":[{"embeddable":true,"href":"https:\/\/eco-market24.com\/lt\/wp-json\/wp\/v2\/media\/171"}],"wp:attachment":[{"href":"https:\/\/eco-market24.com\/lt\/wp-json\/wp\/v2\/media?parent=391"}],"wp:term":[{"taxonomy":"product_brand","embeddable":true,"href":"https:\/\/eco-market24.com\/lt\/wp-json\/wp\/v2\/product_brand?post=391"},{"taxonomy":"product_cat","embeddable":true,"href":"https:\/\/eco-market24.com\/lt\/wp-json\/wp\/v2\/product_cat?post=391"},{"taxonomy":"product_tag","embeddable":true,"href":"https:\/\/eco-market24.com\/lt\/wp-json\/wp\/v2\/product_tag?post=391"}],"curies":[{"name":"wp","href":"https:\/\/api.w.org\/{rel}","templated":true}]}}