{"id":392,"date":"2025-09-28T18:40:00","date_gmt":"2025-09-28T16:40:00","guid":{"rendered":"https:\/\/eco-market24.com\/product\/1100l-brown-waste-container-ese\/"},"modified":"2025-09-30T16:06:06","modified_gmt":"2025-09-30T14:06:06","slug":"1100l-brown-waste-container-ese","status":"publish","type":"product","link":"https:\/\/eco-market24.com\/lt\/produktas\/1100l-brown-waste-container-ese\/","title":{"rendered":"1100 l rudos spalvos atliek\u0173 konteineris ESE"},"content":{"rendered":"\n<p>1100 l konteineris pagal RAL\u2011GZ951\/1 kokyb\u0117s standart\u0105<\/p>\n\n<p>Patvirtinimas, kad ESE komunalini\u0173 atliek\u0173 konteineriai yra auk\u0161\u010diausios kokyb\u0117s ir atspar\u016bs aplinkos veiksniams, yra j\u0173 \u017eym\u0117jimas auk\u0161\u010diausiu pasauliniu kokyb\u0117s standartu RAL-GZ951\/1 ir sertifikavimas pagal PN-EN 840 standart\u0105. ESE prek\u0117s \u017eenklo konteineriai pa\u017eym\u0117ti CE \u017eenklu ir atitinka visus galiojan\u010dius Europos ir nacionalinius standartus.<\/p>\n\n<p>Rudas MGB konteineris, pagamintas vokie\u010di\u0173 prek\u0117s \u017eenklo ESE, yra patvarus ir tuo pa\u010diu aplinkai draugi\u0161kas, nes jis pagamintas i\u0161 perdirbamos med\u017eiagos.<\/p>\n\n<p>MGB 1100 konteineryje yra plok\u0161\u010dias, saugus dangtis ir keturi ratai su stiprinamu gaubtu bei stabd\u017eiais dviems priekin\u0117ms ratoms, tod\u0117l konteiner\u012f lengva i\u0161tu\u0161tinti, transportuoti ir jis atitinka sveikatos bei saugos reikalavimus. Be to, konteineryje apa\u010dioje yra nutek\u0117jimo anga, u\u017esandarinta ki\u0161tuku, leid\u017eianti laisvai nutek\u0117ti skystoms atliekoms.<\/p>\n\n<p>Geriausios kokyb\u0117s ESE 1100 l atliek\u0173 konteinerio garantija<\/p>\n\n<p>Biologi\u0161kai skaid\u017ei\u0173 atliek\u0173 atskyrimas \u012fmon\u0117je reikalauja naudoti profesionalius konteinerius, kurie atlaikyt\u0173 da\u017en\u0105 naudojim\u0105 ir daugiame\u010dio naudojimo s\u0105lygas. ESE konteineriai pagaminti i\u0161 sm\u016bgiams atsparios med\u017eiagos, turi sustiprint\u0105 korpuso konstrukcij\u0105 ir lyg\u0173 pavir\u0161i\u0173, palengvinant\u012f prie\u017ei\u016br\u0105 ir konteinerio \u0161varos palaikym\u0105.<\/p>\n\n<p>Vokie\u010di\u0173 ESE atliek\u0173 konteineriai pasi\u017eymi ypatyb\u0117mis, kurios juos i\u0161skiria i\u0161 kit\u0173 MGB konteineri\u0173 pagal kokyb\u0119 ir patikimum\u0105.<\/p>\n\n<ul class=\"wp-block-list\">\n<li>ESE konteineriai pagaminti i\u0161 didelio tankio HDPE med\u017eiagos, tod\u0117l tiek galin\u0117, tiek priekin\u0117 sienos, taip pat konteinerio dugnas yra atspar\u016bs deformacijai.<\/li>\n\n\n\n<li>ESE prek\u0117s \u017eenklo 1100 l atliek\u0173 konteineris leid\u017eia nominal\u0173 pakrovimo svor\u012f iki 510 kg ir tai yra did\u017eiausias galimas nominalus pakrovimo svoris tarp vis\u0173 1100 l plastikini\u0173 komunalini\u0173 atliek\u0173 konteineri\u0173.<\/li>\n\n\n\n<li>1100L konteineriai yra labai atspar\u016bs UV spinduliams ir \u0161al\u010diui. 1100L atliek\u0173 konteineriai skirti lauke r\u016b\u0161iuoti atliekas bet kokiomis oro s\u0105lygomis.<\/li>\n\n\n\n<li>Plastikas, i\u0161 kurio pagamintas ESE atliek\u0173 konteineris, gali b\u016bti perdirbtas. ESE atliek\u0173 konteineriai yra saug\u016bs aplinkai.<\/li>\n\n\n\n<li>ESE prek\u0117s \u017eenklo atliek\u0173 konteineriai i\u0161siskiria atsparumu chemin\u0117ms med\u017eiagoms.<\/li>\n<\/ul>\n\n<p>MGB konteineris, pritaikytas \u0161uk\u0173 i\u0161krovimui<\/p>\n\n<p>Keturi\u0173 rat\u0173 ESE prek\u0117s \u017eenklo konteineriai su plok\u0161\u010diais dang\u010diais gali b\u016bti i\u0161tu\u0161tinami \u0161iuk\u0161liave\u017ei\u0173, turin\u010di\u0173 \u0161onin\u012f, priekin\u012f ir galin\u012f i\u0161krovim\u0105. Konteineriai turi \u0161oninius kai\u0161\u010dius, tod\u0117l jie pritaikyti mechaniniam i\u0161krovimui i\u0161 bet kurio konteinerio kra\u0161to.<\/p>\n\n<p>Konteineriai atitinka DIN standarto reikalavimus ir gali b\u016bti i\u0161krauti naudojant \u0161ukavimo metod\u0105. Bandykite dar kart\u0105.<\/p>\n","protected":false},"excerpt":{"rendered":"<ul>\n<li class=\"whitespace-normal break-words\"><strong>Atsparus PE-HD (polietileno) korpusas<\/strong> \u2013 atsparus UV spinduliams ir plataus temperat\u016br\u0173 diapazono, idealus lauke naudojimui<\/li>\n<li class=\"whitespace-normal break-words\"><strong>Nominali talpa iki 510 kg<\/strong> \u2013 did\u017eiausia tarp 1100 l konteineri\u0173 Europos rinkoje<\/li>\n<li class=\"whitespace-normal break-words\"><strong>Gumin\u0117 rat\u0173 sistema \u00d8 20 cm su stabd\u017eiais ir sustiprintais gaubtais<\/strong> \u2013 tylus ir lengvas transportavimas<\/li>\n<li class=\"whitespace-normal break-words\"><strong>Sustiprinta konstrukcija su metaliniais \u012fd\u0117klais \u0161oniniuose kai\u0161\u010diuose ir ergonomi\u0161komis rankenomis<\/strong><\/li>\n<li class=\"whitespace-normal break-words\"><strong>Suderinamas su \u0161iuk\u0161liave\u017eiais<\/strong> \u2013 pritaikytas \u0161ukinio (comb) ir DIN tipo i\u0161krovimo sistemoms<\/li>\n<li class=\"whitespace-normal break-words\"><strong>Pilnas r\u016b\u0161iavimo spalv\u0173 asortimentas<\/strong> \u2013 juoda, m\u0117lyna, geltona, \u017ealia, ruda, raudona<\/li>\n<li class=\"whitespace-normal break-words\"><strong>Kokyb\u0117s sertifikatai<\/strong> \u2013 atitinka PN-EN 840 standart\u0105 ir RAL-GZ951\/1 \u017eym\u0105, CE sertifikuotas<\/li>\n<\/ul>\n","protected":false},"featured_media":318,"comment_status":"open","ping_status":"closed","template":"","meta":[],"product_brand":[77],"product_cat":[139,138],"product_tag":[],"class_list":{"0":"post-392","1":"product","2":"type-product","3":"status-publish","4":"has-post-thumbnail","6":"product_brand-ese","7":"product_cat-4-ratuku-atlieku-konteineriai-1100l","8":"product_cat-atlieku-konteineriai","10":"first","11":"instock","12":"taxable","13":"shipping-taxable","14":"purchasable","15":"product-type-simple"},"_links":{"self":[{"href":"https:\/\/eco-market24.com\/lt\/wp-json\/wp\/v2\/product\/392","targetHints":{"allow":["GET"]}}],"collection":[{"href":"https:\/\/eco-market24.com\/lt\/wp-json\/wp\/v2\/product"}],"about":[{"href":"https:\/\/eco-market24.com\/lt\/wp-json\/wp\/v2\/types\/product"}],"replies":[{"embeddable":true,"href":"https:\/\/eco-market24.com\/lt\/wp-json\/wp\/v2\/comments?post=392"}],"wp:featuredmedia":[{"embeddable":true,"href":"https:\/\/eco-market24.com\/lt\/wp-json\/wp\/v2\/media\/318"}],"wp:attachment":[{"href":"https:\/\/eco-market24.com\/lt\/wp-json\/wp\/v2\/media?parent=392"}],"wp:term":[{"taxonomy":"product_brand","embeddable":true,"href":"https:\/\/eco-market24.com\/lt\/wp-json\/wp\/v2\/product_brand?post=392"},{"taxonomy":"product_cat","embeddable":true,"href":"https:\/\/eco-market24.com\/lt\/wp-json\/wp\/v2\/product_cat?post=392"},{"taxonomy":"product_tag","embeddable":true,"href":"https:\/\/eco-market24.com\/lt\/wp-json\/wp\/v2\/product_tag?post=392"}],"curies":[{"name":"wp","href":"https:\/\/api.w.org\/{rel}","templated":true}]}}