{"id":395,"date":"2025-09-28T18:39:58","date_gmt":"2025-09-28T16:39:58","guid":{"rendered":"https:\/\/eco-market24.com\/product\/1100l-yellow-waste-container-ese\/"},"modified":"2025-09-30T16:06:08","modified_gmt":"2025-09-30T14:06:08","slug":"1100l-yellow-waste-container-ese","status":"publish","type":"product","link":"https:\/\/eco-market24.com\/lt\/produktas\/1100l-yellow-waste-container-ese\/","title":{"rendered":"1100 l geltonas atliek\u0173 konteineris ESE"},"content":{"rendered":"\n<p>ESE konteineris atitinka PN-EN 840 standart\u0105<\/p>\n\n<p>1100 L pramonini\u0173 atliek\u0173 konteinerio auk\u0161\u010diausios kokyb\u0117s ir atsparumo aplinkos veiksniams patvirtinimas yra RAL-GZ951\/1 kokyb\u0117s \u017eenklo suteikimas ir atitiktis Europos S\u0105jungos standartui PN\u2011EN 840. ESE konteineris pa\u017eym\u0117tas CE \u017eenklu ir turi sertifikatus, garantuojan\u010dius atitikim\u0105 triuk\u0161mo apsaugos reikalavimams.<\/p>\n\n<p>Geltonas 1100L konteineris vokie\u010di\u0173 prek\u0117s \u017eenklo ESE yra funkcionaliausias, patvariausias ir tuo pa\u010diu esteti\u0161kiausias lauko komunalini\u0173 atliek\u0173 konteineris, prieinamas Lenkijos rinkoje. ESE konteineryje yra plok\u0161\u010dios, lengvos dangtis ir patogus rinkinys i\u0161 keturi\u0173 gumini\u0173 rat\u0173 su papildomu stiprinan\u010diu gaubtu bei stabd\u017eiais priekin\u0117ms ratoms, tod\u0117l j\u012f lengva naudoti ir tylu ve\u017eant.<\/p>\n\n<p>Funkcionalus ir patvarus 1100 l atliek\u0173 konteineris<\/p>\n\n<p>Komunalines atliekas \u012fmon\u0117je r\u016b\u0161iuoti reikia naudojant profesionalius konteinerius, kurie atlaikyt\u0173 kasdien\u012f naudojim\u0105 ir intensyv\u0173 eksploatavim\u0105, b\u016bt\u0173 pagaminti i\u0161 storos, deformacijai atsparios med\u017eiagos ir b\u016bt\u0173 lengvai i\u0161tu\u0161tinami bei transportuojami.<\/p>\n\n<p>Vokie\u010di\u0173 prek\u0117s \u017eenklo ESE miesto atliek\u0173 konteineris turi prana\u0161um\u0173, kurie j\u012f i\u0161skiria kokyb\u0117s ir ilgaam\u017ei\u0161kumo po\u017ei\u016briu, palyginti su kitais konteineriais.<\/p>\n\n<ul class=\"wp-block-list\">\n<li>ESE konteineris pagamintas i\u0161 auk\u0161to tankio polietileno, tod\u0117l konteinerio konstrukcija, sienel\u0117s, dugnas ir dangtis atspar\u016bs deformacijoms ir \u012flenkimams.<\/li>\n\n\n\n<li>\u0160is konteineris atsparus UV spinduliams ir pasi\u017eymi dideliu temperat\u016br\u0173 atsparumu. 1100 l komunalini\u0173 atliek\u0173 konteineris skirtas lauko atliek\u0173 r\u016b\u0161iavimui bet kokiomis oro s\u0105lygomis.<\/li>\n\n\n\n<li>Didelio tankio med\u017eiaga, naudojama 1100L ESE prek\u0117s \u017eenklo konteinerio gamyboje, u\u017etikrina geltonos spalvos intensyvumo i\u0161saugojim\u0105.<\/li>\n\n\n\n<li>1100 l ESE mark\u0117s konteineris taip pat i\u0161siskiria atsparumu chemin\u0117ms med\u017eiagoms. Juo galima atskirti gamybines atliekas, kuriose yra valikli\u0173 ar kit\u0173 med\u017eiag\u0173 liekan\u0173.<\/li>\n<\/ul>\n\n<p>MGB 1100 konteineris pritaikytas \u0161uk\u0173 i\u0161krovimui<\/p>\n\n<p>1100 l ESE prek\u0117s \u017eenklo atliek\u0173 konteineris pritaikytas \u0161ukinio i\u0161metimo mechanizmui bei DIN tipo i\u0161krovimui. ESE pramoninius atliek\u0173 konteinerius gali lengvai i\u0161tu\u0161tinti visos \u0161iuk\u0161liave\u017e\u0117s, renkan\u010dios atliekas Lenkijoje.<\/p>\n\n<p>ESE konteinerio, kurio talpa 1100 L, nominalus svoris yra 510 kg, ir tai yra did\u017eiausias galimas nominalus u\u017epildymo svoris 1100 L konteineriams tarp vis\u0173 i\u0161 HDPE plastiko pagamint\u0173 komunalini\u0173 atliek\u0173 konteineri\u0173. Bandykite dar kart\u0105<\/p>\n","protected":false},"excerpt":{"rendered":"<ul>\n<li class=\"whitespace-normal break-words\"><strong>Atspari PE-HD (didelio tankio polietileno) med\u017eiaga<\/strong> \u2013 atspari UV spinduliams ir pla\u010diam temperat\u016br\u0173 diapazonui, ideali lauko s\u0105lygoms<\/li>\n<li class=\"whitespace-normal break-words\"><strong>Nominalioji talpa iki 510 kg<\/strong> \u2013 did\u017eiausia tarp 1100 l konteineri\u0173 Europos rinkoje<\/li>\n<li class=\"whitespace-normal break-words\"><strong>Gumin\u0117 rat\u0173 sistema \u00d8 20 cm su stabd\u017eiais ir sutvirtintais gaubtais<\/strong> \u2013 tylus ir lengvas transportavimas<\/li>\n<li class=\"whitespace-normal break-words\"><strong>Sutvirtinta konstrukcija su metaliniais \u012fd\u0117klais \u0161oniniuose kai\u0161\u010diuose ir ergonomi\u0161komis rankenomis<\/strong><\/li>\n<li class=\"whitespace-normal break-words\"><strong>Suderinamumas su atliek\u0173 surinkimo sunkve\u017eimiais<\/strong> \u2013 pritaikyta \u0161ukos ir DIN tipo i\u0161krovimo sistemoms<\/li>\n<li class=\"whitespace-normal break-words\"><strong>Pilnas r\u016b\u0161iavimo spalv\u0173 asortimentas<\/strong> \u2013 juoda, m\u0117lyna, geltona, \u017ealia, ruda, raudona<\/li>\n<li class=\"whitespace-normal break-words\"><strong>Kokyb\u0117s sertifikatai<\/strong> \u2013 atitinka PN\u2011EN 840 standart\u0105 ir RAL\u2011GZ951\/1 \u017eenkl\u0105, sertifikuota CE<\/li>\n<\/ul>\n","protected":false},"featured_media":298,"comment_status":"open","ping_status":"closed","template":"","meta":[],"product_brand":[77],"product_cat":[139,138],"product_tag":[],"class_list":{"0":"post-395","1":"product","2":"type-product","3":"status-publish","4":"has-post-thumbnail","6":"product_brand-ese","7":"product_cat-4-ratuku-atlieku-konteineriai-1100l","8":"product_cat-atlieku-konteineriai","10":"first","11":"instock","12":"taxable","13":"shipping-taxable","14":"purchasable","15":"product-type-simple"},"_links":{"self":[{"href":"https:\/\/eco-market24.com\/lt\/wp-json\/wp\/v2\/product\/395","targetHints":{"allow":["GET"]}}],"collection":[{"href":"https:\/\/eco-market24.com\/lt\/wp-json\/wp\/v2\/product"}],"about":[{"href":"https:\/\/eco-market24.com\/lt\/wp-json\/wp\/v2\/types\/product"}],"replies":[{"embeddable":true,"href":"https:\/\/eco-market24.com\/lt\/wp-json\/wp\/v2\/comments?post=395"}],"wp:featuredmedia":[{"embeddable":true,"href":"https:\/\/eco-market24.com\/lt\/wp-json\/wp\/v2\/media\/298"}],"wp:attachment":[{"href":"https:\/\/eco-market24.com\/lt\/wp-json\/wp\/v2\/media?parent=395"}],"wp:term":[{"taxonomy":"product_brand","embeddable":true,"href":"https:\/\/eco-market24.com\/lt\/wp-json\/wp\/v2\/product_brand?post=395"},{"taxonomy":"product_cat","embeddable":true,"href":"https:\/\/eco-market24.com\/lt\/wp-json\/wp\/v2\/product_cat?post=395"},{"taxonomy":"product_tag","embeddable":true,"href":"https:\/\/eco-market24.com\/lt\/wp-json\/wp\/v2\/product_tag?post=395"}],"curies":[{"name":"wp","href":"https:\/\/api.w.org\/{rel}","templated":true}]}}