{"id":1135,"date":"2025-09-29T16:22:34","date_gmt":"2025-09-29T14:22:34","guid":{"rendered":"https:\/\/eco-market24.com\/product\/ohio-arizona-velosipedu-stativs-ar-atbalstiem-vienpusejs\/"},"modified":"2025-09-29T19:58:27","modified_gmt":"2025-09-29T17:58:27","slug":"ohio-arizona-velosipedu-stativs-ar-atbalstiem-vienpusejs","status":"publish","type":"product","link":"https:\/\/eco-market24.com\/lv\/products\/ohio-arizona-velosipedu-stativs-ar-atbalstiem-vienpusejs\/","title":{"rendered":"Ohio Arizona velosip\u0113du stat\u012bvs ar atbalstiem, vienpus\u0113js"},"content":{"rendered":"<p>Vienpus\u0113js velosip\u0113du stat\u012bvs ar atbalstiem \u2014 Ohio Arizona<\/p>\n<p>Tips: Vienpus\u0113js rindas stat\u012bvs ar atbalstiem<br \/>\nMateri\u0101ls: Karsti cinkots t\u0113rauds<br \/>\nPieejamie garumi: 70 cm, 140 cm, 210 cm<br \/>\nPlatums: 99 cm<br \/>\nAugstums: 80 cm<br \/>\nPieejam\u0101s vietas: 2, 4, 6<br \/>\nSvars: 15,2 kg (2 vietas), 30,4 kg (4 vietas), 44,2 kg (6 vietas)<\/p>\n<p>Apraksts<br \/>\nOhio Arizona vienpus\u0113jais velosip\u0113du stat\u012bvs ar atbalstiem ir iztur\u012bga, praktiska konstrukcija, kas paredz\u0113ta ilgm\u016b\u017e\u012bbai un \u0113rt\u012bbai publisk\u0101s viet\u0101s. Izgatavots no karsti cinkota t\u0113rauda, tas ir iztur\u012bgs pret laikapst\u0101k\u013ciem, ilgdz\u012bvotsp\u0113j\u012bgs un prasa minim\u0101lu apkopi.<\/p>\n<p>Komforts un stabilit\u0101te<br \/>\n&#8211; Stabils atbalsts: R\u0101mja atbalsti nov\u0113r\u0161 apg\u0101\u0161anos, nodro\u0161inot dro\u0161u novietojumu.<br \/>\n&#8211; Uzlabota aizsardz\u012bba pret z\u0101dz\u012bbu: Iesp\u0113ja aizsl\u0113gt gan r\u0101mi, gan riteni.<br \/>\n&#8211; Savietojam\u012bba: Piem\u0113rots liel\u0101kajai da\u013cai pils\u0113tas, t\u016brisma un kalnu velosip\u0113du.<\/p>\n<p>Uzst\u0101d\u012b\u0161ana un lieto\u0161ana<br \/>\n&#8211; Elast\u012bgi izm\u0113ri: Izv\u0113lieties 2, 4 vai 6 vietu variantu atbilsto\u0161i pieejamai plat\u012bbai.<br \/>\n&#8211; Piestiprin\u0101\u0161anas iesp\u0113jas: Var fiks\u0113t pie zemes vai izmantot k\u0101 br\u012bvi st\u0101vo\u0161u vien\u012bbu.<\/p>\n<p>Galven\u0101s priek\u0161roc\u012bbas<br \/>\n&#8211; Dro\u0161\u012bba: Atbalsti \u013cauj aizsl\u0113gt r\u0101mi un riteni.<br \/>\n&#8211; Stabilit\u0101te: Velosip\u0113di paliek vertik\u0101li pat piln\u012bb\u0101 aiz\u0146emta stat\u012bva gad\u012bjum\u0101.<br \/>\n&#8211; Iztur\u012bba: Cinkots t\u0113rauds pretoties r\u016bsai un boj\u0101jumiem.<br \/>\n&#8211; Daudzpus\u012bba: Vair\u0101ki izm\u0113ru un uzst\u0101d\u012b\u0161anas varianti.<br \/>\n&#8211; Vienk\u0101r\u0161a uzst\u0101d\u012b\u0161ana: Piem\u0113rots da\u017e\u0101d\u0101m publisk\u0101m viet\u0101m.<\/p>\n","protected":false},"excerpt":{"rendered":"<p>Vienpus\u0113js velosip\u0113du stat\u012bvs Ohio Arizona ar atbalstiem \u2014 pieejams 2, 4 vai 6 viet\u0101m; karsti cinkots t\u0113rauds; garumi 70, 140 vai 210 cm; platums 99 cm; augstums 80 cm; svars 15,2, 30,4 vai 44,2 kg.<\/p>\n","protected":false},"featured_media":2001,"comment_status":"open","ping_status":"closed","template":"","meta":[],"product_brand":[],"product_cat":[163],"product_tag":[],"class_list":{"0":"post-1135","1":"product","2":"type-product","3":"status-publish","4":"has-post-thumbnail","6":"product_cat-velosipedu-novietnes","8":"first","9":"instock","10":"taxable","11":"shipping-taxable","12":"purchasable","13":"product-type-simple"},"_links":{"self":[{"href":"https:\/\/eco-market24.com\/lv\/wp-json\/wp\/v2\/product\/1135","targetHints":{"allow":["GET"]}}],"collection":[{"href":"https:\/\/eco-market24.com\/lv\/wp-json\/wp\/v2\/product"}],"about":[{"href":"https:\/\/eco-market24.com\/lv\/wp-json\/wp\/v2\/types\/product"}],"replies":[{"embeddable":true,"href":"https:\/\/eco-market24.com\/lv\/wp-json\/wp\/v2\/comments?post=1135"}],"wp:featuredmedia":[{"embeddable":true,"href":"https:\/\/eco-market24.com\/lv\/wp-json\/wp\/v2\/media\/2001"}],"wp:attachment":[{"href":"https:\/\/eco-market24.com\/lv\/wp-json\/wp\/v2\/media?parent=1135"}],"wp:term":[{"taxonomy":"product_brand","embeddable":true,"href":"https:\/\/eco-market24.com\/lv\/wp-json\/wp\/v2\/product_brand?post=1135"},{"taxonomy":"product_cat","embeddable":true,"href":"https:\/\/eco-market24.com\/lv\/wp-json\/wp\/v2\/product_cat?post=1135"},{"taxonomy":"product_tag","embeddable":true,"href":"https:\/\/eco-market24.com\/lv\/wp-json\/wp\/v2\/product_tag?post=1135"}],"curies":[{"name":"wp","href":"https:\/\/api.w.org\/{rel}","templated":true}]}}