{"id":1141,"date":"2025-09-29T16:22:33","date_gmt":"2025-09-29T14:22:33","guid":{"rendered":"https:\/\/eco-market24.com\/product\/velosipedu-stends-ohio-top-ar-ramja-atbalstiem-vienpusejs\/"},"modified":"2025-09-29T19:58:28","modified_gmt":"2025-09-29T17:58:28","slug":"velosipedu-stends-ohio-top-ar-ramja-atbalstiem-vienpusejs","status":"publish","type":"product","link":"https:\/\/eco-market24.com\/lv\/products\/velosipedu-stends-ohio-top-ar-ramja-atbalstiem-vienpusejs\/","title":{"rendered":"Velosip\u0113du stends Ohio Top ar r\u0101mja atbalstiem, vienpus\u0113js"},"content":{"rendered":"<p>Bike Rack Ohio Top \u2014 vienpus\u0113js ar r\u0101mis atbalstiem<\/p>\n<p>Tips: vienpus\u0113js<br \/>\nMateri\u0101ls: cinkots t\u0113rauds<br \/>\nGarums: 70, 140, 210 cm<br \/>\nPlatums: 99 cm<br \/>\nKop\u0113jais augstums: 80 cm<br \/>\nVietu skaits: 2, 4 vai 6<br \/>\nSvars: 15,2; 30,4 vai 44,2 kg<br \/>\nApr\u012bkojums: r\u0101mis atbalsti velosip\u0113diem<\/p>\n<p>Apraksts<br \/>\nBike Rack Ohio Top ar r\u0101mis atbalstiem vienpus\u0113jais ir paredz\u0113ts \u0113rtai un dro\u0161ai velosip\u0113du novieto\u0161anai publisk\u0101s un priv\u0101t\u0101s viet\u0101s. \u012apa\u0161ie r\u0101mis atbalsti nodro\u0161ina papildu stabilit\u0101ti un samazina velosip\u0113da apg\u0101\u0161an\u0101s risku, kas ir \u012bpa\u0161i svar\u012bgi viegl\u0101kiem pils\u0113tas, trekinga un b\u0113rnu velosip\u0113diem. Modelis pieejams 2, 4 un 6 vietu variantos, lai piel\u0101gotos da\u017e\u0101d\u0101m vajadz\u012bb\u0101m un pieejamai vietai.<\/p>\n<p>Notur\u012bba un iztur\u012bba<br \/>\nKonstrukcija izgatavota no augstas kvalit\u0101tes cinkota t\u0113rauda, aizsarg\u0101ta pret mitrumu, UV starojumu un temperat\u016bras sv\u0101rst\u012bb\u0101m. Tas padara st\u0101vvietu piem\u0113rotu pils\u0113tas vid\u0113m, dz\u012bvojamo \u0113ku teritorij\u0101m un uz\u0146\u0113mumu teritorij\u0101m. Ciets p\u0101rkl\u0101jums nodro\u0161ina ilgtsp\u0113j\u012bgu lieto\u0161anu \u0101r\u0101.<\/p>\n<p>Ieteicam\u0101s vietas<br \/>\n&#8211; Skolas<br \/>\n&#8211; Biroju \u0113kas un darbavietas<br \/>\n&#8211; Sporta objekti<br \/>\n&#8211; P\u0101rvaldes iest\u0101des<br \/>\n&#8211; Tirdzniec\u012bbas centri<\/p>\n<p>Priek\u0161roc\u012bbas<br \/>\n&#8211; Stabils novietojums pateicoties r\u0101mis atbalstiem<br \/>\n&#8211; Iztur\u012bgs pret laikapst\u0101k\u013ciem un boj\u0101jumiem cinkots t\u0113rauds<br \/>\n&#8211; Vienpus\u0113js dizains \u013cauj mont\u0113t pie sien\u0101m vai \u017eogiem, taupot vietu<br \/>\n&#8211; Pieejams vair\u0101ku ietilp\u012bbu variantos elast\u012bgai uzst\u0101d\u012b\u0161anai<\/p>\n","protected":false},"excerpt":{"rendered":"<p>Ohio Top vienpus\u0113js velosip\u0113du stat\u012bvs ar r\u0101mja atbalstiem \u2014 tur 2, 4 vai 6 velosip\u0113dus. Cinkots t\u0113rauds; garumi 70, 140 vai 210 cm; platums 99 cm; kop\u0113jais augstums 80 cm. Svars: 15,2, 30,4 vai 44,2 kg.<\/p>\n","protected":false},"featured_media":1621,"comment_status":"open","ping_status":"closed","template":"","meta":[],"product_brand":[],"product_cat":[163],"product_tag":[],"class_list":{"0":"post-1141","1":"product","2":"type-product","3":"status-publish","4":"has-post-thumbnail","6":"product_cat-velosipedu-novietnes","8":"first","9":"instock","10":"taxable","11":"shipping-taxable","12":"purchasable","13":"product-type-simple"},"_links":{"self":[{"href":"https:\/\/eco-market24.com\/lv\/wp-json\/wp\/v2\/product\/1141","targetHints":{"allow":["GET"]}}],"collection":[{"href":"https:\/\/eco-market24.com\/lv\/wp-json\/wp\/v2\/product"}],"about":[{"href":"https:\/\/eco-market24.com\/lv\/wp-json\/wp\/v2\/types\/product"}],"replies":[{"embeddable":true,"href":"https:\/\/eco-market24.com\/lv\/wp-json\/wp\/v2\/comments?post=1141"}],"wp:featuredmedia":[{"embeddable":true,"href":"https:\/\/eco-market24.com\/lv\/wp-json\/wp\/v2\/media\/1621"}],"wp:attachment":[{"href":"https:\/\/eco-market24.com\/lv\/wp-json\/wp\/v2\/media?parent=1141"}],"wp:term":[{"taxonomy":"product_brand","embeddable":true,"href":"https:\/\/eco-market24.com\/lv\/wp-json\/wp\/v2\/product_brand?post=1141"},{"taxonomy":"product_cat","embeddable":true,"href":"https:\/\/eco-market24.com\/lv\/wp-json\/wp\/v2\/product_cat?post=1141"},{"taxonomy":"product_tag","embeddable":true,"href":"https:\/\/eco-market24.com\/lv\/wp-json\/wp\/v2\/product_tag?post=1141"}],"curies":[{"name":"wp","href":"https:\/\/api.w.org\/{rel}","templated":true}]}}