{"id":1171,"date":"2025-09-29T16:22:29","date_gmt":"2025-09-29T14:22:29","guid":{"rendered":"https:\/\/eco-market24.com\/product\/arizona-skruvejams-velosipedu-stativs-divpusejai-novietosanai\/"},"modified":"2025-09-29T19:58:36","modified_gmt":"2025-09-29T17:58:36","slug":"arizona-skruvejams-velosipedu-stativs-divpusejai-novietosanai","status":"publish","type":"product","link":"https:\/\/eco-market24.com\/lv\/products\/arizona-skruvejams-velosipedu-stativs-divpusejai-novietosanai\/","title":{"rendered":"Arizona skr\u016bv\u0113jams velosip\u0113du stat\u012bvs divpus\u0113jai novieto\u0161anai"},"content":{"rendered":"<p>Arizona skr\u016bv\u0113jams divpus\u0113js velo stends<\/p>\n<p>Tips: divpus\u0113js (rind\u0101)<br \/>\nVietu skaits: 4 vai 6<br \/>\nMateri\u0101ls: karsti cinkots t\u0113rauds<br \/>\nGarums: 70 vai 105 cm<br \/>\nPlatums: 39 cm<br \/>\nSvars: 13 vai 18 kg<\/p>\n<p>Funkcionalit\u0101te un lieto\u0161anas \u0113rtums<br \/>\nSkr\u016bv\u0113jamais Arizona divpus\u0113js velo stends ir paredz\u0113ts viet\u0101m, kur nepiecie\u0161ama efekt\u012bva un dro\u0161a vair\u0101k velosip\u0113du novieto\u0161ana. T\u0101 divpus\u0113jais dizains \u013cauj vienlaikus novietot velosip\u0113dus ab\u0101s pus\u0113s, maksim\u0101li izmantojot plat\u012bbu. Stipra konstrukcija nodro\u0161ina stabilu atbalstu pils\u0113tas, kalnu un t\u016brisma velosip\u0113diem. Velosip\u0113dus var piesl\u0113gt pie r\u0101mja vai rite\u0146a, lai palielin\u0101tu dro\u0161\u012bbu.<\/p>\n<p>Iztur\u012bba un iztur\u012bba pret laikapst\u0101k\u013ciem<br \/>\nIzgatavots no karsti cinkota t\u0113rauda, stat\u012bvs pied\u0101v\u0101 augstu iztur\u012bbu pret koroziju un meh\u0101niskiem boj\u0101jumiem. Arizona velo stends ir piem\u0113rots ilgtermi\u0146a lieto\u0161anai \u0101r\u0101 ar minim\u0101lu apkopi, padarot to ekonomisku ieguld\u012bjumu.<\/p>\n<p>Viegla uzst\u0101d\u012b\u0161ana un daudzpus\u012bga lieto\u0161ana<br \/>\nSkr\u016bv\u0113jam\u0101 konstrukcija \u013cauj \u0101tri salikt un viegli p\u0101rvietot. Stendu var izmantot br\u012bvi st\u0101vo\u0161u vai nostiprin\u0101t pie zemes, lai palielin\u0101tu stabilit\u0101ti. Tas ir ide\u0101li piem\u0113rots dz\u012bvojamajiem kvart\u0101liem, skol\u0101m un universit\u0101t\u0113m, atp\u016btas zon\u0101m, biroju \u0113k\u0101m, veikaliem un pakalpojumu telp\u0101m.<\/p>\n<p>Priek\u0161roc\u012bbas<br \/>\n&#8211; Telpu ekonomija: \u013cauj novietot velosip\u0113dus ab\u0101s pus\u0113s<br \/>\n&#8211; Dro\u0161\u012bba: stabils atbalsts un iesp\u0113ja piesl\u0113gt<br \/>\n&#8211; Iztur\u012bba: cinkots t\u0113rauds, iztur\u012bgs pret r\u016bsu un laikapst\u0101k\u013ciem<br \/>\n&#8211; Daudzveid\u012bba: piem\u0113rots da\u017e\u0101d\u0101m publiskaj\u0101m telp\u0101m<br \/>\n&#8211; Viegla uzst\u0101d\u012b\u0161ana: \u0101tra skr\u016bv\u0113\u0161ana un iesp\u0113ja nostiprin\u0101t pie zemes<\/p>\n","protected":false},"excerpt":{"rendered":"<p>St\u0101vvietu vietu skaits: 4 vai 6; divpus\u0113ja rind\u0101; karsti cinkots t\u0113rauds; garums 70 vai 105 cm; platums 39 cm; svars 13 vai 18 kg. Arizona skr\u016bv\u0113jams velosip\u0113du stat\u012bvs paredz\u0113ts divpus\u0113jai novieto\u0161anai viet\u0101s, kur priorit\u0101te ir iztur\u012bba, vietas efektivit\u0101te un lietot\u0101ju komforts.<\/p>\n","protected":false},"featured_media":2009,"comment_status":"open","ping_status":"closed","template":"","meta":[],"product_brand":[],"product_cat":[163],"product_tag":[],"class_list":{"0":"post-1171","1":"product","2":"type-product","3":"status-publish","4":"has-post-thumbnail","6":"product_cat-velosipedu-novietnes","8":"first","9":"instock","10":"taxable","11":"shipping-taxable","12":"purchasable","13":"product-type-simple"},"_links":{"self":[{"href":"https:\/\/eco-market24.com\/lv\/wp-json\/wp\/v2\/product\/1171","targetHints":{"allow":["GET"]}}],"collection":[{"href":"https:\/\/eco-market24.com\/lv\/wp-json\/wp\/v2\/product"}],"about":[{"href":"https:\/\/eco-market24.com\/lv\/wp-json\/wp\/v2\/types\/product"}],"replies":[{"embeddable":true,"href":"https:\/\/eco-market24.com\/lv\/wp-json\/wp\/v2\/comments?post=1171"}],"wp:featuredmedia":[{"embeddable":true,"href":"https:\/\/eco-market24.com\/lv\/wp-json\/wp\/v2\/media\/2009"}],"wp:attachment":[{"href":"https:\/\/eco-market24.com\/lv\/wp-json\/wp\/v2\/media?parent=1171"}],"wp:term":[{"taxonomy":"product_brand","embeddable":true,"href":"https:\/\/eco-market24.com\/lv\/wp-json\/wp\/v2\/product_brand?post=1171"},{"taxonomy":"product_cat","embeddable":true,"href":"https:\/\/eco-market24.com\/lv\/wp-json\/wp\/v2\/product_cat?post=1171"},{"taxonomy":"product_tag","embeddable":true,"href":"https:\/\/eco-market24.com\/lv\/wp-json\/wp\/v2\/product_tag?post=1171"}],"curies":[{"name":"wp","href":"https:\/\/api.w.org\/{rel}","templated":true}]}}