{"id":1201,"date":"2025-09-29T16:22:24","date_gmt":"2025-09-29T14:22:24","guid":{"rendered":"https:\/\/eco-market24.com\/product\/terauda-konteiners-kp7-ir-atverts\/"},"modified":"2025-09-29T19:58:44","modified_gmt":"2025-09-29T17:58:44","slug":"terauda-konteiners-kp7-ir-atverts","status":"publish","type":"product","link":"https:\/\/eco-market24.com\/lv\/products\/terauda-konteiners-kp7-ir-atverts\/","title":{"rendered":"T\u0113rauda konteiners KP7 ir atv\u0113rts"},"content":{"rendered":"<p>Iztur\u012bga KP 7 konteineru konstrukcija<br \/>\nKP 7 konteineri ra\u017eoti no augstas kvalit\u0101tes t\u0113rauda loksnes, nodro\u0161inot atbilst\u012bbu kvalit\u0101tes standartiem un efekt\u012bvu procesu apjom\u012bgu atkritumu apsaimnieko\u0161anai. Standarta versij\u0101 metin\u0101t\u0101 t\u0113rauda konstrukcija tiek nostiprin\u0101ta ar sl\u0113gtajiem profiliem un auksti velm\u0113t\u0101m kan\u0101lu sijas. Univers\u0101lie KP7 konteineri papildus aizsarg\u0101ti pret laikapst\u0101k\u013ciem ar antikorozijas pamatkr\u0101s\u0101m, kas nov\u0113r\u0161 mitruma iek\u013c\u016b\u0161anu.<\/p>\n<p>KP7 konteineri, piel\u0101goti \u0101\u0137a-pac\u0113l\u0101jiem un v\u0101rtu-pac\u0113l\u0101jiem kravas automobi\u013ciem<br \/>\nKonteineri piel\u0101goti trim sist\u0113m\u0101m. Var izv\u0113l\u0113ties:<br \/>\n  KP 7 konteineru tikai \u0101\u0137a-pac\u0113l\u0101jiem kravas automobi\u013ciem (\u0101\u0137a augstums 1,2 m)<br \/>\n  Konteineru tikai v\u0101rtu-pac\u0113l\u0101jiem kravas automobi\u013ciem<br \/>\n  Univers\u0101lo KP 7, sader\u012bgu ar v\u0101rtu ier\u012bc\u0113m (atbilst DIN 30720) un \u0101\u0137a ier\u012bc\u0113m (\u0101\u0137a augstums 1,2 m)<\/p>\n<p>KP 7 konteiners \u2013 pielietojums<br \/>\nKP7 konteineri piem\u0113roti apjom\u012bgu, smagu pa\u0161vald\u012bbu, b\u016bvniec\u012bbas un r\u016bpniec\u012bbas atkritumu sav\u0101k\u0161anai un transport\u0113\u0161anai. Tie ir univers\u0101ls risin\u0101jums daudziem objektiem, uz\u0146\u0113mumiem un iest\u0101d\u0113m, piem\u0113ram:<br \/>\n  PSZOKi (selekt\u012bv\u0101s pa\u0161vald\u012bbu atkritumu sav\u0101k\u0161anas punkti)<br \/>\n  Notek\u016bde\u0146u att\u012br\u012b\u0161anas iek\u0101rtas<br \/>\n  Ra\u017eo\u0161anas un b\u016bvniec\u012bbas uz\u0146\u0113mumi<br \/>\n  Pa\u0161vald\u012bbu iest\u0101des<br \/>\n  Kapli\u010das un kaps\u0113tas<\/p>\n<p>B\u016bvobjektu atkritumu konteineri var b\u016bt atv\u0113rti vai sl\u0113gti ar vair\u0101k\u0101m l\u016bk\u0101m.<\/p>\n<p>KP 7 konteiners \u2013 izm\u0113ri un materi\u0101lu biezums<br \/>\nStandarta KP7 versijas parasti tiek pied\u0101v\u0101tas divos izm\u0113ros:<br \/>\n  3400 \u00d7 1650 \u00d7 1010 mm \u2014 tilpums 6,5 m\u00b3<br \/>\n  3500 \u00d7 1700 \u00d7 1150 mm \u2014 tilpums 7 m\u00b3<\/p>\n<p>Izm\u0113rus var piel\u0101got atbilsto\u0161i individu\u0101l\u0101m pras\u012bb\u0101m. Standarta loksnes biezuma varianti:<br \/>\n  S\u0101ni un dibens 3 mm biezs<br \/>\n  S\u0101ni 2 mm biezs, dibens 3 mm biezs<\/p>\n<p>B\u016bvgru\u017eu konteiners \u2013 piel\u0101gots j\u016bsu vajadz\u012bb\u0101m<br \/>\nPieejam\u0101s piel\u0101go\u0161anas iesp\u0113jas:<br \/>\n  Pas\u016bt\u012bt\u0101ja izv\u0113l\u0113ta kr\u0101su to\u0146a kr\u0101sojums<br \/>\n  Herm\u0113tiska konstrukcija ar nep\u0101rtrauktu \u0161uvi<br \/>\n  Aug\u0161\u0113jais e\u0146\u0123u atv\u0113rums (standarta konteineriem durvis atveras uz leju vai uz s\u0101niem)<br \/>\n  Papildu brezentu \u0101\u0137i<br \/>\n  Ra\u017eo\u0161ana no S500\u2013700 t\u0113raudiem (plasti\u012bbas robe\u017ea Re = 500\u2013700 MPa)<br \/>\n  Premium versijas no augstas kvalit\u0101tes ner\u016bs\u0113jo\u0161iem un nodilumiztur\u012bgiem t\u0113raudiem (Raex, Hardox, Domex) \u2014 viegl\u0101ka konstrukcija bez iztur\u012bbas zaud\u0113juma<\/p>\n","protected":false},"excerpt":{"rendered":"<p>Iztur\u012bga KP 7 konteineru konstrukcija. Izgatavoti no augstas kvalit\u0101tes t\u0113rauda, KP 7 konteineri atbilst stingriem kvalit\u0101tes standartiem un nodro\u0161ina efekt\u012bvu apjom\u012bgu atkritumu apsaimnieko\u0161anu; standarta metin\u0101t\u0101 t\u0113rauda konstrukcija ir pastiprin\u0101ta ar profiliem.<\/p>\n","protected":false},"featured_media":2024,"comment_status":"open","ping_status":"closed","template":"","meta":[],"product_brand":[],"product_cat":[212],"product_tag":[],"class_list":{"0":"post-1201","1":"product","2":"type-product","3":"status-publish","4":"has-post-thumbnail","6":"product_cat-terauda-konteineri","8":"first","9":"instock","10":"taxable","11":"shipping-taxable","12":"purchasable","13":"product-type-simple"},"_links":{"self":[{"href":"https:\/\/eco-market24.com\/lv\/wp-json\/wp\/v2\/product\/1201","targetHints":{"allow":["GET"]}}],"collection":[{"href":"https:\/\/eco-market24.com\/lv\/wp-json\/wp\/v2\/product"}],"about":[{"href":"https:\/\/eco-market24.com\/lv\/wp-json\/wp\/v2\/types\/product"}],"replies":[{"embeddable":true,"href":"https:\/\/eco-market24.com\/lv\/wp-json\/wp\/v2\/comments?post=1201"}],"wp:featuredmedia":[{"embeddable":true,"href":"https:\/\/eco-market24.com\/lv\/wp-json\/wp\/v2\/media\/2024"}],"wp:attachment":[{"href":"https:\/\/eco-market24.com\/lv\/wp-json\/wp\/v2\/media?parent=1201"}],"wp:term":[{"taxonomy":"product_brand","embeddable":true,"href":"https:\/\/eco-market24.com\/lv\/wp-json\/wp\/v2\/product_brand?post=1201"},{"taxonomy":"product_cat","embeddable":true,"href":"https:\/\/eco-market24.com\/lv\/wp-json\/wp\/v2\/product_cat?post=1201"},{"taxonomy":"product_tag","embeddable":true,"href":"https:\/\/eco-market24.com\/lv\/wp-json\/wp\/v2\/product_tag?post=1201"}],"curies":[{"name":"wp","href":"https:\/\/api.w.org\/{rel}","templated":true}]}}