{"id":1207,"date":"2025-09-29T16:22:23","date_gmt":"2025-09-29T14:22:23","guid":{"rendered":"https:\/\/eco-market24.com\/product\/terauda-konteiners-buvgruzi-kp5\/"},"modified":"2025-09-29T19:58:46","modified_gmt":"2025-09-29T17:58:46","slug":"terauda-konteiners-buvgruzi-kp5","status":"publish","type":"product","link":"https:\/\/eco-market24.com\/lv\/products\/terauda-konteiners-buvgruzi-kp5\/","title":{"rendered":"T\u0113rauda konteiners b\u016bvgru\u017ei KP5"},"content":{"rendered":"<p>Containeris KP 5 gru\u017eu, met\u0101ll\u016b\u017e\u0146u un sadz\u012bves atkritumu sav\u0101k\u0161anai<\/p>\n<p>Containeris KP 5 ir p\u0101rbaud\u012bts risin\u0101jums smagu b\u016bvgru\u017eu sav\u0101k\u0161anai un transport\u0113\u0161anai. Izgatavots no augstas kvalit\u0101tes materi\u0101liem, tas ir piem\u0113rots gru\u017eu un met\u0101ll\u016b\u017e\u0146u sav\u0101k\u0161anai un tiek izmantots sadz\u012bves atkritumu sav\u0101k\u0161anas punktos, ra\u017eo\u0161anas uz\u0146\u0113mumos, notek\u016bde\u0146u att\u012br\u012b\u0161anas iek\u0101rt\u0101s, b\u016bvkomp\u0101nij\u0101s un pa\u0161vald\u012bbu kaps\u0113t\u0101s. Standarta modelis ir atkl\u0101ts; pieejama ar\u012b sl\u0113gta versija. Produkts ir kr\u0101sots ar pretkorozijas kr\u0101s\u0101m un var tikt apdares kr\u0101sots jebkur\u0101 RAL kr\u0101s\u0101. Piel\u0101gots trim sist\u0113m\u0101m un atbilst DIN 30720.<\/p>\n<p>Materi\u0101li un konstrukcija<\/p>\n<p>&#8211; Standarta t\u0113rauda versija: s\u0101ni 2,5 mm un gr\u012bda 3 mm, vai s\u0101ni 2 mm un gr\u012bda 3 mm.<br \/>\n&#8211; Ner\u016bs\u0113jo\u0161\u0101 t\u0113rauda opcija: \u013coti iztur\u012bgs pret UV, lietu, sniegu un ekstr\u0113m\u0101m temperat\u016br\u0101m.<br \/>\n&#8211; Apdare: pretkorozijas pamatkr\u0101sa; pieejams jebkur\u0101 RAL kr\u0101s\u0101.<\/p>\n<p>Sist\u0113mu sader\u012bba<\/p>\n<p>&#8211; \u0100\u0137a pac\u0113l\u0101ju kravas automa\u0161\u012bnas (\u0101\u0137a augstums 1,2 m)<br \/>\n&#8211; V\u0101rtu pac\u0113l\u0101ju kravas automa\u0161\u012bnas<br \/>\n&#8211; Kombin\u0113t\u0101s \u0101\u0137a un v\u0101rtu sist\u0113mas<\/p>\n<p>Izm\u0113ri<\/p>\n<p>&#8211; Garums 3400 mm \u00d7 Platums 1700 mm \u00d7 Augstums 1000 mm<br \/>\n&#8211; Garums 3500 mm \u00d7 Platums 1700 mm \u00d7 Augstums 850 mm<br \/>\n&#8211; Piel\u0101goti izm\u0113ri pieejami p\u0113c piepras\u012bjuma<\/p>\n<p>Jumts, hermetiz\u0101cija un papildu opcijas<\/p>\n<p>&#8211; Standarts: atkl\u0101ts modelis; p\u0113c izv\u0113les tarp\u0113na p\u0101rsegs un speci\u0101li \u0101\u0137i<br \/>\n&#8211; Pieejamas sl\u0113gtas versijas: herm\u0113tisks fiks\u0113ts jumts, uz aug\u0161u atverams jumts, sl\u012bdo\u0161s jumts vai s\u0101nos pacie\u0161ams jumts<br \/>\n&#8211; P\u0113c izv\u0113les jumts ar sviras atbalstu<br \/>\n&#8211; P\u0113c izv\u0113les s\u0101nu atveres (piem., \u0161\u0137idrumu notec\u0113\u0161anai)<br \/>\n&#8211; 100% hermetiz\u0101cija ar nep\u0101rtrauktu metin\u0101jumu<\/p>\n<p>Galven\u0101 inform\u0101cija<\/p>\n<p>&#8211; Konstrukcija: loksne (standarts) vai ner\u016bs\u0113jo\u0161ais t\u0113rauds<br \/>\n&#8211; Kr\u0101sots ar pretkorozijas pamatkr\u0101su<br \/>\n&#8211; Pieejams piln\u0101 RAL palet\u0113<br \/>\n&#8211; Atbilst DIN 30720<br \/>\n&#8211; Piel\u0101gots \u0101\u0137a, v\u0101rtu un kombin\u0113t\u0101m \u0101\u0137a-v\u0101rtu sist\u0113m\u0101m<br \/>\n&#8211; Standart\u0101 atkl\u0101ts jumts; pieejamas vair\u0101kas sl\u0113gta jumta opcijas<br \/>\n&#8211; P\u0113c izv\u0113les tarp\u0113ns, jumts ar sviras atbalstu, s\u0101nu atveres un nep\u0101rtraukta metin\u0101juma hermetiz\u0101cija<\/p>\n<p>Cena atkar\u012bga no izv\u0113l\u0113taj\u0101m opcij\u0101m. Sazinieties ar mums individu\u0101lam pied\u0101v\u0101jumam.<\/p>\n","protected":false},"excerpt":{"rendered":"<p>Konteiners KP 5 gru\u017eu, met\u0101ll\u016b\u017e\u0146u un sadz\u012bves atkritumu sav\u0101k\u0161anai \u2014 p\u0101rbaud\u012bts risin\u0101jums smagu b\u016bvgru\u017eu sav\u0101k\u0161anai un p\u0101rvad\u0101\u0161anai. Izgatavots no kvalitat\u012bviem materi\u0101liem, tas uzticami apstr\u0101d\u0101 gru\u017eus un met\u0101ll\u016b\u017e\u0146us un ir ide\u0101li piem\u0113rots PSZOKiem (pa\u0161vald\u012bbu selekt\u012bv\u0101s atkritumu sav\u0101k\u0161anas punktiem) un ra\u017eo\u0161anas uz\u0146\u0113mumiem.<\/p>\n","protected":false},"featured_media":1718,"comment_status":"open","ping_status":"closed","template":"","meta":[],"product_brand":[],"product_cat":[212],"product_tag":[],"class_list":{"0":"post-1207","1":"product","2":"type-product","3":"status-publish","4":"has-post-thumbnail","6":"product_cat-terauda-konteineri","8":"first","9":"instock","10":"taxable","11":"shipping-taxable","12":"purchasable","13":"product-type-simple"},"_links":{"self":[{"href":"https:\/\/eco-market24.com\/lv\/wp-json\/wp\/v2\/product\/1207","targetHints":{"allow":["GET"]}}],"collection":[{"href":"https:\/\/eco-market24.com\/lv\/wp-json\/wp\/v2\/product"}],"about":[{"href":"https:\/\/eco-market24.com\/lv\/wp-json\/wp\/v2\/types\/product"}],"replies":[{"embeddable":true,"href":"https:\/\/eco-market24.com\/lv\/wp-json\/wp\/v2\/comments?post=1207"}],"wp:featuredmedia":[{"embeddable":true,"href":"https:\/\/eco-market24.com\/lv\/wp-json\/wp\/v2\/media\/1718"}],"wp:attachment":[{"href":"https:\/\/eco-market24.com\/lv\/wp-json\/wp\/v2\/media?parent=1207"}],"wp:term":[{"taxonomy":"product_brand","embeddable":true,"href":"https:\/\/eco-market24.com\/lv\/wp-json\/wp\/v2\/product_brand?post=1207"},{"taxonomy":"product_cat","embeddable":true,"href":"https:\/\/eco-market24.com\/lv\/wp-json\/wp\/v2\/product_cat?post=1207"},{"taxonomy":"product_tag","embeddable":true,"href":"https:\/\/eco-market24.com\/lv\/wp-json\/wp\/v2\/product_tag?post=1207"}],"curies":[{"name":"wp","href":"https:\/\/api.w.org\/{rel}","templated":true}]}}