{"id":1249,"date":"2025-09-29T16:22:17","date_gmt":"2025-09-29T14:22:17","guid":{"rendered":"https:\/\/eco-market24.com\/product\/770-l-atkritumu-konteiners-melns\/"},"modified":"2025-09-29T19:58:58","modified_gmt":"2025-09-29T17:58:58","slug":"770-l-atkritumu-konteiners-melns","status":"publish","type":"product","link":"https:\/\/eco-market24.com\/lv\/products\/770-l-atkritumu-konteiners-melns\/","title":{"rendered":"770 l atkritumu konteiners, melns"},"content":{"rendered":"<p>Containeris 770 l selekt\u012bvai atkritumu sav\u0101k\u0161anai<br \/>\nContaineris 770 l Ese ir izstr\u0101d\u0101ts selekt\u012bvai atkritumu sav\u0101k\u0161anai. Pieejams 6 RAL kr\u0101su palet\u0113, tas \u013cauj \u0161\u0137irot atkritumus saska\u0146\u0101 ar sp\u0113k\u0101 eso\u0161aj\u0101m ES vadl\u012bnij\u0101m. Konteiners ir lielisks risin\u0101jums dz\u012bvojam\u0101m apkaim\u0113m un uz\u0146\u0113mumiem, kuri akt\u012bvi \u012bsteno proekolo\u0123iskas politikas, un pal\u012bdz uztur\u0113t pa\u0161vald\u012bbu un pils\u0113tu koplieto\u0161anas telpu est\u0113tiku. V\u0101cijas z\u012bmols Ese jau 80 gadus pieg\u0101d\u0101 augstas kvalit\u0101tes konteinerus \u2014 m\u016bsdien\u0101s tos izmanto uz\u0146\u0113m\u0113ji vis\u0101 Eirop\u0101.<\/p>\n<p>Sertifik\u0101ti un standarti<br \/>\nAtkritumu konteiners 770 l ir ar izcilas kvalit\u0101tes sertifik\u0101tu un atbilst glob\u0101lajam RAL-GZ 951\/1 standartam. Tas ar\u012b atbilst svar\u012bgiem Eiropas standartiem: EN 840 un EN 840-5\/6C, nodro\u0161inot dro\u0161u lieto\u0161anu un piln\u012bgu sader\u012bbu ar atkritumu sav\u0101c\u0113jma\u0161\u012bn\u0101m. Konteiners var tikt iztuk\u0161ots ar ma\u0161\u012bn\u0101m ar priek\u0161\u0113jo, s\u0101nu un aizmugur\u0113jo pacel\u0161anu, izmantojot s\u0101nu tapu vai priek\u0161\u0113jo \u0137emmes stieni.<\/p>\n<p>Iztur\u012bba un konstrukcija<br \/>\nNeskatoties uz praktisko ietilp\u012bbu, 770 l konteiners ir kompaktos izm\u0113ros un \u0113rt\u0101 dizain\u0101. Izgatavots no PE-HD materi\u0101la, tas ir \u013coti iztur\u012bgs pret UV starojumu, sk\u0101b\u0113m un nelabv\u0113l\u012bgiem laika apst\u0101k\u013ciem. Piem\u0113rots sl\u0113gt\u0101m atkritumu telp\u0101m un pusatkl\u0101tiem nojumiem, tas ir apr\u012bkots ar:<\/p>\n<p>  Pastiprin\u0101tu korpusa konstrukciju ar nostiprin\u0101t\u0101m priek\u0161\u0113j\u0101m un aizmugur\u0113j\u0101m mal\u0101m lielai pretest\u012bbai pret meh\u0101niskiem boj\u0101jumiem<br \/>\n  DIN standarta \u0137emmes stieni un datoriz\u0113ti izstr\u0101d\u0101tu pamatni un nestsp\u0113jas elementus<br \/>\n  S\u0101nu pastiprin\u0101jumu fiks\u0113\u0161anai un izl\u012bdzin\u0101\u0161anai, nodro\u0161inot stabilit\u0101ti uz da\u017e\u0101da seguma<\/p>\n<p>Funkcionalit\u0101te un \u0113rt\u012bbas<br \/>\n770 l konteiners nodro\u0161ina lietot\u0101ja \u0113rt\u012bbas ar:<\/p>\n<p>  4 ergonomisk\u0101m rokturu vien\u012bb\u0101m<br \/>\n  4 iztur\u012bgiem 200 mm diametra rite\u0146iem ar bremz\u0113m uz 2 priek\u0161\u0113jiem rite\u0146iem dro\u0161ai notur\u0113\u0161anai<br \/>\n  Papildu galvaniz\u0101ciju ilgam \u0161arn\u012bru darb\u012bbas laikam<br \/>\n  Plakanu v\u0101ku ar pastiprin\u0101tiem \u0161arn\u012bru rite\u0146iem, kas cie\u0161i nosl\u0113dz un aiztur smakas<br \/>\n  Gludu \u0101r\u0113jo virsmu un centr\u0101lu dren\u0101\u017eas aizb\u0101zni vieglai t\u012br\u012b\u0161anai un uztur\u0113\u0161anai<\/p>\n<p>\u0160\u0137iro\u0161anas kr\u0101sas<br \/>\nKonteiners pieejams 6 RAL kr\u0101s\u0101s oblig\u0101tai \u0161\u0137iro\u0161anai:<\/p>\n<p>  Melns \u2014 sadz\u012bves atkritumi<br \/>\n  Zils \u2014 pap\u012brs<br \/>\n  Dzeltens \u2014 met\u0101ls un plastmasa<br \/>\n  Za\u013c\u0161 \u2014 stikls<br \/>\n  Br\u016bns \u2014 bioatkritumi<br \/>\n  Sarkans \u2014 b\u012bstamie atkritumi<\/p>\n<p>Galven\u0101 inform\u0101cija<\/p>\n<p>  \u010cetrrite\u0146u 770 l Ese konteiners<br \/>\n  Augstas iztur\u012bbas datoriz\u0113ti izstr\u0101d\u0101ta konstrukcija<br \/>\n  Laika apst\u0101k\u013ciem notur\u012bgs PE-HD materi\u0101ls<br \/>\n  Sertifik\u0101ts atbilsto\u0161i RAL-GZ 951\/1<br \/>\n  Nacion\u0101l\u0101 publisk\u0101s vesel\u012bbas instit\u016bta apstiprin\u0101jums<br \/>\n  Atbilst\u012bba Eiropas standartam PN EN 840<br \/>\n  V\u0101ka saspiedes meh\u0101nisms<br \/>\n  Bremzes priek\u0161\u0113jos rite\u0146os, nodro\u0161inot stabilit\u0101ti<br \/>\n  Viegla apkope un piem\u0113rot\u012bba selekt\u012bvai atkritumu sav\u0101k\u0161anai<\/p>\n","protected":false},"excerpt":{"rendered":"<p>770 l konteiners selekt\u012bvai atkritumu sav\u0101k\u0161anai \u2014 paredz\u0113ts vieglai \u0161\u0137iro\u0161anai saska\u0146\u0101 ar ES vadl\u012bnij\u0101m. Pieejams se\u0161\u0101s RAL kr\u0101s\u0101s, tas ir ide\u0101ls risin\u0101jums daudzdz\u012bvok\u013cu dz\u012bvojamiem rajoniem.<\/p>\n","protected":false},"featured_media":1587,"comment_status":"open","ping_status":"closed","template":"","meta":[],"product_brand":[],"product_cat":[130],"product_tag":[],"class_list":{"0":"post-1249","1":"product","2":"type-product","3":"status-publish","4":"has-post-thumbnail","6":"product_cat-atkritumu-konteineri","8":"first","9":"instock","10":"taxable","11":"shipping-taxable","12":"purchasable","13":"product-type-simple"},"_links":{"self":[{"href":"https:\/\/eco-market24.com\/lv\/wp-json\/wp\/v2\/product\/1249","targetHints":{"allow":["GET"]}}],"collection":[{"href":"https:\/\/eco-market24.com\/lv\/wp-json\/wp\/v2\/product"}],"about":[{"href":"https:\/\/eco-market24.com\/lv\/wp-json\/wp\/v2\/types\/product"}],"replies":[{"embeddable":true,"href":"https:\/\/eco-market24.com\/lv\/wp-json\/wp\/v2\/comments?post=1249"}],"wp:featuredmedia":[{"embeddable":true,"href":"https:\/\/eco-market24.com\/lv\/wp-json\/wp\/v2\/media\/1587"}],"wp:attachment":[{"href":"https:\/\/eco-market24.com\/lv\/wp-json\/wp\/v2\/media?parent=1249"}],"wp:term":[{"taxonomy":"product_brand","embeddable":true,"href":"https:\/\/eco-market24.com\/lv\/wp-json\/wp\/v2\/product_brand?post=1249"},{"taxonomy":"product_cat","embeddable":true,"href":"https:\/\/eco-market24.com\/lv\/wp-json\/wp\/v2\/product_cat?post=1249"},{"taxonomy":"product_tag","embeddable":true,"href":"https:\/\/eco-market24.com\/lv\/wp-json\/wp\/v2\/product_tag?post=1249"}],"curies":[{"name":"wp","href":"https:\/\/api.w.org\/{rel}","templated":true}]}}