{"id":1255,"date":"2025-09-29T16:22:17","date_gmt":"2025-09-29T14:22:17","guid":{"rendered":"https:\/\/eco-market24.com\/product\/770-l-bruns-atkritumu-konteiners\/"},"modified":"2025-09-29T19:59:13","modified_gmt":"2025-09-29T17:59:13","slug":"770-l-bruns-atkritumu-konteiners","status":"publish","type":"product","link":"https:\/\/eco-market24.com\/lv\/products\/770-l-bruns-atkritumu-konteiners\/","title":{"rendered":"770 l br\u016bns atkritumu konteiners"},"content":{"rendered":"<p>Atkritumu konteineris 770 L \u2014 Biolo\u0123iski no\u0101rd\u0101mo atkritumu v\u0101k\u0161ana<br \/>\n770 L ESE br\u016bnais organisko atkritumu konteineris ir funkcion\u0101ls risin\u0101jums, paredz\u0113ts bioatkritumu \u0161\u0137iro\u0161anai uz\u0146\u0113mumiem, iest\u0101d\u0113m un dz\u012bvojam\u0101m teritorij\u0101m. T\u0101 standarta RAL kr\u0101sa \u013cauj viegli ieviest selekt\u012bv\u0101s atkritumu sav\u0101k\u0161anas sist\u0113mu atbilsto\u0161i Eiropas standartiem. Konteiners apvieno m\u016bsdien\u012bgu dizainu un iztur\u012bgu konstrukciju, piem\u0113rots dz\u012bvojamo, komerci\u0101lo un publisko telpu vajadz\u012bb\u0101m, atbalstot videi draudz\u012bgu atkritumu apsaimnieko\u0161anu.<\/p>\n<p>Sertifik\u0101ti un sader\u012bba<br \/>\nSertifik\u0101ti un standarti: RAL\u2011GZ 951\/1; atbilst EN 840 un EN 840\u20115\/6C, nodro\u0161inot kvalit\u0101ti, iztur\u012bbu un lietot\u0101ja dro\u0161\u012bbu.<br \/>\nSader\u012bba: Str\u0101d\u0101 ar da\u017e\u0101diem atkritumu sav\u0101c\u0113ju tipiem; apr\u012bkots ar s\u0101nu tapas un \u0137emmes sloksni \u0113rtai transport\u0113\u0161anai un izkrau\u0161anai.<\/p>\n<p>Iztur\u012bba un konstrukcija<br \/>\n770 L br\u016bnais biolo\u0123iski no\u0101rd\u0101mo atkritumu konteineris izgatavots no augstas kvalit\u0101tes PE\u2011HD, iztur\u012bgs pret UV starojumu, sk\u0101b\u0113m un citiem \u0101r\u0113jiem faktoriem. Piem\u0113rots gan iek\u0161telp\u0101m, gan \u0101rtelp\u0101m (piem., nojumes, koplieto\u0161anas novietnes). Konstrukcija pastiprin\u0101ta pie mal\u0101m un augstas slodzes zon\u0101s, lai nov\u0113rstu meh\u0101niskus boj\u0101jumus. S\u0101nreijas un DIN atbilsto\u0161a \u0137emmes sloksne palielina stabilit\u0101ti un funkcionalit\u0101ti uz jebkura seguma.<\/p>\n<p>Ergonomisks dizains<br \/>\nRokturi: \u010cetri ergonomiski rokturi \u0113rtai apstr\u0101dei.<br \/>\nRite\u0146i: Iztur\u012bgi 200 mm rite\u0146i; diviem priek\u0161\u0113jiem rite\u0146iem bremzes dro\u0161ai nost\u0101din\u0101\u0161anai. Riepu suspensija papildus cinkota ilg\u0101kai iztur\u012bbai.<br \/>\nV\u0101ks: Plakans v\u0101ks ar pastiprin\u0101t\u0101m e\u0146\u0123\u0113m, lai nov\u0113rstu smar\u017eu nopl\u016bdi.<br \/>\nApkope: Gludas iek\u0161\u0113j\u0101s virsmas un centr\u0101l\u0101s iztuk\u0161o\u0161anas fromi\u0146a\/v\u0101rsts \u0113rtai t\u012br\u012b\u0161anai un notur\u012bgai izskatam.<\/p>\n<p>Pieejam\u0101s kr\u0101sas<br \/>\nAtt\u0113lotais 770 L konteiners ir br\u016bns biolo\u0123iskajiem atkritumiem. Citi pieejamie \u0161\u0137iro\u0161anas kr\u0101su varianti: graf\u012bts (sajauktie atkritumi), zils (pap\u012brs), dzeltens (met\u0101li un plastmasa), za\u013c\u0161 (stikls).<\/p>\n<p>Galven\u0101 inform\u0101cija<br \/>\n&#8211; Robusta konstrukcija no laikapst\u0101k\u013ciem iztur\u012bga PE\u2011HD materi\u0101la<br \/>\n&#8211; Starptautisks kvalit\u0101tes sertifik\u0101ts: RAL\u2011GZ 951\/1<br \/>\n&#8211; Atbilst\u012bba Eiropas standartiem (EN 840)<br \/>\n&#8211; Ergonomiski rokturi un mobilit\u0101te pateicoties iztur\u012bgiem rite\u0146iem<br \/>\n&#8211; Bremzes priek\u0161\u0113jos rite\u0146os liel\u0101kai stabilit\u0101tei<br \/>\n&#8211; Vieglai t\u012br\u012b\u0161anai gludas virsmas un iztuk\u0161o\u0161anas v\u0101rsts<br \/>\n&#8211; Univers\u0101la sader\u012bba ar da\u017e\u0101diem atkritumu sav\u0101c\u0113ju tipiem<\/p>\n","protected":false},"excerpt":{"rendered":"<p>770 l br\u016bns atkritumu konteiners \u2014 ide\u0101ls bioatkritumu v\u0101k\u0161anai uz\u0146\u0113mumos, iest\u0101d\u0113s un dz\u012bvojam\u0101s teritorij\u0101s. Funkcion\u0101ls, iztur\u012bgs risin\u0101jums efekt\u012bvai bioatkritumu \u0161\u0137iro\u0161anai.<\/p>\n","protected":false},"featured_media":2047,"comment_status":"open","ping_status":"closed","template":"","meta":[],"product_brand":[],"product_cat":[130],"product_tag":[],"class_list":{"0":"post-1255","1":"product","2":"type-product","3":"status-publish","4":"has-post-thumbnail","6":"product_cat-atkritumu-konteineri","8":"first","9":"instock","10":"taxable","11":"shipping-taxable","12":"purchasable","13":"product-type-simple"},"_links":{"self":[{"href":"https:\/\/eco-market24.com\/lv\/wp-json\/wp\/v2\/product\/1255","targetHints":{"allow":["GET"]}}],"collection":[{"href":"https:\/\/eco-market24.com\/lv\/wp-json\/wp\/v2\/product"}],"about":[{"href":"https:\/\/eco-market24.com\/lv\/wp-json\/wp\/v2\/types\/product"}],"replies":[{"embeddable":true,"href":"https:\/\/eco-market24.com\/lv\/wp-json\/wp\/v2\/comments?post=1255"}],"wp:featuredmedia":[{"embeddable":true,"href":"https:\/\/eco-market24.com\/lv\/wp-json\/wp\/v2\/media\/2047"}],"wp:attachment":[{"href":"https:\/\/eco-market24.com\/lv\/wp-json\/wp\/v2\/media?parent=1255"}],"wp:term":[{"taxonomy":"product_brand","embeddable":true,"href":"https:\/\/eco-market24.com\/lv\/wp-json\/wp\/v2\/product_brand?post=1255"},{"taxonomy":"product_cat","embeddable":true,"href":"https:\/\/eco-market24.com\/lv\/wp-json\/wp\/v2\/product_cat?post=1255"},{"taxonomy":"product_tag","embeddable":true,"href":"https:\/\/eco-market24.com\/lv\/wp-json\/wp\/v2\/product_tag?post=1255"}],"curies":[{"name":"wp","href":"https:\/\/api.w.org\/{rel}","templated":true}]}}