{"id":1285,"date":"2025-09-29T16:22:13","date_gmt":"2025-09-29T14:22:13","guid":{"rendered":"https:\/\/eco-market24.com\/product\/atkritumu-konteineris-660-l-ir-melns\/"},"modified":"2025-09-29T19:59:21","modified_gmt":"2025-09-29T17:59:21","slug":"atkritumu-konteineris-660-l-ir-melns","status":"publish","type":"product","link":"https:\/\/eco-market24.com\/lv\/products\/atkritumu-konteineris-660-l-ir-melns\/","title":{"rendered":"Atkritumu konteineris 660 l ir melns"},"content":{"rendered":"<p>Atkritumu komun\u0101lais konteiners 660 L &#8211; \u0161\u0137iro\u0161ana ir pamatnosac\u012bjums<br \/>\nAtkritumu komun\u0101lais konteiners ESE 660 L ir paredz\u0113ts selekt\u012bvai atkritumu v\u0101k\u0161anai. Tas atvieglo pareizu atkritumu \u0161\u0137iro\u0161anu saska\u0146\u0101 ar sp\u0113k\u0101 eso\u0161aj\u0101m ES vadl\u012bnij\u0101m un ir piem\u0113rots dz\u012bvojam\u0101m teritorij\u0101m un uz\u0146\u0113mumu telp\u0101m. \u0160is konteiners ir lielisks risin\u0101jums pa\u0161vald\u012bb\u0101m un pils\u0113t\u0101m, kas r\u016bp\u0113jas par sava re\u0123iona izskatu un v\u0113las atbalst\u012bt vides aizsardz\u012bbu.<\/p>\n<p>Sertifik\u0101ti un atbilst\u012bba<\/p>\n<p>  RAL-GZ 951\/1 kvalit\u0101tes sertifik\u0101ts<br \/>\n  Sertifik\u0101ts no Valsts sabiedr\u012bbas vesel\u012bbas instit\u016bta (PZH)<br \/>\n  Atbilst Eiropas standartam EN 840<br \/>\n  Sader\u012bgs ar priek\u0161\u0113jas, s\u0101nu un aizmugures izkrau\u0161anas atkritumu ma\u0161\u012bn\u0101m, izmantojot s\u0101nu tapu vai priek\u0161\u0113jo \u0137emmes sliedi<\/p>\n<p>Konteiners 660 L &#8211; iztur\u012bba<br \/>\n660 L konteiners selekt\u012bvai atkritumu v\u0101k\u0161anai ir kompakts un cietas konstrukcijas. Tas ir izgatavots no materi\u0101liem, kas iztur sk\u0101bes, UV starojumu un citas kait\u012bgas laika apst\u0101k\u013cu ietekmes, piem\u0113rots sl\u0113gt\u0101m atkritumu telp\u0101m un da\u013c\u0113ji atkl\u0101tiem nojumes veidiem.<\/p>\n<p>  Pastiprin\u0101ta korpusa konstrukcija ar uzsvaru uz priek\u0161\u0113j\u0101m un aizmugur\u0113j\u0101m mal\u0101m<br \/>\n  \u0136emmes sliede sagatavota saska\u0146\u0101 ar DIN standartu<br \/>\n  \u0160\u016bnveida stiprino\u0161\u0101s ribas<br \/>\n  Datoriz\u0113ti izstr\u0101d\u0101ts dibens un augstas slodzes deta\u013cas izcilai iztur\u012bbai<br \/>\n  S\u0101nu flangs dro\u0161ai aizv\u0113r\u0161anai un stabilai nostiprin\u0101\u0161anai pat nel\u012bdzen\u0101 zem\u0113<\/p>\n<p>Atkritumu konteiners 660 L &#8211; \u0113rtums lieto\u0161an\u0101<br \/>\n660 L komun\u0101lais atkritumu konteiners ir \u0113rts darbiniekiem un iedz\u012bvot\u0101jiem:<\/p>\n<p>  \u010cetras ergonomiskas rokturi \u0113rtai p\u0101rvieto\u0161anai<br \/>\n  Herm\u0113tiski nosl\u0113dzams v\u0101ks ar pastiprin\u0101tiem e\u0146\u0123es tap\u0101m, lai mazin\u0101tu smakas<br \/>\n  \u010cetri iztur\u012bgi, klusi 200 mm rite\u0146i; divi priek\u0161\u0113jie rite\u0146i apr\u012bkoti ar bremz\u0113m<br \/>\n  Cinkota piekare ilg\u0101kai ekspluat\u0101cijai<br \/>\n  Gluda \u0101r\u0113j\u0101 virsma vieglai kop\u0161anai un centr\u0101la dren\u0101\u017eas atvere, lai atvieglotu iek\u0161\u0113jo t\u012br\u012b\u0161anu<\/p>\n<p>P\u0101rstr\u0101des konteineri \u2014 pieejam\u0101s kr\u0101sas<br \/>\nESE 660 L pieejams se\u0161os RAL to\u0146os \u0161\u0137iro\u0161anai:<\/p>\n<p>  Zils \u2013 pap\u012brs<br \/>\n  Dzeltens \u2013 met\u0101ls un plastmasa<br \/>\n  Za\u013c\u0161 \u2013 stikls<br \/>\n  Br\u016bns \u2013 bioatkritumi<br \/>\n  Sarkans \u2013 b\u012bstamie atkritumi<br \/>\n  Melns \u2013 jauktie atkritumi<\/p>\n<p>Svar\u012bga inform\u0101cija<\/p>\n<p>  Iztur\u012bga, datoriz\u0113ti izstr\u0101d\u0101ta konstrukcija<br \/>\n  Materi\u0101ls iztur\u012bgs pret sk\u0101b\u0113m, salu un UV starojumu<br \/>\n  RAL-GZ 951\/1 sertific\u0113ts<br \/>\n  Atbilst PN EN 840<br \/>\n  Sertifik\u0101ts no Valsts sabiedr\u012bbas vesel\u012bbas instit\u016bta (PZH)<br \/>\n  V\u0101ka saspie\u0161anas meh\u0101nisms<br \/>\n  Bremzes priek\u0161\u0113j\u0101m riep\u0101m stabilit\u0101tei uz nel\u012bdzena reljefa<br \/>\n  Viegli t\u012br\u0101ms<br \/>\n  Paredz\u0113ts selekt\u012bvai atkritumu v\u0101k\u0161anai<\/p>\n","protected":false},"excerpt":{"rendered":"<p>ESE 660 l komun\u0101lais atkritumu konteineris \u2014 paredz\u0113ts selekt\u012bvai atkritumu v\u0101k\u0161anai, lai nodro\u0161in\u0101tu pareizu \u0161\u0137iro\u0161anu saska\u0146\u0101 ar ES vadl\u012bnij\u0101m; ide\u0101li piem\u0113rots dz\u012bvojamo m\u0101ju teritorij\u0101m un uz\u0146\u0113mumu telp\u0101m.<\/p>\n","protected":false},"featured_media":2056,"comment_status":"open","ping_status":"closed","template":"","meta":[],"product_brand":[],"product_cat":[130],"product_tag":[],"class_list":{"0":"post-1285","1":"product","2":"type-product","3":"status-publish","4":"has-post-thumbnail","6":"product_cat-atkritumu-konteineri","8":"first","9":"instock","10":"taxable","11":"shipping-taxable","12":"purchasable","13":"product-type-simple"},"_links":{"self":[{"href":"https:\/\/eco-market24.com\/lv\/wp-json\/wp\/v2\/product\/1285","targetHints":{"allow":["GET"]}}],"collection":[{"href":"https:\/\/eco-market24.com\/lv\/wp-json\/wp\/v2\/product"}],"about":[{"href":"https:\/\/eco-market24.com\/lv\/wp-json\/wp\/v2\/types\/product"}],"replies":[{"embeddable":true,"href":"https:\/\/eco-market24.com\/lv\/wp-json\/wp\/v2\/comments?post=1285"}],"wp:featuredmedia":[{"embeddable":true,"href":"https:\/\/eco-market24.com\/lv\/wp-json\/wp\/v2\/media\/2056"}],"wp:attachment":[{"href":"https:\/\/eco-market24.com\/lv\/wp-json\/wp\/v2\/media?parent=1285"}],"wp:term":[{"taxonomy":"product_brand","embeddable":true,"href":"https:\/\/eco-market24.com\/lv\/wp-json\/wp\/v2\/product_brand?post=1285"},{"taxonomy":"product_cat","embeddable":true,"href":"https:\/\/eco-market24.com\/lv\/wp-json\/wp\/v2\/product_cat?post=1285"},{"taxonomy":"product_tag","embeddable":true,"href":"https:\/\/eco-market24.com\/lv\/wp-json\/wp\/v2\/product_tag?post=1285"}],"curies":[{"name":"wp","href":"https:\/\/api.w.org\/{rel}","templated":true}]}}