{"id":1291,"date":"2025-09-29T16:22:12","date_gmt":"2025-09-29T14:22:12","guid":{"rendered":"https:\/\/eco-market24.com\/product\/360-l-atkritumu-konteiners-dzeltens\/"},"modified":"2025-09-29T19:59:23","modified_gmt":"2025-09-29T17:59:23","slug":"360-l-atkritumu-konteiners-dzeltens","status":"publish","type":"product","link":"https:\/\/eco-market24.com\/lv\/products\/360-l-atkritumu-konteiners-dzeltens\/","title":{"rendered":"360 L atkritumu konteiners, dzeltens"},"content":{"rendered":"<p>Dzeltenais p\u0101rstr\u0101des konteiners 360 l \u2013 ide\u0101li piem\u0113rots j\u016bsu uz\u0146\u0113mumam<\/p>\n<p>ESE 360 l dzeltenais atkritumu konteiners ir funkcion\u0101ls risin\u0101jums, kas atbalsta otrreiz\u0113jo izejvielu selekt\u012bvu sav\u0101k\u0161anu. Pateicoties konstrukcijai, tas ir piem\u0113rots uz\u0146\u0113mumiem, dz\u012bvojamajiem kvart\u0101liem un m\u0101jsaimniec\u012bb\u0101m. Dzeltenais 360 l p\u0101rstr\u0101des konteiners ir paredz\u0113ts met\u0101la un plastmasas sav\u0101k\u0161anai, un t\u0101 spilgtais kr\u0101sojums atvieglo pareiz\u0101s frakcijas \u0101tru atpaz\u012b\u0161anu. Kompakt\u0101 konstrukcija un ergonomiskie risin\u0101jumi padara 360 l dzelteno atkritumu tvertni ide\u0101li piem\u0113rotu viet\u0101m ar ierobe\u017eotu vietu. ESE z\u012bmola konteineri, nov\u0113rt\u0113ti vis\u0101 Eirop\u0101, apvieno est\u0113tiku un uzticam\u012bbu. 360 l plastmasas p\u0101rstr\u0101des konteiners piln\u012bb\u0101 atbilst Eiropas standartam PN-EN 840 un sa\u0146\u0113mis presti\u017eo RAL kvalit\u0101tes sertifik\u0101tu. Tas ir videi draudz\u012bgs un dro\u0161s produkts, ko apstiprina Nacion\u0101l\u0101 sabiedr\u012bbas vesel\u012bbas instit\u016bta sertifik\u0101ts. Turkl\u0101t dzeltenais plastmasas p\u0101rstr\u0101des konteiners ir sader\u012bgs ar s\u0101nu iekrau\u0161anas sist\u0113m\u0101m, padarot to par univers\u0101lu risin\u0101jumu m\u016bsdienu atkritumu p\u0101rvald\u012bbas sist\u0113m\u0101m.<\/p>\n<p>Iztur\u012bgs 360 l plastmasas p\u0101rstr\u0101des konteiners<\/p>\n<p>360 l dzeltenais p\u0101rstr\u0101des konteiners ir piem\u0113rots gan iek\u0161telp\u0101m, gan \u0101rtelp\u0101m. Izgatavots no iztur\u012bgas HDPE plastmasas, tas ir \u013coti iztur\u012bgs pret laikapst\u0101k\u013cu ietekmi, piem\u0113ram, UV starojumu, lietu, sniegu un zem\u0101m temperat\u016br\u0101m. T\u0101 stingr\u0101 konstrukcija nodro\u0161ina ilgtsp\u0113j\u012bgu lieto\u0161anu, un maksim\u0101l\u0101 kravas ietilp\u012bba 160 kg garant\u0113 uzticam\u012bbu pat intens\u012bvas lieto\u0161anas gad\u012bjum\u0101. Konteiners ir pastiprin\u0101ts ar vertik\u0101l\u0101m spieduma l\u012bnij\u0101m priek\u0161\u0113j\u0101 un aizmugur\u0113j\u0101 sien\u0101, k\u0101 ar\u012b medus\u0161aunas formas ribu pastiprin\u0101jumi palielina t\u0101 iztur\u012bbu pret meh\u0101nisku boj\u0101jumu. \u0136emmes stiprin\u0101jums atbilsto\u0161i DIN standartam nodro\u0161ina sader\u012bbu ar iekrau\u0161anas sist\u0113m\u0101m un papildus nostiprina konstrukciju.<\/p>\n<p>Ergonomisks dizains<\/p>\n<p>360 l dzeltenais plastmasas p\u0101rstr\u0101des konteiners ir izstr\u0101d\u0101ts lietot\u0101ja \u0113rt\u012bbai. Divi lieli rite\u0146i atvieglo konteinera p\u0101rvieto\u0161anu un noliek\u0161anu transport\u0113\u0161anas laik\u0101. Speci\u0101ls k\u0101jas balsts pal\u012bdz p\u0101rvar\u0113t \u0161\u0137\u0113r\u0161\u013cus, piem\u0113ram, apmales, nodro\u0161inot lietot\u0101jam \u0113rtumu. Glud\u0101 iek\u0161\u0113j\u0101 virsma padara konteinera iztuk\u0161o\u0161anu un uztur\u0113\u0161anu t\u012bru vieglu. Dizains samazina net\u012brumu un nepat\u012bkamu smaku uzkr\u0101\u0161anos, veicinot higi\u0113nisku lieto\u0161anu.<\/p>\n<p>Citas kr\u0101sas \u2014 atkritumu \u0161\u0137iro\u0161ana<\/p>\n<p>Atkritumu \u0161\u0137iro\u0161ana \u013cauj efekt\u012bvi p\u0101rvald\u012bt atkritumus un samazin\u0101t izve\u0161anas izmaksas. 360 l dzeltenais atkritumu konteiners ir paredz\u0113ts met\u0101liem un plastmas\u0101m, kam\u0113r citas frakcijas pieejamas cit\u0101s kr\u0101s\u0101s: za\u013ca \u2013 stikls, zila \u2013 pap\u012brs, br\u016bna \u2013 bioatkritumi, graf\u012bta \u2013 jauktie atkritumi.<\/p>\n<p>360 l dzeltenais plastmasas p\u0101rstr\u0101des konteiners \u2014 galven\u0101 inform\u0101cija<\/p>\n<p>  Efekt\u012bva \u0161\u0137iro\u0161ana: pieejams dzelten\u0101 kr\u0101s\u0101 (frakcija &#8220;met\u0101li un plastmasa&#8221;)<br \/>\n  Augsta iztur\u012bba: HDPE materi\u0101ls, ribu pastiprin\u0101jumi, \u0137emmes stiprin\u0101jums<br \/>\n  Augsta kvalit\u0101te: PN-EN 840 standarts, RAL sertifik\u0101ts<br \/>\n  \u0112rta transport\u0113\u0161ana: 2 rite\u0146i, stiprin\u0101jums, k\u0101jas balsts<br \/>\n  Videi draudz\u012bgs: Nacion\u0101l\u0101 sabiedr\u012bbas vesel\u012bbas instit\u016bta sertifik\u0101ts<br \/>\n  Viegls t\u012br\u012b\u0161ana: gluda iek\u0161\u0113j\u0101 virsma<\/p>\n","protected":false},"excerpt":{"rendered":"<p>Dzeltenais 360 l p\u0101rstr\u0101des konteiners \u2014 iztur\u012bgs, praktisks risin\u0101jums p\u0101rstr\u0101d\u0101jamo materi\u0101lu selekt\u012bvai sav\u0101k\u0161anai; ide\u0101li piem\u0113rots uz\u0146\u0113mumiem, dz\u012bvojamo namu kompleksiem un m\u0101jsaimniec\u012bb\u0101m.<\/p>\n","protected":false},"featured_media":1702,"comment_status":"open","ping_status":"closed","template":"","meta":[],"product_brand":[],"product_cat":[130],"product_tag":[],"class_list":{"0":"post-1291","1":"product","2":"type-product","3":"status-publish","4":"has-post-thumbnail","6":"product_cat-atkritumu-konteineri","8":"first","9":"instock","10":"taxable","11":"shipping-taxable","12":"purchasable","13":"product-type-simple"},"_links":{"self":[{"href":"https:\/\/eco-market24.com\/lv\/wp-json\/wp\/v2\/product\/1291","targetHints":{"allow":["GET"]}}],"collection":[{"href":"https:\/\/eco-market24.com\/lv\/wp-json\/wp\/v2\/product"}],"about":[{"href":"https:\/\/eco-market24.com\/lv\/wp-json\/wp\/v2\/types\/product"}],"replies":[{"embeddable":true,"href":"https:\/\/eco-market24.com\/lv\/wp-json\/wp\/v2\/comments?post=1291"}],"wp:featuredmedia":[{"embeddable":true,"href":"https:\/\/eco-market24.com\/lv\/wp-json\/wp\/v2\/media\/1702"}],"wp:attachment":[{"href":"https:\/\/eco-market24.com\/lv\/wp-json\/wp\/v2\/media?parent=1291"}],"wp:term":[{"taxonomy":"product_brand","embeddable":true,"href":"https:\/\/eco-market24.com\/lv\/wp-json\/wp\/v2\/product_brand?post=1291"},{"taxonomy":"product_cat","embeddable":true,"href":"https:\/\/eco-market24.com\/lv\/wp-json\/wp\/v2\/product_cat?post=1291"},{"taxonomy":"product_tag","embeddable":true,"href":"https:\/\/eco-market24.com\/lv\/wp-json\/wp\/v2\/product_tag?post=1291"}],"curies":[{"name":"wp","href":"https:\/\/api.w.org\/{rel}","templated":true}]}}