{"id":1303,"date":"2025-09-29T16:22:10","date_gmt":"2025-09-29T14:22:10","guid":{"rendered":"https:\/\/eco-market24.com\/product\/atkritumu-konteiners-360-l-zals\/"},"modified":"2025-09-29T19:59:26","modified_gmt":"2025-09-29T17:59:26","slug":"atkritumu-konteiners-360-l-zals","status":"publish","type":"product","link":"https:\/\/eco-market24.com\/lv\/products\/atkritumu-konteiners-360-l-zals\/","title":{"rendered":"Atkritumu konteiners 360 l za\u013c\u0161"},"content":{"rendered":"<p>P\u0101rstr\u0101des konteineris stiklam 360 L \u2013 ide\u0101la izv\u0113le j\u016bsu uz\u0146\u0113mumam<\/p>\n<p>P\u0101rskats<br \/>\n360 L ESE za\u013cais atkritumu konteiners ir praktisks risin\u0101jums, kas atbalsta \u0161\u0137iroto sav\u0101k\u0161anu p\u0101rstr\u0101d\u0101jamiem materi\u0101liem. T\u0101 dizains un izteiksm\u012bg\u0101 kr\u0101sa padara to ide\u0101li piem\u0113rotu stikla v\u0101k\u0161anai. Liels 360 L atkritumu tvertne ir izstr\u0101d\u0101ta izmanto\u0161anai uz\u0146\u0113mumos, dz\u012bvojam\u0101s apkaim\u0113s un priv\u0101tm\u0101j\u0101s. Pateicoties robustajai konstrukcijai un kompaktajiem izm\u0113riem, stikla p\u0101rstr\u0101des konteiners labi darbojas viet\u0101s, kur vietas ir ierobe\u017eotas.<\/p>\n<p>Kvalit\u0101te un sertifik\u0101ti<br \/>\nZ\u012bmols ESE, kas ir cien\u012bts vis\u0101 Eirop\u0101, ir paz\u012bstams ar savu produktu augsto kvalit\u0101ti un iztur\u012bbu. 360 L za\u013cais atkritumu konteiners atbilst Eiropas standartam PN-EN 840 un ir apr\u012bkots ar RAL kvalit\u0101tes sertifik\u0101tu. Tas ir videi draudz\u012bgs produkts, par ko liecina nacion\u0101l\u0101s sanit\u0101r\u0101s inspekcijas sertifik\u0101ts. Za\u013cais p\u0101rstr\u0101des konteiners ir piel\u0101gots s\u0101n\u0113j\u0101s iekrau\u0161anas sist\u0113mu sader\u012bbai, padarot to par univers\u0101lu r\u012bku m\u016bsdienu atkritumu apsaimnieko\u0161anas sist\u0113m\u0101s.<\/p>\n<p>Iztur\u012bba<br \/>\n\u0160is stikla p\u0101rstr\u0101des konteiners ir piem\u0113rots gan iek\u0161telp\u0101m, gan \u0101ra lieto\u0161anai. Izgatavots no iztur\u012bga HDPE, tas iztur da\u017e\u0101dus laika apst\u0101k\u013cus, tostarp UV starojumu, lietu, sniegu un salu. Cieta konstrukcija nodro\u0161ina ilgu kalpo\u0161anas laiku, un maksim\u0101l\u0101 slodzes jauda 160 kg padara lielo 360 L atkritumu tvertni uzticamu ikdienas lieto\u0161an\u0101.<br \/>\n360 L atkritumu konteiners ir papildus pastiprin\u0101ts ar vertik\u0101l\u0101m rib\u0101m priek\u0161\u0113jos un aizmugur\u0113jos pane\u013cos. \u0160\u016bnu tipa ribu strukt\u016bra nodro\u0161ina papildu iztur\u012bbu, aizsarg\u0101jot konteineru no meh\u0101niskiem boj\u0101jumiem. Standarta \u0137emmes stiprin\u0101jums, kas sader\u012bgs ar DIN, \u013cauj viegli manipul\u0113t un nodro\u0161ina sader\u012bbu ar da\u017e\u0101d\u0101m atkritumu sav\u0101k\u0161anas sist\u0113m\u0101m.<\/p>\n<p>Funkcionalit\u0101te<br \/>\nZa\u013cais stikla p\u0101rstr\u0101des konteiners ir izstr\u0101d\u0101ts lietot\u0101ja \u0113rt\u012bb\u0101m. Apr\u012bkots ar div\u0101m liel\u0101m riep\u0101m, to ir viegli p\u0101rvietot un uzsl\u012bdin\u0101t transport\u0113\u0161anas laik\u0101. Speci\u0101ls k\u0101ju balsts pal\u012bdz p\u0101rvar\u0113t \u0161\u0137\u0113r\u0161\u013cus, piem\u0113ram, apmales, nodro\u0161inot \u0113rtumu un aizsarg\u0101jot lietot\u0101ja muguru. Lielajam 360 L atkritumu tvertnei ir gluda iek\u0161\u0113j\u0101 virsma, kas atvieglo iztuk\u0161o\u0161anu un t\u012br\u012b\u0161anu. Tas pal\u012bdz uztur\u0113t higi\u0113nu un samazina nepat\u012bkamu smaku ra\u0161anos lieto\u0161anas laik\u0101.<\/p>\n<p>Pieejam\u0101s kr\u0101sas<br \/>\nEfekt\u012bva atkritumu \u0161\u0137iro\u0161ana ir m\u016bsdienu atkritumu apsaimnieko\u0161anas galvenais elements. 360 L za\u013cais atkritumu konteiners, kas paredz\u0113ts stiklam, ir viena no iesp\u0113j\u0101m. Pieejamas ar\u012b citas kr\u0101su vari\u0101cijas da\u017e\u0101d\u0101m frakcij\u0101m:<\/p>\n<p>  Zils \u2013 pap\u012brs<br \/>\n  Dzeltens \u2013 met\u0101li un plastmasa<br \/>\n  Br\u016bns \u2013 biolo\u0123iskie atkritumi<br \/>\n  Graf\u012bts \u2013 jauktie atkritumi<\/p>\n<p>Svar\u012bg\u0101k\u0101 inform\u0101cija<\/p>\n<p>  M\u0113r\u0137is: paredz\u0113ts stiklam (za\u013ca kr\u0101sa)<br \/>\n  Iztur\u012bba: HDPE konstrukcija, ribotas pastiprin\u0101\u0161anas, \u0137emmes stiprin\u0101jums<br \/>\n  Standarti: PN-EN 840, RAL sertifik\u0101ts<br \/>\n  Transports: 2 rite\u0146i, \u0137emmes stiprin\u0101jums, k\u0101ju balsts<br \/>\n  Ekolo\u0123ija: nacion\u0101l\u0101s sanit\u0101r\u0101s inspekcijas sertifik\u0101ts<br \/>\n  Uztur\u0113\u0161ana: gluda iek\u0161\u0113j\u0101 virsma \u0113rtai t\u012br\u012b\u0161anai<\/p>\n","protected":false},"excerpt":{"rendered":"<p>P\u0101rstr\u0101dei paredz\u0113ts stikla konteiners 360 L \u2013 ide\u0101la izv\u0113le j\u016bsu uz\u0146\u0113mumam. \u0160is za\u013cais 360 L atkritumu konteiners ir praktisks risin\u0101jums stikla selekt\u012bvai v\u0101k\u0161anai, ar dizainu un izteiktu kr\u0101su, kas piel\u0101gota efekt\u012bvai stikla p\u0101rstr\u0101dei.<\/p>\n","protected":false},"featured_media":1662,"comment_status":"open","ping_status":"closed","template":"","meta":[],"product_brand":[],"product_cat":[130],"product_tag":[],"class_list":{"0":"post-1303","1":"product","2":"type-product","3":"status-publish","4":"has-post-thumbnail","6":"product_cat-atkritumu-konteineri","8":"first","9":"instock","10":"taxable","11":"shipping-taxable","12":"purchasable","13":"product-type-simple"},"_links":{"self":[{"href":"https:\/\/eco-market24.com\/lv\/wp-json\/wp\/v2\/product\/1303","targetHints":{"allow":["GET"]}}],"collection":[{"href":"https:\/\/eco-market24.com\/lv\/wp-json\/wp\/v2\/product"}],"about":[{"href":"https:\/\/eco-market24.com\/lv\/wp-json\/wp\/v2\/types\/product"}],"replies":[{"embeddable":true,"href":"https:\/\/eco-market24.com\/lv\/wp-json\/wp\/v2\/comments?post=1303"}],"wp:featuredmedia":[{"embeddable":true,"href":"https:\/\/eco-market24.com\/lv\/wp-json\/wp\/v2\/media\/1662"}],"wp:attachment":[{"href":"https:\/\/eco-market24.com\/lv\/wp-json\/wp\/v2\/media?parent=1303"}],"wp:term":[{"taxonomy":"product_brand","embeddable":true,"href":"https:\/\/eco-market24.com\/lv\/wp-json\/wp\/v2\/product_brand?post=1303"},{"taxonomy":"product_cat","embeddable":true,"href":"https:\/\/eco-market24.com\/lv\/wp-json\/wp\/v2\/product_cat?post=1303"},{"taxonomy":"product_tag","embeddable":true,"href":"https:\/\/eco-market24.com\/lv\/wp-json\/wp\/v2\/product_tag?post=1303"}],"curies":[{"name":"wp","href":"https:\/\/api.w.org\/{rel}","templated":true}]}}